{"id":57314,"date":"2024-07-04T14:49:43","date_gmt":"2024-07-04T14:49:43","guid":{"rendered":"https:\/\/donaulife-new.ogrisdigital.at\/heisenberg-vorkuehler-riddle-med-showerhead-percolator-188188-mm\/"},"modified":"2024-07-04T14:49:43","modified_gmt":"2024-07-04T14:49:43","slug":"heisenberg-vorkuehler-riddle-med-showerhead-percolator-188188-mm","status":"publish","type":"product","link":"https:\/\/donaulife-new.ogrisdigital.at\/da\/heisenberg-vorkuehler-riddle-med-showerhead-percolator-188188-mm\/","title":{"rendered":"HEISENBERG Vork\u00fchler \u2018Riddle\u2019 med Showerhead-percolator | 18,8>18,8 mm"},"content":{"rendered":"<h2>Heisenberg HNBG Riddle Vork\u00fchler med integreret Showerhead Percolator<\/h2>\n<p>HNBG Riddle for-k\u00f8leren til glasbonger har en slibest\u00f8rrelse p\u00e5 18,8>18,8. Forbindelsesdelen til Bong Bowls er kvindelig (Muffe), forbindelsen til Bong er mandlig (Kern). Den mandlige forbindelsesstykke er vinklet nedad og er derfor velegnet til bong, der har en vinkel p\u00e5 ca. 40-45 grader i den laterale forbindelsesomr\u00e5de.<\/p>\n<p>Den \u00e5bne sl\u00f8jfe forbindelse og det kompakte design af vandkammeret g\u00f8r percolatoren egnet til en bred vifte af forskellige krus og standard bongs. K\u00f8ler og filtrerer r\u00f8gen p\u00e5lideligt &#8211; showerhead-percolatoren.<\/p>\n<p>HNBG Riddle for-k\u00f8leren er udstyret med en showerhead-percolator. Den koniske showerhead-percolator er den udvidede struktur inden i vandkammeret. Den nederste del af percolatoren har sm\u00e5 revner langs den ydre kant. R\u00f8gen tr\u00e6kkes gennem revnerne og opdeles under ind\u00e5nding. Dette sikrer en j\u00e6vn og kraftig hvirvel inden i kammeret, s\u00e5 de f\u00f8rste askekorn og skadelige stoffer fanges tidligt og aromaen under rygning kan udfolde sig fuldst\u00e6ndigt. Tr\u00e6kket er behageligt og virker ikke anstrengende under ind\u00e5nding.<\/p>\n","protected":false},"excerpt":{"rendered":"<p>Heisenberg HNBG Riddle Vork\u00fchler med integreret Showerhead Percolator HNBG Riddle for-k\u00f8leren til glasbonger har en slibest\u00f8rrelse p\u00e5 18,8>18,8. Forbindelsesdelen til<\/p>\n","protected":false},"featured_media":48878,"comment_status":"open","ping_status":"closed","template":"","meta":{"_acf_changed":false},"product_cat":[],"product_tag":[],"acf":[],"_links":{"self":[{"href":"https:\/\/donaulife-new.ogrisdigital.at\/da\/wp-json\/wp\/v2\/product\/57314"}],"collection":[{"href":"https:\/\/donaulife-new.ogrisdigital.at\/da\/wp-json\/wp\/v2\/product"}],"about":[{"href":"https:\/\/donaulife-new.ogrisdigital.at\/da\/wp-json\/wp\/v2\/types\/product"}],"replies":[{"embeddable":true,"href":"https:\/\/donaulife-new.ogrisdigital.at\/da\/wp-json\/wp\/v2\/comments?post=57314"}],"wp:featuredmedia":[{"embeddable":true,"href":"https:\/\/donaulife-new.ogrisdigital.at\/da\/wp-json\/wp\/v2\/media\/48878"}],"wp:attachment":[{"href":"https:\/\/donaulife-new.ogrisdigital.at\/da\/wp-json\/wp\/v2\/media?parent=57314"}],"wp:term":[{"taxonomy":"product_cat","embeddable":true,"href":"https:\/\/donaulife-new.ogrisdigital.at\/da\/wp-json\/wp\/v2\/product_cat?post=57314"},{"taxonomy":"product_tag","embeddable":true,"href":"https:\/\/donaulife-new.ogrisdigital.at\/da\/wp-json\/wp\/v2\/product_tag?post=57314"}],"curies":[{"name":"wp","href":"https:\/\/api.w.org\/{rel}","templated":true}]}}