{"id":57309,"date":"2024-07-04T14:40:01","date_gmt":"2024-07-04T14:40:01","guid":{"rendered":"https:\/\/donaulife-new.ogrisdigital.at\/elements-cones-ks-40-stykker\/"},"modified":"2024-07-04T14:40:01","modified_gmt":"2024-07-04T14:40:01","slug":"elements-cones-ks-40-stykker","status":"publish","type":"product","link":"https:\/\/donaulife-new.ogrisdigital.at\/da\/elements-cones-ks-40-stykker\/","title":{"rendered":"ELEMENTS Cones KS | 40 Stykker"},"content":{"rendered":"<h2>Elements Kingsize Cones 40 Stykker<\/h2>\n<div><\/div>\n<div>Elements Rullepapirer er skabt i harmoni med naturen. De originale Elements er lavet af blegemiddel papir og br\u00e6nder n\u00e6sten helt uden rester. Her i pakken finder du 40 stykker af de fineste og tyndeste Cones lavet af rispapir.<\/div>\n<div>\n<p>\u00a0<\/p>\n<\/div>\n<div class=\"std\">[row ][col span=&#8221;1\/4&#8243; ]<br \/>\n<img decoding=\"async\" class=\"alignnone size-full wp-image-20681\" style=\"color: #333333; font-size: 14.4px;\" src=\"https:\/\/www.donaulife.com\/wp-content\/uploads\/2020\/03\/icon_home_col1.png\" alt=\"\" width=\"185\" height=\"130\" \/>Elements Rullepapirer er lavet af naturlige materialer. De br\u00e6nder n\u00e6sten uden affald, undtagen den naturlige sukker, der forvandler sig til karamel under forbr\u00e6nding. Resultatet? Det bedste rullepapir, mennesket nogensinde har set.[\/col]<br \/>\n[col span=&#8221;1\/4&#8243; ]<br \/>\n<img decoding=\"async\" class=\"alignnone size-full wp-image-20683\" style=\"font-size: 14.4px;\" src=\"https:\/\/www.donaulife.com\/wp-content\/uploads\/2020\/03\/icon_home_col3.png\" alt=\"\" width=\"185\" height=\"130\" \/>Elements Rullepapirer inkluderer ogs\u00e5 elementet vind. Produktionen af disse smukke papirer finder sted i en lille region i Spanien ved navn Alcoy, beliggende i bjergene nord for Alicante, Spanien. Alcoy er kendt som f\u00f8destedet for rullepapirer (ca. omkring 1700).<\/col>\n<p>[col span=&#8221;1\/4&#8243; ]<br \/>\n<img decoding=\"async\" class=\"alignnone size-full wp-image-20682\" src=\"https:\/\/www.donaulife.com\/wp-content\/uploads\/2020\/03\/icon_home_col2.png\" alt=\"\" width=\"185\" height=\"130\" \/>Hver ark er trykt med virksomhedens eget vandm\u00e6rke, som krydser og krydser. Dette vandm\u00e6rke muligg\u00f8r en glat og j\u00e6vn afbr\u00e6nding. Holder du et ark Elements Rullepapirer op mod lyset, vil du se det smukke vandm\u00e6rke trykt i hvert ark.<\/col>\n<p>[col span=&#8221;1\/4&#8243; ]<br \/>\n<img loading=\"lazy\" decoding=\"async\" class=\"alignnone size-full wp-image-20684\" src=\"https:\/\/www.donaulife.com\/wp-content\/uploads\/2020\/03\/icon_home_col4.png\" alt=\"\" width=\"185\" height=\"130\" \/>Elements Rullepapirer er designet til ilden, og desv\u00e6rre br\u00e6nder de n\u00e6sten perfekt med ingen aske. Papirerne er designet til at br\u00e6nde utrolig rent og ikke \u00e6ndre smagen af din r\u00f8g.<\/col>\n<p><\/row><\/div>\n","protected":false},"excerpt":{"rendered":"<p>Elements Kingsize Cones 40 Stykker Elements Rullepapirer er skabt i harmoni med naturen. De originale Elements er lavet af blegemiddel<\/p>\n","protected":false},"featured_media":43403,"comment_status":"open","ping_status":"closed","template":"","meta":{"_acf_changed":false},"product_cat":[],"product_tag":[],"acf":[],"_links":{"self":[{"href":"https:\/\/donaulife-new.ogrisdigital.at\/da\/wp-json\/wp\/v2\/product\/57309"}],"collection":[{"href":"https:\/\/donaulife-new.ogrisdigital.at\/da\/wp-json\/wp\/v2\/product"}],"about":[{"href":"https:\/\/donaulife-new.ogrisdigital.at\/da\/wp-json\/wp\/v2\/types\/product"}],"replies":[{"embeddable":true,"href":"https:\/\/donaulife-new.ogrisdigital.at\/da\/wp-json\/wp\/v2\/comments?post=57309"}],"wp:featuredmedia":[{"embeddable":true,"href":"https:\/\/donaulife-new.ogrisdigital.at\/da\/wp-json\/wp\/v2\/media\/43403"}],"wp:attachment":[{"href":"https:\/\/donaulife-new.ogrisdigital.at\/da\/wp-json\/wp\/v2\/media?parent=57309"}],"wp:term":[{"taxonomy":"product_cat","embeddable":true,"href":"https:\/\/donaulife-new.ogrisdigital.at\/da\/wp-json\/wp\/v2\/product_cat?post=57309"},{"taxonomy":"product_tag","embeddable":true,"href":"https:\/\/donaulife-new.ogrisdigital.at\/da\/wp-json\/wp\/v2\/product_tag?post=57309"}],"curies":[{"name":"wp","href":"https:\/\/api.w.org\/{rel}","templated":true}]}}