{"id":57305,"date":"2024-07-04T13:37:56","date_gmt":"2024-07-04T13:37:56","guid":{"rendered":"https:\/\/donaulife-new.ogrisdigital.at\/raw-oekologisk-hamp-1-1-4-papir-tips-50-ark\/"},"modified":"2024-07-04T13:37:56","modified_gmt":"2024-07-04T13:37:56","slug":"raw-oekologisk-hamp-1-1-4-papir-tips-50-ark","status":"publish","type":"product","link":"https:\/\/donaulife-new.ogrisdigital.at\/da\/raw-oekologisk-hamp-1-1-4-papir-tips-50-ark\/","title":{"rendered":"RAW \u00d8kologisk Hamp 1 1\/4 Papir Tips | 50 Ark"},"content":{"rendered":"<h2>RAW 1 1\/4 Hamp Papir med 50 Ark Tips<\/h2>\n<div>RAW \u00d8kologisk Hamp 1 1\/4 er til dem af os, der kan lide naturlige poser. Papirene er 84 mm lange og har en h\u00f8jde p\u00e5 45 mm. RAW \u00d8kologisk Hamp er helt perfekt til at rulle p\u00e6nt og ensartet Joints.<\/div>\n<div><\/div>\n<div>50 Ark pr. Pakke<\/div>\n<div>50 Tips pr. Pakke<\/div>\n<h3>Om RAW:<\/h3>\n<p>RAW &#8211; Den naturlige rulle metode.<\/p>\n<p>Fra dag 1 har RAW haft missionen om at overtage ledelsen inden for papirrulleindustrien. RAW har revolutioneret rygeverdenen ved at skabe produkter, der er naturligt geniale designet for at forbedre rygeoplevelsen.<\/p>\n<p>RAW producerer kun h\u00f8j kvalitets og milj\u00f8venlige produkter, der forbedrer din rygeoplevelse, og vi vil aldrig \u00e6ndre os fra det, vi st\u00e5r for. Vi nyder at ryge vores r\u00e5papir hver dag, og vi vil altid holde det helt rent og &#8220;RAW&#8221; &#8211; for dig og for os!<\/p>\n","protected":false},"excerpt":{"rendered":"<p>RAW 1 1\/4 Hamp Papir med 50 Ark Tips RAW \u00d8kologisk Hamp 1 1\/4 er til dem af os, der<\/p>\n","protected":false},"featured_media":43517,"comment_status":"open","ping_status":"closed","template":"","meta":{"_acf_changed":false},"product_cat":[],"product_tag":[],"acf":[],"_links":{"self":[{"href":"https:\/\/donaulife-new.ogrisdigital.at\/da\/wp-json\/wp\/v2\/product\/57305"}],"collection":[{"href":"https:\/\/donaulife-new.ogrisdigital.at\/da\/wp-json\/wp\/v2\/product"}],"about":[{"href":"https:\/\/donaulife-new.ogrisdigital.at\/da\/wp-json\/wp\/v2\/types\/product"}],"replies":[{"embeddable":true,"href":"https:\/\/donaulife-new.ogrisdigital.at\/da\/wp-json\/wp\/v2\/comments?post=57305"}],"wp:featuredmedia":[{"embeddable":true,"href":"https:\/\/donaulife-new.ogrisdigital.at\/da\/wp-json\/wp\/v2\/media\/43517"}],"wp:attachment":[{"href":"https:\/\/donaulife-new.ogrisdigital.at\/da\/wp-json\/wp\/v2\/media?parent=57305"}],"wp:term":[{"taxonomy":"product_cat","embeddable":true,"href":"https:\/\/donaulife-new.ogrisdigital.at\/da\/wp-json\/wp\/v2\/product_cat?post=57305"},{"taxonomy":"product_tag","embeddable":true,"href":"https:\/\/donaulife-new.ogrisdigital.at\/da\/wp-json\/wp\/v2\/product_tag?post=57305"}],"curies":[{"name":"wp","href":"https:\/\/api.w.org\/{rel}","templated":true}]}}