{"id":57300,"date":"2024-07-03T18:18:33","date_gmt":"2024-07-03T18:18:33","guid":{"rendered":"https:\/\/donaulife-new.ogrisdigital.at\/higher-standards-dot-wipes-1-stk\/"},"modified":"2024-07-03T18:18:33","modified_gmt":"2024-07-03T18:18:33","slug":"higher-standards-dot-wipes-1-stk","status":"publish","type":"product","link":"https:\/\/donaulife-new.ogrisdigital.at\/da\/higher-standards-dot-wipes-1-stk\/","title":{"rendered":"HIGHER STANDARDS Dot Wipes | 1 stk"},"content":{"rendered":"<h2>Higher Standards Dot Wipes 1 stk<\/h2>\n<p>En \u00e6ske med 30 individuelt indpakkede Dot Wipes fra Higher Standards. Disse 70% isopropylalkohol-klude har to forskellige sider. Den prikkede side giver ekstra struktur til at fjerne st\u00e6rke rester, mens den glatte side er beregnet til at polere glas-, metal- og silikondelene af din vaporizer eller bong.<\/p>\n<p>https:\/\/www.youtube.com\/watch?v=rlpIgoQJqhQ<\/p>\n<h3>Om Higher Standards:<\/h3>\n<div>Higher Standards blev grundlagt for at give \u00e6gte kenderne v\u00e6rkt\u00f8jerne til det bedste rygeoplevelse, fra premiumplejeprodukter, der tr\u00e6kker den bedste smag ud af dit materiale, til high-performance glas og eftertragtede limited editions.<\/div>\n<div><\/div>\n<div>Vores kollektion af h\u00e5ndlavet high end glas, f\u00f8rsteklasses pleje- og vedligeholdelsesprodukter og limitere samarbejder blev alle skabt med tanke p\u00e5 den sande finsmagere, der s\u00e6tter smagen f\u00f8rst.<\/div>\n","protected":false},"excerpt":{"rendered":"<p>Higher Standards Dot Wipes 1 stk En \u00e6ske med 30 individuelt indpakkede Dot Wipes fra Higher Standards. Disse 70% isopropylalkohol-klude<\/p>\n","protected":false},"featured_media":29827,"comment_status":"open","ping_status":"closed","template":"","meta":{"_acf_changed":false},"product_cat":[],"product_tag":[],"acf":[],"_links":{"self":[{"href":"https:\/\/donaulife-new.ogrisdigital.at\/da\/wp-json\/wp\/v2\/product\/57300"}],"collection":[{"href":"https:\/\/donaulife-new.ogrisdigital.at\/da\/wp-json\/wp\/v2\/product"}],"about":[{"href":"https:\/\/donaulife-new.ogrisdigital.at\/da\/wp-json\/wp\/v2\/types\/product"}],"replies":[{"embeddable":true,"href":"https:\/\/donaulife-new.ogrisdigital.at\/da\/wp-json\/wp\/v2\/comments?post=57300"}],"wp:featuredmedia":[{"embeddable":true,"href":"https:\/\/donaulife-new.ogrisdigital.at\/da\/wp-json\/wp\/v2\/media\/29827"}],"wp:attachment":[{"href":"https:\/\/donaulife-new.ogrisdigital.at\/da\/wp-json\/wp\/v2\/media?parent=57300"}],"wp:term":[{"taxonomy":"product_cat","embeddable":true,"href":"https:\/\/donaulife-new.ogrisdigital.at\/da\/wp-json\/wp\/v2\/product_cat?post=57300"},{"taxonomy":"product_tag","embeddable":true,"href":"https:\/\/donaulife-new.ogrisdigital.at\/da\/wp-json\/wp\/v2\/product_tag?post=57300"}],"curies":[{"name":"wp","href":"https:\/\/api.w.org\/{rel}","templated":true}]}}