{"id":57295,"date":"2024-07-03T16:51:29","date_gmt":"2024-07-03T16:51:29","guid":{"rendered":"https:\/\/donaulife-new.ogrisdigital.at\/best-buds-glasaskebaeger-oe-85-10-cm\/"},"modified":"2024-07-03T16:51:29","modified_gmt":"2024-07-03T16:51:29","slug":"best-buds-glasaskebaeger-oe-85-10-cm","status":"publish","type":"product","link":"https:\/\/donaulife-new.ogrisdigital.at\/da\/best-buds-glasaskebaeger-oe-85-10-cm\/","title":{"rendered":"BEST BUDS Glasaskeb\u00e6ger | \u00d8 8,5\/10 cm"},"content":{"rendered":"<div>\n<h2>Best Buds Glasaskeb\u00e6ger<\/h2>\n<p><strong>AK-47<\/strong><\/p>\n<p>Dette askeb\u00e6ger viser en vred &#8220;Bud&#8221;, der b\u00e6rer 2 AK47-gev\u00e6rer med ammunition. En k\u00e6mpe r\u00f8gende cigar i munden og i baggrunden ser du gravstenene for sorter som Amnesia Haze og Jack Herer.<\/p>\n<p><img fetchpriority=\"high\" decoding=\"async\" class=\"alignnone size-medium wp-image-53704\" src=\"https:\/\/www.donaulife.com\/wp-content\/uploads\/2024\/01\/wholesale-best-buds-ak47-ashtray-300x300.jpg\" alt=\"\" width=\"300\" height=\"300\" \/><\/p>\n<p><strong>Pineapple Express<\/strong><\/p>\n<p>Denne ananas har en lyser\u00f8d solbrille, rider p\u00e5 en raket ved navn &#8216;PINEAPPLE EXPRESS&#8217;. En fed blunt i h\u00e5nden og absolut en blikfang p\u00e5 bordet.<\/p>\n<p><img decoding=\"async\" class=\"alignnone size-medium wp-image-53705\" src=\"https:\/\/www.donaulife.com\/wp-content\/uploads\/2024\/01\/wholesale-best-buds-pineapple-express-ashtray-300x300.jpg\" alt=\"\" width=\"300\" height=\"300\" \/><\/p>\n<p><strong>Purple Haze<\/strong><\/p>\n<p>Best Buds Purple Haze askeb\u00e6ger viser forskellige design og m\u00f8nstre af svampe og knopper, der slapper af i en diset baggrund.<\/p>\n<p><img decoding=\"async\" class=\"alignnone size-medium wp-image-53703\" style=\"font-size: 14.4px;\" src=\"https:\/\/www.donaulife.com\/wp-content\/uploads\/2024\/01\/wholesale-best-buds-purple-haze-ashtray-300x300.jpg\" alt=\"\" width=\"300\" height=\"300\" \/><\/p>\n<p><strong>Pizza Bud<\/strong><\/p>\n<p>Har den lille Bud allerede munchies igen? I en d\u00f8s ryger han sin Jay og spiser en pizza ved siden af \ud83d\ude42<\/p>\n<p><img loading=\"lazy\" decoding=\"async\" class=\"alignnone size-medium wp-image-53706\" style=\"font-size: 14.4px;\" src=\"https:\/\/www.donaulife.com\/wp-content\/uploads\/2024\/01\/wholesale-best-buds-pizza-ashtray-300x300.jpg\" alt=\"\" width=\"300\" height=\"300\" \/><\/p>\n<\/div>\n<div>Diameter L: 100 mm<\/div>\n<div>Diameter S: 85 mm<\/div>\n<h3>Om Best Buds:<\/h3>\n<p>M\u00e6rket Best Buds kommer fra Holland og henvender sig til en ung og moderne m\u00e5lgruppe. M\u00e6rket har til form\u00e5l at tilbyde seje designs til en overkommelig pris, lige fra rullebakker til grinders og opbevarings- eller forst\u00f8rrelsesglas.<\/p>\n","protected":false},"excerpt":{"rendered":"<p>Best Buds Glasaskeb\u00e6ger AK-47 Dette askeb\u00e6ger viser en vred &#8220;Bud&#8221;, der b\u00e6rer 2 AK47-gev\u00e6rer med ammunition. En k\u00e6mpe r\u00f8gende cigar<\/p>\n","protected":false},"featured_media":44025,"comment_status":"open","ping_status":"closed","template":"","meta":{"_acf_changed":false},"product_cat":[],"product_tag":[],"acf":[],"_links":{"self":[{"href":"https:\/\/donaulife-new.ogrisdigital.at\/da\/wp-json\/wp\/v2\/product\/57295"}],"collection":[{"href":"https:\/\/donaulife-new.ogrisdigital.at\/da\/wp-json\/wp\/v2\/product"}],"about":[{"href":"https:\/\/donaulife-new.ogrisdigital.at\/da\/wp-json\/wp\/v2\/types\/product"}],"replies":[{"embeddable":true,"href":"https:\/\/donaulife-new.ogrisdigital.at\/da\/wp-json\/wp\/v2\/comments?post=57295"}],"wp:featuredmedia":[{"embeddable":true,"href":"https:\/\/donaulife-new.ogrisdigital.at\/da\/wp-json\/wp\/v2\/media\/44025"}],"wp:attachment":[{"href":"https:\/\/donaulife-new.ogrisdigital.at\/da\/wp-json\/wp\/v2\/media?parent=57295"}],"wp:term":[{"taxonomy":"product_cat","embeddable":true,"href":"https:\/\/donaulife-new.ogrisdigital.at\/da\/wp-json\/wp\/v2\/product_cat?post=57295"},{"taxonomy":"product_tag","embeddable":true,"href":"https:\/\/donaulife-new.ogrisdigital.at\/da\/wp-json\/wp\/v2\/product_tag?post=57295"}],"curies":[{"name":"wp","href":"https:\/\/api.w.org\/{rel}","templated":true}]}}