{"id":55214,"date":"2023-12-06T15:39:54","date_gmt":"2023-12-06T15:39:54","guid":{"rendered":"https:\/\/donaulife-new.ogrisdigital.at\/produkt\/winnie-blunts-lotus-ks-cone-3-stueck\/"},"modified":"2024-07-01T01:13:36","modified_gmt":"2024-07-01T01:13:36","slug":"winnie-blunts-lotus-ks-cone-3-stueck","status":"publish","type":"product","link":"https:\/\/donaulife-new.ogrisdigital.at\/da\/winnie-blunts-lotus-ks-cone-3-stueck\/","title":{"rendered":"WINNIE BLUNTS &#8216;Lotus&#8217; KS Cones | 3 St\u00fcck"},"content":{"rendered":"<h2>Winnie Blunts Lotus Kingsize Cones im 3er Pack<\/h2>\n<p>Unsere Lotus Cones werden unter h\u00f6chsten Qualit\u00e4tsstandards in West Bengal, Indien hergestellt. Die Region ist bekannt f\u00fcr ihre exotischen Pflanzen und Tiere, insbesondere den majest\u00e4tischen Tiger. Die Lotus Bl\u00e4tter werden von Hand gepfl\u00fcckt und sorgf\u00e4ltig gewaschen, bevor sie getrocknet werden. Anschlie\u00dfend werden die Bl\u00e4tter von erfahrenen Handwerkern zu einem Cone geformt und mit echten Lotusbl\u00fcten beklebt. Dabei wird eine nat\u00fcrliche Fl\u00fcssigkeit aus St\u00e4rke verwendet, die frei von jeglichen Zusatzstoffen ist.<\/p>\n<p>Vollkommen tabakfrei und somit eine gesunde Alternative zu herk\u00f6mmlichen Rauchwaren. Die Lotusbl\u00fcten entfalten beim Verbrennen einen sanften, angenehmen Duft, der f\u00fcr Entspannung und Wohlbefinden sorgt. Jede Packung enth\u00e4lt drei handgemachte Cones, die einfach zu verwenden sind und ein einzigartiges Geschmackserlebnis bieten.<\/p>\n<p>Mit Winnie Blunts kannst du jederzeit und \u00fcberall eine kleine Auszeit vom Alltag nehmen und dich in eine Welt der Ruhe und Gelassenheit entf\u00fchren lassen. Verw\u00f6hne dich selbst oder \u00fcberrasche deine Freunde mit einem besonderen Geschenk. \u00dcberzeuge dich selbst von der Qualit\u00e4t und dem einzigartigen Geschmack unserer Lotus Cones &#8211; ein unvergessliches Erlebnis f\u00fcr alle Sinne.<\/p>\n<p>Unsere Lotus Cones kommen aus der Region in West Bengal, der Heimat des Tigers. Sie werden mit der Hand gepfl\u00fcckt und dann vorsichtig gewaschen. Nachdem die Lotus Bl\u00e4tter trocken sind, wird in feinster Handarbeit Blatt f\u00fcr Blatt der Cone mit Bl\u00fcten beklebt. Hierf\u00fcr wird eine nat\u00fcrliche aus St\u00e4rke bestehende Fl\u00fcssigkeit genutzt. Et Voil\u00e0 unser Lotus Cone ist fertig. Absolut Tabakfrei und von Zusatzstoffen. In jeder Packung sind 3 Loutus Cones enthalten.<\/p>\n<p>Smoke The Most Natural Way!<\/p>\n<h3>\u00dcber Winnie Blunts:<\/h3>\n<p>Unsere Blunts, die Tabakfrei kommen, sind ma\u00dfgeschneidert f\u00fcr alle die ein hochwertiges und nat\u00fcrliches Raucherlebnis suchen.<br \/>\nDie Blunts entwickeln ein geschmeidiges Raucherlebnis und sind au\u00dferdem ein absoluter Hingucker. Nat\u00fcrlich biologisch abbaubar und ohne jegliche Zusatzstoffe.<\/p>\n<p>&nbsp;<\/p>\n","protected":false},"excerpt":{"rendered":"<p>Winnie Blunts Lotus Kingsize Cones im 3er Pack Unsere Lotus Cones werden unter h\u00f6chsten Qualit\u00e4tsstandards in West Bengal, Indien hergestellt.<\/p>\n","protected":false},"featured_media":42769,"comment_status":"open","ping_status":"open","template":"","meta":{"_acf_changed":false},"product_cat":[2489,2451,2452,2724],"product_tag":[],"acf":[],"_links":{"self":[{"href":"https:\/\/donaulife-new.ogrisdigital.at\/da\/wp-json\/wp\/v2\/product\/55214"}],"collection":[{"href":"https:\/\/donaulife-new.ogrisdigital.at\/da\/wp-json\/wp\/v2\/product"}],"about":[{"href":"https:\/\/donaulife-new.ogrisdigital.at\/da\/wp-json\/wp\/v2\/types\/product"}],"replies":[{"embeddable":true,"href":"https:\/\/donaulife-new.ogrisdigital.at\/da\/wp-json\/wp\/v2\/comments?post=55214"}],"wp:featuredmedia":[{"embeddable":true,"href":"https:\/\/donaulife-new.ogrisdigital.at\/da\/wp-json\/wp\/v2\/media\/42769"}],"wp:attachment":[{"href":"https:\/\/donaulife-new.ogrisdigital.at\/da\/wp-json\/wp\/v2\/media?parent=55214"}],"wp:term":[{"taxonomy":"product_cat","embeddable":true,"href":"https:\/\/donaulife-new.ogrisdigital.at\/da\/wp-json\/wp\/v2\/product_cat?post=55214"},{"taxonomy":"product_tag","embeddable":true,"href":"https:\/\/donaulife-new.ogrisdigital.at\/da\/wp-json\/wp\/v2\/product_tag?post=55214"}],"curies":[{"name":"wp","href":"https:\/\/api.w.org\/{rel}","templated":true}]}}