{"id":55199,"date":"2023-11-23T01:08:13","date_gmt":"2023-11-23T01:08:13","guid":{"rendered":"https:\/\/donaulife-new.ogrisdigital.at\/produkt\/ellanas-clipper-cover-hex-3d-druck-pla\/"},"modified":"2024-07-01T01:13:28","modified_gmt":"2024-07-01T01:13:28","slug":"ellanas-clipper-cover-hex-3d-druck-pla","status":"publish","type":"product","link":"https:\/\/donaulife-new.ogrisdigital.at\/da\/ellanas-clipper-cover-hex-3d-druck-pla\/","title":{"rendered":"ELLANAS Clipper Cover &#8216;Hex&#8217; 3D Druck | PLA"},"content":{"rendered":"<h2><span style=\"font-family: Arial, serif;\"><span lang=\"en-US\"><b>Ellanas Clipper Cover in PLA<\/b><\/span><\/span><\/h2>\n<p align=\"justify\"><span style=\"font-family: Arial, serif;\">Dieses coole Clipper Cover kommt in verschiedenen Farben und dabei ist der Fantasie keine Grenzen gesetzt.<\/span><\/p>\n<p align=\"justify\"><span style=\"font-family: Arial, serif;\">Das Cover wurde aus Basic PLA der Firma Bambu Lab gedruckt. Der daf\u00fcr genutzte Drucker ist ein Bambu Lab X1 Carbon Drucker.<br \/>\nDie Genauigkeit des Covers ist sehr hoch, jedoch lassen sich manche Clipper perfekt reinstecken und auch wieder raus ziehen andere stecken jedoch sehr fest und lassen sich dann nur mit einer Zange wieder entfernen.<br \/>\nZuerst bitte mit einem ungeliebten Clipper testen \ud83d\ude42<\/span><\/p>\n<p align=\"justify\">Der untere Anschlu\u00df f\u00fcr das Nachf\u00fcllen des Gases ist aber immer frei, somit ist immer eine volle Wartung m\u00f6glich ohne es aus der H\u00fclle nehmen zu m\u00fcssen.<\/p>\n<p align=\"justify\"><span style=\"font-family: Arial, serif;\">Das Modell f\u00fcr das Clipper Cover kann nat\u00fcrlich auch kostenlos auf Printables heruntergeladen werden:<\/span><\/p>\n<p>https:\/\/www.printables.com\/model\/277824-hex-clipper-sleeve Creator: https:\/\/www.printables.com\/@ELLANAS<\/p>\n<p>Das original Design des Covers kommt von Vexanix:<\/p>\n<p>https:\/\/www.printables.com\/@vexanix<\/p>\n<p><span style=\"font-family: Arial, serif;\"><span lang=\"en-US\"><b>Features<\/b><\/span><\/span><\/p>\n<ul>\n<li><span style=\"font-family: Arial, serif;\"><span lang=\"en-US\">Aus Bioplastik (PLA)<\/span><\/span><\/li>\n<li><span style=\"font-family: Arial, serif;\"><span lang=\"en-US\">Solides Material<\/span><\/span><\/li>\n<li><span style=\"font-family: Arial, serif;\"><span lang=\"en-US\">Speziell strukturierte Oberfl\u00e4che<\/span><\/span><\/li>\n<li><span style=\"font-family: Arial, serif;\"><span lang=\"en-US\">mehr Grip<\/span><\/span><\/li>\n<li><span style=\"font-family: Arial, serif;\"><span lang=\"en-US\">Leichtes Gewicht<\/span><\/span><\/li>\n<li><span style=\"font-family: Arial, serif;\"><span lang=\"en-US\">Gedruckt in \u00d6sterreich<\/span><\/span><\/li>\n<\/ul>\n<p><span style=\"font-family: Arial, serif;\"><span lang=\"en-US\"><b>Abmessungen<\/b><\/span><\/span><\/p>\n<p><span style=\"font-family: Arial, serif;\">Gr\u00f6\u00dfe: 7 x 2,5 cm<\/span><\/p>\n","protected":false},"excerpt":{"rendered":"<p>Ellanas Clipper Cover in PLA Dieses coole Clipper Cover kommt in verschiedenen Farben und dabei ist der Fantasie keine Grenzen<\/p>\n","protected":false},"featured_media":42718,"comment_status":"open","ping_status":"open","template":"","meta":{"_acf_changed":false},"product_cat":[2494,2775,2451],"product_tag":[],"acf":[],"_links":{"self":[{"href":"https:\/\/donaulife-new.ogrisdigital.at\/da\/wp-json\/wp\/v2\/product\/55199"}],"collection":[{"href":"https:\/\/donaulife-new.ogrisdigital.at\/da\/wp-json\/wp\/v2\/product"}],"about":[{"href":"https:\/\/donaulife-new.ogrisdigital.at\/da\/wp-json\/wp\/v2\/types\/product"}],"replies":[{"embeddable":true,"href":"https:\/\/donaulife-new.ogrisdigital.at\/da\/wp-json\/wp\/v2\/comments?post=55199"}],"wp:featuredmedia":[{"embeddable":true,"href":"https:\/\/donaulife-new.ogrisdigital.at\/da\/wp-json\/wp\/v2\/media\/42718"}],"wp:attachment":[{"href":"https:\/\/donaulife-new.ogrisdigital.at\/da\/wp-json\/wp\/v2\/media?parent=55199"}],"wp:term":[{"taxonomy":"product_cat","embeddable":true,"href":"https:\/\/donaulife-new.ogrisdigital.at\/da\/wp-json\/wp\/v2\/product_cat?post=55199"},{"taxonomy":"product_tag","embeddable":true,"href":"https:\/\/donaulife-new.ogrisdigital.at\/da\/wp-json\/wp\/v2\/product_tag?post=55199"}],"curies":[{"name":"wp","href":"https:\/\/api.w.org\/{rel}","templated":true}]}}