{"id":55180,"date":"2023-11-13T15:58:55","date_gmt":"2023-11-13T15:58:55","guid":{"rendered":"https:\/\/donaulife-new.ogrisdigital.at\/produkt\/vice-rays-sonnenbrille-vice-shield-mit-geheimversteck\/"},"modified":"2024-07-01T01:13:15","modified_gmt":"2024-07-01T01:13:15","slug":"vice-rays-sonnenbrille-vice-shield-mit-geheimversteck","status":"publish","type":"product","link":"https:\/\/donaulife-new.ogrisdigital.at\/da\/vice-rays-sonnenbrille-vice-shield-mit-geheimversteck\/","title":{"rendered":"VICE RAYS Sonnenbrille &#8216;Vice Shield&#8217; | mit Geheimversteck"},"content":{"rendered":"<h2>Vice Rays Sonnenbrille mit Geheimversteck<\/h2>\n<div>\n<p>Hole das Beste aus deinem n\u00e4chsten Abenteuer mit ViceRays heraus. Mit dem geheimen Aufbewahrungsfach hast du \u00fcberall noch mehr Spa\u00df: Einfach die Sonnenbrillenb\u00fcgel abnehmen, die &#8220;Zigaretten&#8221; einstecken und los geht&#8217;s!<\/p>\n<p>ViceRays bruchsichere Gl\u00e4ser bieten vollst\u00e4ndigen UV-Schutz. Unsere Rahmen sind aus TR-90 gefertigt, einem der st\u00e4rksten und flexibelsten Materialien in der Sonnenbrillenbranche.<\/p>\n<p><iframe title=\"vimeo-player\" src=\"https:\/\/player.vimeo.com\/video\/331795642?h=cb7d73cd79\" width=\"640\" height=\"360\" frameborder=\"0\" allowfullscreen=\"allowfullscreen\"><\/iframe><\/p>\n<\/div>\n<h3>\u00dcber Vice Rays:<\/h3>\n<div>\n<div>\n<p>2018 machte sich eine Gruppe von Freunden aus Chicago auf den Weg, um eine Sonnenbrille zu entwickeln, die zu unserem aktiven Lebensstil und unserer Liebe zu Cannabis passen w\u00fcrde.<\/p>\n<p>Das Ergebnis war ViceRays &#8211; die erste Sonnenbrille der Welt mit versteckten Aufbewahrungskammern f\u00fcr Joints.<\/p>\n<p>Stellen Sie sich eine v\u00f6llig stressfreie, diskrete Art vor, Ihre Bl\u00fcte unterwegs aufzubewahren: perfekt f\u00fcr Wanderungen, Radtouren, Tage am Strand oder am Wasser, Musikfestivals und \u00fcberall dort, wo man leicht und mit Licht reisen muss \ud83d\ude09<\/p>\n<p>ViceRays ist mehr als nur ein Markenname, es ist ein Lebensgef\u00fchl. Deshalb lautet unser Motto &#8220;made for the ride&#8221; &#8211; wir sind stolz darauf, dass ViceRays unseren Kunden die besten Erinnerungen bescheren, wenn sie drau\u00dfen sind und das Leben in der freien Natur genie\u00dfen.<\/p>\n<p>Wir freuen uns, dass Sie uns gefunden haben, und danken Ihnen, dass Sie ViceRays mit auf die Reise genommen haben.<\/p>\n<p>Corey, Colin und Ryan<\/p>\n<\/div>\n<div><\/div>\n<\/div>\n","protected":false},"excerpt":{"rendered":"<p>Vice Rays Sonnenbrille mit Geheimversteck Hole das Beste aus deinem n\u00e4chsten Abenteuer mit ViceRays heraus. Mit dem geheimen Aufbewahrungsfach hast<\/p>\n","protected":false},"featured_media":42569,"comment_status":"open","ping_status":"open","template":"","meta":{"_acf_changed":false},"product_cat":[3180,2566],"product_tag":[],"acf":[],"_links":{"self":[{"href":"https:\/\/donaulife-new.ogrisdigital.at\/da\/wp-json\/wp\/v2\/product\/55180"}],"collection":[{"href":"https:\/\/donaulife-new.ogrisdigital.at\/da\/wp-json\/wp\/v2\/product"}],"about":[{"href":"https:\/\/donaulife-new.ogrisdigital.at\/da\/wp-json\/wp\/v2\/types\/product"}],"replies":[{"embeddable":true,"href":"https:\/\/donaulife-new.ogrisdigital.at\/da\/wp-json\/wp\/v2\/comments?post=55180"}],"wp:featuredmedia":[{"embeddable":true,"href":"https:\/\/donaulife-new.ogrisdigital.at\/da\/wp-json\/wp\/v2\/media\/42569"}],"wp:attachment":[{"href":"https:\/\/donaulife-new.ogrisdigital.at\/da\/wp-json\/wp\/v2\/media?parent=55180"}],"wp:term":[{"taxonomy":"product_cat","embeddable":true,"href":"https:\/\/donaulife-new.ogrisdigital.at\/da\/wp-json\/wp\/v2\/product_cat?post=55180"},{"taxonomy":"product_tag","embeddable":true,"href":"https:\/\/donaulife-new.ogrisdigital.at\/da\/wp-json\/wp\/v2\/product_tag?post=55180"}],"curies":[{"name":"wp","href":"https:\/\/api.w.org\/{rel}","templated":true}]}}