{"id":55158,"date":"2023-10-30T09:25:13","date_gmt":"2023-10-30T09:25:13","guid":{"rendered":"https:\/\/donaulife-new.ogrisdigital.at\/produkt\/pure-glass-eisbong-zuma-pink-25-cm\/"},"modified":"2025-01-15T07:06:15","modified_gmt":"2025-01-15T07:06:15","slug":"pure-glass-eisbong-zuma-pink-25-cm","status":"publish","type":"product","link":"https:\/\/donaulife-new.ogrisdigital.at\/da\/pure-glass-eisbong-zuma-pink-25-cm\/","title":{"rendered":"PURE GLASS Eisbong &#8216;Zuma&#8217; pink | 25 cm"},"content":{"rendered":"<h2>Pure Glass Zuma in pink<\/h2>\n<p>Entdecke den Pazifik und genie\u00dfe die Sonne, denn Zuma beschw\u00f6rt endlose Sommern\u00e4chte das ganze Jahr \u00fcber. Die kompakte Bong bringt doch 25 cm H\u00f6he auf die Messlatte. Au\u00dferdem besticht der runde Bauch mit einem detailverliebten Jellyfish Percolator der den Rauch nochmal extra ordentlich runter k\u00fchlt.<\/p>\n<p>Zwei Zacken an der Basis des Halses erm\u00f6glichen die Verwendung mit Eis. Entspanne dich und atme tief ein&#8230; Zuma Gl\u00fcckseligkeit.<\/p>\n","protected":false},"excerpt":{"rendered":"<p>Pure Glass Zuma in pink Entdecke den Pazifik und genie\u00dfe die Sonne, denn Zuma beschw\u00f6rt endlose Sommern\u00e4chte das ganze Jahr<\/p>\n","protected":false},"featured_media":42396,"comment_status":"open","ping_status":"open","template":"","meta":{"_acf_changed":false},"product_cat":[2514,2459,2523,2577,2506,2463,2520,2807,3746],"product_tag":[],"acf":[],"_links":{"self":[{"href":"https:\/\/donaulife-new.ogrisdigital.at\/da\/wp-json\/wp\/v2\/product\/55158"}],"collection":[{"href":"https:\/\/donaulife-new.ogrisdigital.at\/da\/wp-json\/wp\/v2\/product"}],"about":[{"href":"https:\/\/donaulife-new.ogrisdigital.at\/da\/wp-json\/wp\/v2\/types\/product"}],"replies":[{"embeddable":true,"href":"https:\/\/donaulife-new.ogrisdigital.at\/da\/wp-json\/wp\/v2\/comments?post=55158"}],"wp:featuredmedia":[{"embeddable":true,"href":"https:\/\/donaulife-new.ogrisdigital.at\/da\/wp-json\/wp\/v2\/media\/42396"}],"wp:attachment":[{"href":"https:\/\/donaulife-new.ogrisdigital.at\/da\/wp-json\/wp\/v2\/media?parent=55158"}],"wp:term":[{"taxonomy":"product_cat","embeddable":true,"href":"https:\/\/donaulife-new.ogrisdigital.at\/da\/wp-json\/wp\/v2\/product_cat?post=55158"},{"taxonomy":"product_tag","embeddable":true,"href":"https:\/\/donaulife-new.ogrisdigital.at\/da\/wp-json\/wp\/v2\/product_tag?post=55158"}],"curies":[{"name":"wp","href":"https:\/\/api.w.org\/{rel}","templated":true}]}}