{"id":55153,"date":"2023-10-27T12:56:16","date_gmt":"2023-10-27T12:56:16","guid":{"rendered":"https:\/\/donaulife-new.ogrisdigital.at\/produkt\/blaze-glass-percolatorbong-rachenkracher-49-cm\/"},"modified":"2025-01-15T07:06:20","modified_gmt":"2025-01-15T07:06:20","slug":"blaze-glass-percolatorbong-rachenkracher-49-cm","status":"publish","type":"product","link":"https:\/\/donaulife-new.ogrisdigital.at\/da\/blaze-glass-percolatorbong-rachenkracher-49-cm\/","title":{"rendered":"BLAZE GLASS Percolatorbong &#8216;Rachenkracher&#8217; | 49 cm"},"content":{"rendered":"<h2>Blaze Glass Kolbenbong mit K\u00fchlspirale<\/h2>\n<p>Der &#8216;Rachenkracher&#8217; der Marke\u00a0<strong>BLAZE\u00ae<\/strong>\u00a0ist eine Bong f\u00fcr Leute mit einem gro\u00dfen Lungenvolumen und noch gr\u00f6\u00dferer Zugkraft, denn der Rauch muss durch viele Kammern gezogen werden. Auf seinem langen Weg und dem Trommelperkolator mit Spritzschutz wird der Rauch aber bereits gut gek\u00fchlt und gefiltert. Zus\u00e4tzlich sorgt das schmalere Mundst\u00fcck daf\u00fcr, dass man beim Inhalieren nicht vom Rauch \u00fcberrannt wird.<\/p>\n<p>Das Design dieser ungew\u00f6hnlichen Glasbong hat nicht nur dekorativen Charakter, sondern macht die Wasserpfeife griffig. Insbesondere oberhalb der Perkolatorkammer l\u00e4sst sich der Rachenkracher gut packen.<\/p>\n<p>Mit einer Wandst\u00e4rke von 5mm ist die Bong auch robust und steht sicher auf dem Rundfu\u00df. Der Lift-off-Kopf ist f\u00fcr Kr\u00e4uter und l\u00e4sst sich dank des breiten Griffes bequem und leicht f\u00fcr den finalen Kick hochziehen.<\/p>\n<div><span style=\"font-size: 20.16px;\">\u00dcber Blaze Glass:<\/span><\/div>\n<div>\n<div>\n<p>Blaze-Glass-Bongs sind aus spannungsfreiem 3.1-Borosilikatglas (vergleichbar mit Duranglas) h\u00f6chster G\u00fcteklasse gefertigt. Mindestens 5 mm Wandst\u00e4rke machen eine Wasserpfeife robust.<br \/>\nWir verwenden extrem passgenaue Normschliffe in 14,5 bzw. 18,8 mm. Je nach Bong-Geometrie kommen normale Schliffe, verst\u00e4rkte Schliffe und bi-stabile Schliffe (doppelte Wand) in unseren Produkten zum Einsatz.<\/p>\n<\/div>\n<\/div>\n","protected":false},"excerpt":{"rendered":"<p>Blaze Glass Kolbenbong mit K\u00fchlspirale Der &#8216;Rachenkracher&#8217; der Marke\u00a0BLAZE\u00ae\u00a0ist eine Bong f\u00fcr Leute mit einem gro\u00dfen Lungenvolumen und noch gr\u00f6\u00dferer<\/p>\n","protected":false},"featured_media":42339,"comment_status":"open","ping_status":"open","template":"","meta":{"_acf_changed":false},"product_cat":[2514,2545,2459,2635,2577,2506,2463,2520],"product_tag":[2547],"acf":[],"_links":{"self":[{"href":"https:\/\/donaulife-new.ogrisdigital.at\/da\/wp-json\/wp\/v2\/product\/55153"}],"collection":[{"href":"https:\/\/donaulife-new.ogrisdigital.at\/da\/wp-json\/wp\/v2\/product"}],"about":[{"href":"https:\/\/donaulife-new.ogrisdigital.at\/da\/wp-json\/wp\/v2\/types\/product"}],"replies":[{"embeddable":true,"href":"https:\/\/donaulife-new.ogrisdigital.at\/da\/wp-json\/wp\/v2\/comments?post=55153"}],"wp:featuredmedia":[{"embeddable":true,"href":"https:\/\/donaulife-new.ogrisdigital.at\/da\/wp-json\/wp\/v2\/media\/42339"}],"wp:attachment":[{"href":"https:\/\/donaulife-new.ogrisdigital.at\/da\/wp-json\/wp\/v2\/media?parent=55153"}],"wp:term":[{"taxonomy":"product_cat","embeddable":true,"href":"https:\/\/donaulife-new.ogrisdigital.at\/da\/wp-json\/wp\/v2\/product_cat?post=55153"},{"taxonomy":"product_tag","embeddable":true,"href":"https:\/\/donaulife-new.ogrisdigital.at\/da\/wp-json\/wp\/v2\/product_tag?post=55153"}],"curies":[{"name":"wp","href":"https:\/\/api.w.org\/{rel}","templated":true}]}}