{"id":55120,"date":"2023-10-17T07:09:15","date_gmt":"2023-10-17T07:09:15","guid":{"rendered":"https:\/\/donaulife-new.ogrisdigital.at\/produkt\/jpaq-paqcase-preroll-box-5er-preroll\/"},"modified":"2024-07-01T01:12:36","modified_gmt":"2024-07-01T01:12:36","slug":"jpaq-paqcase-preroll-box-5er-preroll","status":"publish","type":"product","link":"https:\/\/donaulife-new.ogrisdigital.at\/da\/jpaq-paqcase-preroll-box-5er-preroll\/","title":{"rendered":"JPAQ Paqcase Preroll Box | 5er Preroll"},"content":{"rendered":"<h2>JPAQ Kunststoff 5er Cover<\/h2>\n<p>JPAQcase ist der weltweit f\u00fchrende Entwickler von Premium-Multi-Pack Preroll-Zubeh\u00f6r f\u00fcr die Preroll-Industrie. Die Paqcase ist f\u00fcr den aktiven Lebensstil gebaut, entwickelt, um mit einem schlanken, tragbaren und langlebigen Design zu sch\u00fctzen.<\/p>\n<ul>\n<li>Fasst bis zu 5 King-Size-Cones (98mm &#8211; 110mm Kegel)<\/li>\n<li>Kindersicherer Verschlu\u00df<\/li>\n<li>Quetschungungsssicher<\/li>\n<li>Separater RoachCoach an der unteren Basis<\/li>\n<li>L\u00e4sst Metalldetektoren nicht l\u00e4uten \ud83d\ude09<\/li>\n<li>Diskretes und modernes Design im Taschenformat<\/li>\n<\/ul>\n<h3>\u00dcber JPAQ:<\/h3>\n<p>JPAQcase ist der weltweit f\u00fchrende Entwickler von Premium-Multi-Pack Preroll-Zubeh\u00f6r f\u00fcr die Preroll-Industrie. Die Paqcase ist f\u00fcr den aktiven Lebensstil gebaut, entwickelt, um mit einem schlanken, tragbaren und langlebigen Design zu sch\u00fctzen.<\/p>\n","protected":false},"excerpt":{"rendered":"<p>JPAQ Kunststoff 5er Cover JPAQcase ist der weltweit f\u00fchrende Entwickler von Premium-Multi-Pack Preroll-Zubeh\u00f6r f\u00fcr die Preroll-Industrie. Die Paqcase ist f\u00fcr<\/p>\n","protected":false},"featured_media":42181,"comment_status":"open","ping_status":"closed","template":"","meta":{"_acf_changed":false},"product_cat":[2607,2451,3244],"product_tag":[],"acf":[],"_links":{"self":[{"href":"https:\/\/donaulife-new.ogrisdigital.at\/da\/wp-json\/wp\/v2\/product\/55120"}],"collection":[{"href":"https:\/\/donaulife-new.ogrisdigital.at\/da\/wp-json\/wp\/v2\/product"}],"about":[{"href":"https:\/\/donaulife-new.ogrisdigital.at\/da\/wp-json\/wp\/v2\/types\/product"}],"replies":[{"embeddable":true,"href":"https:\/\/donaulife-new.ogrisdigital.at\/da\/wp-json\/wp\/v2\/comments?post=55120"}],"wp:featuredmedia":[{"embeddable":true,"href":"https:\/\/donaulife-new.ogrisdigital.at\/da\/wp-json\/wp\/v2\/media\/42181"}],"wp:attachment":[{"href":"https:\/\/donaulife-new.ogrisdigital.at\/da\/wp-json\/wp\/v2\/media?parent=55120"}],"wp:term":[{"taxonomy":"product_cat","embeddable":true,"href":"https:\/\/donaulife-new.ogrisdigital.at\/da\/wp-json\/wp\/v2\/product_cat?post=55120"},{"taxonomy":"product_tag","embeddable":true,"href":"https:\/\/donaulife-new.ogrisdigital.at\/da\/wp-json\/wp\/v2\/product_tag?post=55120"}],"curies":[{"name":"wp","href":"https:\/\/api.w.org\/{rel}","templated":true}]}}