{"id":55115,"date":"2023-10-16T13:56:45","date_gmt":"2023-10-16T13:56:45","guid":{"rendered":"https:\/\/donaulife-new.ogrisdigital.at\/produkt\/cones-original-ks-cone-3-stueck-blister\/"},"modified":"2025-01-15T07:06:23","modified_gmt":"2025-01-15T07:06:23","slug":"cones-original-ks-cone-3-stueck-blister","status":"publish","type":"product","link":"https:\/\/donaulife-new.ogrisdigital.at\/da\/cones-original-ks-cone-3-stueck-blister\/","title":{"rendered":"CONES &#8216;Original&#8217; KS Cone | 3 St\u00fcck Blister"},"content":{"rendered":"<h2>CONES Kingsize Cones im 3er Pack<\/h2>\n<p>Die Cones\u00ae Pre-Rolled Cones im 3er Pack. Die Cones kommen in King Size. King-Size Cones\u00ae de Luxe vorgerollt aus dem d\u00fcnnsten Raucherpapier. Mit einer L\u00e4nge von 109 mm.<\/p>\n<p>Verpackt in einer praktischen Blisterpackung mit 3 King-Size Cones\u00ae . Einfach bef\u00fcllen und genie\u00dfen.<\/p>\n<h3>\u00dcber Cones:<\/h3>\n<p>Seit 1994 sind wir an der Spitze der vorgerollten Cones\u00ae.<br \/>\nWir sind der Erfinder der Pre-Rolled Cones\u00ae selbst und der Maschinen, mit denen sie gef\u00fcllt werden.<br \/>\nIn den letzten 25 Jahren haben wir Millionen von Cones\u00ae f\u00fcr Cone-Liebhaber wie Sie auf der ganzen Welt hergestellt.<\/p>\n<p>Wir sind stolz darauf, Cones\u00ae mit dem geringsten Papierverbrauch herzustellen.<br \/>\nNicht nur das Papier selbst, das du an dem Cones\u00ae-Wasserzeichen erkennen kannst, ist d\u00fcnn.<br \/>\nAuch die Spitzen, die wir verwenden, sind gerade lang genug, um ihre Aufgabe zu erf\u00fcllen.<\/p>\n<p>Du wirst buchst\u00e4blich die geringste Menge an Papier verbrauchen. So k\u00f6nnen Sie Ihr Material am meisten genie\u00dfen.<\/p>\n<p>Du kannst aus einer Vielzahl von Vorgerollten Gr\u00f6\u00dfen w\u00e4hlen. Von Giga Cones \u00fcber King-size Cones bis hin zu Singles (Dogwalker) Cones.<\/p>\n<p>Und dann hast du auch die Wahl des Papiers: Original, Natural, oder Bio Organic Hemp Cones.<\/p>\n<p>&nbsp;<\/p>\n","protected":false},"excerpt":{"rendered":"<p>CONES Kingsize Cones im 3er Pack Die Cones\u00ae Pre-Rolled Cones im 3er Pack. Die Cones kommen in King Size. King-Size<\/p>\n","protected":false},"featured_media":42156,"comment_status":"open","ping_status":"open","template":"","meta":{"_acf_changed":false},"product_cat":[2489,2451,2452,2724],"product_tag":[],"acf":[],"_links":{"self":[{"href":"https:\/\/donaulife-new.ogrisdigital.at\/da\/wp-json\/wp\/v2\/product\/55115"}],"collection":[{"href":"https:\/\/donaulife-new.ogrisdigital.at\/da\/wp-json\/wp\/v2\/product"}],"about":[{"href":"https:\/\/donaulife-new.ogrisdigital.at\/da\/wp-json\/wp\/v2\/types\/product"}],"replies":[{"embeddable":true,"href":"https:\/\/donaulife-new.ogrisdigital.at\/da\/wp-json\/wp\/v2\/comments?post=55115"}],"wp:featuredmedia":[{"embeddable":true,"href":"https:\/\/donaulife-new.ogrisdigital.at\/da\/wp-json\/wp\/v2\/media\/42156"}],"wp:attachment":[{"href":"https:\/\/donaulife-new.ogrisdigital.at\/da\/wp-json\/wp\/v2\/media?parent=55115"}],"wp:term":[{"taxonomy":"product_cat","embeddable":true,"href":"https:\/\/donaulife-new.ogrisdigital.at\/da\/wp-json\/wp\/v2\/product_cat?post=55115"},{"taxonomy":"product_tag","embeddable":true,"href":"https:\/\/donaulife-new.ogrisdigital.at\/da\/wp-json\/wp\/v2\/product_tag?post=55115"}],"curies":[{"name":"wp","href":"https:\/\/api.w.org\/{rel}","templated":true}]}}