{"id":55082,"date":"2023-09-27T13:31:55","date_gmt":"2023-09-27T13:31:55","guid":{"rendered":"https:\/\/donaulife-new.ogrisdigital.at\/produkt\/kailar-cellulose-aktivkohlefilter-500-stueck\/"},"modified":"2024-07-01T01:12:08","modified_gmt":"2024-07-01T01:12:08","slug":"kailar-cellulose-aktivkohlefilter-500-stueck","status":"publish","type":"product","link":"https:\/\/donaulife-new.ogrisdigital.at\/da\/kailar-cellulose-aktivkohlefilter-500-stueck\/","title":{"rendered":"KAILAR Cellulose Aktivkohlefilter | 500 St\u00fcck"},"content":{"rendered":"<p>In unserem Kailar-Glas bekommst du unsere Aktivkohlefilter entweder in der schwarz-wei\u00dfen oder pinken Farbvariante. Das hochwertige Glas ist durch das eingravierte Kailar-Logo im Holzdeckel ein absoluter Hingucker und au\u00dferdem auch eine sehr nachhaltige Verpackungsalternative.<\/p>\n<p>Es sch\u00fctzt eure Filter zuverl\u00e4ssig gegen \u00e4u\u00dfere Einfl\u00fcsse und ist sehr best\u00e4ndig, sodass es im Anschluss auch noch als Aufbewahrungsgef\u00e4\u00df f\u00fcr andere Dinge dienen kann.<\/p>\n<h2>Was wird gefiltert?<\/h2>\n<p>Neben Teer werden auch Formaldehyd, Phenole und viele weitere krebserregende Substanzen aus dem Rauch entfernt. Dabei haben wir besonders darauf geachtet, dass die gew\u00fcnschten Stoffe nicht ebenso gefiltert werden und die Wirkung eurer Kr\u00e4uter somit nicht negativ beeinflusst wird.<\/p>\n<p>&nbsp;<\/p>\n<p>Verpackt in komplett biologisch abbaubaren Verpackungen (wiederverschlie\u00dfbar).<\/p>\n<p>Ma\u00dfe: \u00f8 5,9 mm x 26,9 mm<\/p>\n<p>gef\u00fcllt mit veganer Aktivkohle aus Kokosnussschalen.<br \/>\nQualit\u00e4t hergestellt in Deutschland.<\/p>\n","protected":false},"excerpt":{"rendered":"<p>In unserem Kailar-Glas bekommst du unsere Aktivkohlefilter entweder in der schwarz-wei\u00dfen oder pinken Farbvariante. Das hochwertige Glas ist durch das<\/p>\n","protected":false},"featured_media":41964,"comment_status":"open","ping_status":"open","template":"","meta":{"_acf_changed":false},"product_cat":[2652,2489,2499,2451],"product_tag":[],"acf":[],"_links":{"self":[{"href":"https:\/\/donaulife-new.ogrisdigital.at\/da\/wp-json\/wp\/v2\/product\/55082"}],"collection":[{"href":"https:\/\/donaulife-new.ogrisdigital.at\/da\/wp-json\/wp\/v2\/product"}],"about":[{"href":"https:\/\/donaulife-new.ogrisdigital.at\/da\/wp-json\/wp\/v2\/types\/product"}],"replies":[{"embeddable":true,"href":"https:\/\/donaulife-new.ogrisdigital.at\/da\/wp-json\/wp\/v2\/comments?post=55082"}],"wp:featuredmedia":[{"embeddable":true,"href":"https:\/\/donaulife-new.ogrisdigital.at\/da\/wp-json\/wp\/v2\/media\/41964"}],"wp:attachment":[{"href":"https:\/\/donaulife-new.ogrisdigital.at\/da\/wp-json\/wp\/v2\/media?parent=55082"}],"wp:term":[{"taxonomy":"product_cat","embeddable":true,"href":"https:\/\/donaulife-new.ogrisdigital.at\/da\/wp-json\/wp\/v2\/product_cat?post=55082"},{"taxonomy":"product_tag","embeddable":true,"href":"https:\/\/donaulife-new.ogrisdigital.at\/da\/wp-json\/wp\/v2\/product_tag?post=55082"}],"curies":[{"name":"wp","href":"https:\/\/api.w.org\/{rel}","templated":true}]}}