{"id":55072,"date":"2023-09-27T10:43:13","date_gmt":"2023-09-27T10:43:13","guid":{"rendered":"https:\/\/donaulife-new.ogrisdigital.at\/produkt\/hazys-superflow-kokosnuss-aktivkohlefilter-6-mm\/"},"modified":"2024-07-01T01:12:04","modified_gmt":"2024-07-01T01:12:04","slug":"hazys-superflow-kokosnuss-aktivkohlefilter-6-mm","status":"publish","type":"product","link":"https:\/\/donaulife-new.ogrisdigital.at\/da\/hazys-superflow-kokosnuss-aktivkohlefilter-6-mm\/","title":{"rendered":"HAZY\u00b4S Superflow Kokosnuss Aktivkohlefilter | 6 mm"},"content":{"rendered":"<h2>Hazy\u00b4s Superflow Kokosnuss Aktivkohle<\/h2>\n<p>Die ersten und einzigen Filter in Original Zigarettentip Gr\u00f6\u00dfe. Sie lassen sich perfekt einrollen und bieten Platz f\u00fcr jede Menge Material. Nicht so viel, dass man ziehen muss wie ein Staubsauger, sondern eben nur soviel, dass man gaaaanz entspannt inhalieren kann.<br \/>\nWir nennen das den &#8216;Superflow&#8217;.<\/p>\n<p>Unsere Hazy\u00b4s gibt es in zwei Ausf\u00fchrungen: Aktivierte Kohle aus gebrannten Kokosnussschalen und einem Mix, der au\u00dferdem noch den genialen Naturmeerschaum enth\u00e4lt. Dieses Mineral kann so einiges, aber vor allem mehr als sein Eigengewicht an Fl\u00fcssigkeit aufnehmen (weshalb es sogar auf Wasser schwimmt). Damit ist der Rauch nicht nur mild, sondern auch noch herrlich trocken.<\/p>\n<p>Kopp Smoking Systems ist hierf\u00fcr der einzige Hersteller auf der Welt.<\/p>\n<p>Und nun: Let the good times roll!<\/p>\n<h3>\u00dcber Hazy\u00b4s:<\/h3>\n<p>Seien wir ehrlich, bei den auf dem Markt befindlichen Brands mag sich so recht kein Kopfkino einstellen. Sperrige Markennamen in ebenso sperrigen Verpackungen im immer gleichen Format und dazu Fachsimpelei als ob es um Raketenwissenschaft geht.<br \/>\nBoah is dat langweilig. Bevor wir uns hieran beteiligen, machen wir lieber gleich was neues.<\/p>\n<p>Also haben wir auf Marktanalysen und so einen Quatsch direkt verzichtet und sind nur unserem Bauchgef\u00fchl gefolgt. Der Name muss runtergehen wie Butter und wenn man die Augen schlie\u00dft sieht man Palmen im Wind schaukeln und h\u00f6rt den Ozean rauschen. Und wenn man daran zieht, dann merkt man, dass alles miteinander verbunden ist. Gef\u00fchlt, getan: Hier sind nun endlich unsere Hazy\u00b4s.<\/p>\n","protected":false},"excerpt":{"rendered":"<p>Hazy\u00b4s Superflow Kokosnuss Aktivkohle Die ersten und einzigen Filter in Original Zigarettentip Gr\u00f6\u00dfe. Sie lassen sich perfekt einrollen und bieten<\/p>\n","protected":false},"featured_media":41909,"comment_status":"open","ping_status":"open","template":"","meta":{"_acf_changed":false},"product_cat":[2652,2499,2451],"product_tag":[],"acf":[],"_links":{"self":[{"href":"https:\/\/donaulife-new.ogrisdigital.at\/da\/wp-json\/wp\/v2\/product\/55072"}],"collection":[{"href":"https:\/\/donaulife-new.ogrisdigital.at\/da\/wp-json\/wp\/v2\/product"}],"about":[{"href":"https:\/\/donaulife-new.ogrisdigital.at\/da\/wp-json\/wp\/v2\/types\/product"}],"replies":[{"embeddable":true,"href":"https:\/\/donaulife-new.ogrisdigital.at\/da\/wp-json\/wp\/v2\/comments?post=55072"}],"wp:featuredmedia":[{"embeddable":true,"href":"https:\/\/donaulife-new.ogrisdigital.at\/da\/wp-json\/wp\/v2\/media\/41909"}],"wp:attachment":[{"href":"https:\/\/donaulife-new.ogrisdigital.at\/da\/wp-json\/wp\/v2\/media?parent=55072"}],"wp:term":[{"taxonomy":"product_cat","embeddable":true,"href":"https:\/\/donaulife-new.ogrisdigital.at\/da\/wp-json\/wp\/v2\/product_cat?post=55072"},{"taxonomy":"product_tag","embeddable":true,"href":"https:\/\/donaulife-new.ogrisdigital.at\/da\/wp-json\/wp\/v2\/product_tag?post=55072"}],"curies":[{"name":"wp","href":"https:\/\/api.w.org\/{rel}","templated":true}]}}