{"id":55045,"date":"2023-09-19T09:45:45","date_gmt":"2023-09-19T09:45:45","guid":{"rendered":"https:\/\/donaulife-new.ogrisdigital.at\/produkt\/paradice-kolben-292292-mm\/"},"modified":"2024-03-21T15:43:24","modified_gmt":"2024-03-21T15:43:24","slug":"paradice-kolben","status":"publish","type":"product","link":"https:\/\/donaulife-new.ogrisdigital.at\/da\/paradice-kolben\/","title":{"rendered":"PARADICE Kolben"},"content":{"rendered":"<h2>PARADICE Kolben<\/h2>\n<p>Das Paradice Bong Ersatzteil, der Innenkolben ist die perfekte L\u00f6sung, um deine Paradice Bong in Topform zu halten. Hergestellt aus hochwertigem Material, gew\u00e4hrleistet dieser Innenkolben eine reibungslose Funktion deiner Bong und sorgt f\u00fcr ein unvergleichliches Raucherlebnis. Qualit\u00e4t und Pr\u00e4zision vereint in einem St\u00fcck Glas.<\/p>\n","protected":false},"excerpt":{"rendered":"<p>PARADICE Kolben Das Paradice Bong Ersatzteil, der Innenkolben ist die perfekte L\u00f6sung, um deine Paradice Bong in Topform zu halten.<\/p>\n","protected":false},"featured_media":41781,"comment_status":"open","ping_status":"closed","template":"","meta":{"_acf_changed":false},"product_cat":[2565,2459,2463,3070,2460],"product_tag":[],"acf":[],"_links":{"self":[{"href":"https:\/\/donaulife-new.ogrisdigital.at\/da\/wp-json\/wp\/v2\/product\/55045"}],"collection":[{"href":"https:\/\/donaulife-new.ogrisdigital.at\/da\/wp-json\/wp\/v2\/product"}],"about":[{"href":"https:\/\/donaulife-new.ogrisdigital.at\/da\/wp-json\/wp\/v2\/types\/product"}],"replies":[{"embeddable":true,"href":"https:\/\/donaulife-new.ogrisdigital.at\/da\/wp-json\/wp\/v2\/comments?post=55045"}],"wp:featuredmedia":[{"embeddable":true,"href":"https:\/\/donaulife-new.ogrisdigital.at\/da\/wp-json\/wp\/v2\/media\/41781"}],"wp:attachment":[{"href":"https:\/\/donaulife-new.ogrisdigital.at\/da\/wp-json\/wp\/v2\/media?parent=55045"}],"wp:term":[{"taxonomy":"product_cat","embeddable":true,"href":"https:\/\/donaulife-new.ogrisdigital.at\/da\/wp-json\/wp\/v2\/product_cat?post=55045"},{"taxonomy":"product_tag","embeddable":true,"href":"https:\/\/donaulife-new.ogrisdigital.at\/da\/wp-json\/wp\/v2\/product_tag?post=55045"}],"curies":[{"name":"wp","href":"https:\/\/api.w.org\/{rel}","templated":true}]}}