{"id":55024,"date":"2023-09-18T08:56:47","date_gmt":"2023-09-18T08:56:47","guid":{"rendered":"https:\/\/donaulife-new.ogrisdigital.at\/produkt\/silikon-dabmatte-gruen-21-x-30-cm\/"},"modified":"2024-07-01T01:11:34","modified_gmt":"2024-07-01T01:11:34","slug":"silikon-dabmatte-gruen-21-x-30-cm","status":"publish","type":"product","link":"https:\/\/donaulife-new.ogrisdigital.at\/da\/silikon-dabmatte-gruen-21-x-30-cm\/","title":{"rendered":"Silikon Dabmatte gr\u00fcn | 21 x 30 cm"},"content":{"rendered":"<p>Diese Dabmatte eignet sich perfekt f\u00fcr deine Dab-Session. Auf ihr k\u00f6nnen die Extrakte zwischengelagert werden ohne dass auch nur ein Rest darauf h\u00e4ngen bleibt. Mit einer Gr\u00f6\u00dfe von 21 x 30 cm z\u00e4hlt sie zu den kleinen Matten.<\/p>\n","protected":false},"excerpt":{"rendered":"<p>Diese Dabmatte eignet sich perfekt f\u00fcr deine Dab-Session. Auf ihr k\u00f6nnen die Extrakte zwischengelagert werden ohne dass auch nur ein<\/p>\n","protected":false},"featured_media":41639,"comment_status":"open","ping_status":"closed","template":"","meta":{"_acf_changed":false},"product_cat":[2609,2549],"product_tag":[],"acf":[],"_links":{"self":[{"href":"https:\/\/donaulife-new.ogrisdigital.at\/da\/wp-json\/wp\/v2\/product\/55024"}],"collection":[{"href":"https:\/\/donaulife-new.ogrisdigital.at\/da\/wp-json\/wp\/v2\/product"}],"about":[{"href":"https:\/\/donaulife-new.ogrisdigital.at\/da\/wp-json\/wp\/v2\/types\/product"}],"replies":[{"embeddable":true,"href":"https:\/\/donaulife-new.ogrisdigital.at\/da\/wp-json\/wp\/v2\/comments?post=55024"}],"wp:featuredmedia":[{"embeddable":true,"href":"https:\/\/donaulife-new.ogrisdigital.at\/da\/wp-json\/wp\/v2\/media\/41639"}],"wp:attachment":[{"href":"https:\/\/donaulife-new.ogrisdigital.at\/da\/wp-json\/wp\/v2\/media?parent=55024"}],"wp:term":[{"taxonomy":"product_cat","embeddable":true,"href":"https:\/\/donaulife-new.ogrisdigital.at\/da\/wp-json\/wp\/v2\/product_cat?post=55024"},{"taxonomy":"product_tag","embeddable":true,"href":"https:\/\/donaulife-new.ogrisdigital.at\/da\/wp-json\/wp\/v2\/product_tag?post=55024"}],"curies":[{"name":"wp","href":"https:\/\/api.w.org\/{rel}","templated":true}]}}