{"id":55019,"date":"2023-09-14T13:44:25","date_gmt":"2023-09-14T13:44:25","guid":{"rendered":"https:\/\/donaulife-new.ogrisdigital.at\/produkt\/pax-plus-pax-3-ladegeraet-usb\/"},"modified":"2024-07-01T01:11:29","modified_gmt":"2024-07-01T01:11:29","slug":"pax-plus-pax-3-ladegeraet-usb","status":"publish","type":"product","link":"https:\/\/donaulife-new.ogrisdigital.at\/da\/pax-plus-pax-3-ladegeraet-usb\/","title":{"rendered":"PAX Plus \/ PAX 3 Ladeger\u00e4t USB"},"content":{"rendered":"<h2 class=\"h-large\"><strong>PAX 2 \/ 3 \/ Plus \/ Mini Ladeger\u00e4t<\/strong><\/h2>\n<p>Mit dem PAX USB Ladeger\u00e4t k\u00f6nnen Sie Ihren PAX Vaporizer problemlos \u00fcberall aufladen, wo eine USB-Stromquelle verf\u00fcgbar ist. Dieses praktische Ladeger\u00e4t ist kompakt und leicht, was es ideal f\u00fcr unterwegs macht. Egal, ob Sie zu Hause, im Auto oder unterwegs sind, Sie haben immer die M\u00f6glichkeit, Ihren PAX Vaporizer aufzuladen.<\/p>\n<h3>Lieferumfang<\/h3>\n<ul>\n<li>1x Pax USB Ladeger\u00e4t<\/li>\n<\/ul>\n<h3>\u00dcber Pax Labs:<\/h3>\n<p>UNSERE MISSION IST ES, DAS LEBEN DER MENSCHEN ZU VERBESSERN<\/p>\n<p>Unsere Gemeinschaften sind f\u00fcr ihr Wohlbefinden auf Cannabis angewiesen. Deshalb arbeiten wir jeden Tag daran, das Beste aus der Blume herauszuholen, damit sie das Beste aus uns herausholen kann.<\/p>\n<p>Es treibt unsere unerm\u00fcdliche Innovation und unseren Respekt f\u00fcr die zeitlosen Vorteile von Cannabis an.<\/p>\n<p>Das ist der Grund, warum PAX-Ger\u00e4te erhitzen und niemals verbrennen, damit jede Session, jedes Mal, bl\u00fctengetreu und besser f\u00fcr Sie ist. Und es ist der Grund, warum alles, was wir machen, mit reinem, nat\u00fcrlichem, 100%igem Cannabis beginnt.<\/p>\n","protected":false},"excerpt":{"rendered":"<p>PAX 2 \/ 3 \/ Plus \/ Mini Ladeger\u00e4t Mit dem PAX USB Ladeger\u00e4t k\u00f6nnen Sie Ihren PAX Vaporizer problemlos<\/p>\n","protected":false},"featured_media":41519,"comment_status":"open","ping_status":"open","template":"","meta":{"_acf_changed":false},"product_cat":[2489,2566,2625,3664,2623],"product_tag":[3665],"acf":[],"_links":{"self":[{"href":"https:\/\/donaulife-new.ogrisdigital.at\/da\/wp-json\/wp\/v2\/product\/55019"}],"collection":[{"href":"https:\/\/donaulife-new.ogrisdigital.at\/da\/wp-json\/wp\/v2\/product"}],"about":[{"href":"https:\/\/donaulife-new.ogrisdigital.at\/da\/wp-json\/wp\/v2\/types\/product"}],"replies":[{"embeddable":true,"href":"https:\/\/donaulife-new.ogrisdigital.at\/da\/wp-json\/wp\/v2\/comments?post=55019"}],"wp:featuredmedia":[{"embeddable":true,"href":"https:\/\/donaulife-new.ogrisdigital.at\/da\/wp-json\/wp\/v2\/media\/41519"}],"wp:attachment":[{"href":"https:\/\/donaulife-new.ogrisdigital.at\/da\/wp-json\/wp\/v2\/media?parent=55019"}],"wp:term":[{"taxonomy":"product_cat","embeddable":true,"href":"https:\/\/donaulife-new.ogrisdigital.at\/da\/wp-json\/wp\/v2\/product_cat?post=55019"},{"taxonomy":"product_tag","embeddable":true,"href":"https:\/\/donaulife-new.ogrisdigital.at\/da\/wp-json\/wp\/v2\/product_tag?post=55019"}],"curies":[{"name":"wp","href":"https:\/\/api.w.org\/{rel}","templated":true}]}}