{"id":54928,"date":"2023-09-06T13:13:00","date_gmt":"2023-09-06T13:13:00","guid":{"rendered":"https:\/\/donaulife-new.ogrisdigital.at\/produkt\/heisenberg-percolatorbong-dark-perc-50-cm\/"},"modified":"2024-07-01T01:10:32","modified_gmt":"2024-07-01T01:10:32","slug":"heisenberg-percolatorbong-dark-perc-50-cm","status":"publish","type":"product","link":"https:\/\/donaulife-new.ogrisdigital.at\/da\/heisenberg-percolatorbong-dark-perc-50-cm\/","title":{"rendered":"HEISENBERG Percolatorbong &#8216;Dark Perc&#8217; | 50 cm"},"content":{"rendered":"<h2>Heisenberg Beakerbong mit 12-Arm Perc<\/h2>\n<div id=\"description\" class=\"data item content\" role=\"tabpanel\" data-role=\"content\" aria-labelledby=\"tab-label-description\" aria-hidden=\"false\">\n<div class=\"product attribute description\">\n<div class=\"value\">\n<p>Die Beaker Bubble 12-Arm Perc ist eine knapp unter 50cm gro\u00dfe Beaker Bong, die dir ein solides Raucherlebnis beschert. Das gro\u00dfe Rauchvolumen schie\u00dft ohne Umwege nach oben und haut schnell unge\u00fcbte Raucher aus den Latschen. Daher sollten sich unge\u00fcbte Nutzer etwas zur\u00fcckhalten.<br \/>\nIhr gro\u00dfer Vorteil ist, dass durch die angenehme Gr\u00f6\u00dfe und die Perkolatorkammer in der Halsmitte, man ruhig st\u00e4rker an der Bong rei\u00dfen kann. Denn sowohl der Schlitzdiffusor als auch der 12 Arm Perc sorgen f\u00fcr einen guten Durchzug, ohne Gefahr, dass \u00fcbersch\u00fcssiges Wasser bis an den Mund spritzt.<\/p>\n<h3>Besonderheiten der Beaker Bubble 12-Arm Perc Darkgreen<\/h3>\n<p><strong>Dunkelgr\u00fcne Farbakzente<\/strong>\u00a0&#8211; Die Bong verf\u00fcgt \u00fcber eine ansprechende Farbgestaltung. Im Kontrast zu dem klaren, transparenten K\u00f6rper liefern der Perkolator und die Perlen rund um das Mundst\u00fcck durch ihre petrol bis dunkelgr\u00fcne Glasfarbe etwas f\u00fcrs Auge.<\/p>\n<p><strong>12-Arm Perkolator<\/strong>\u00a0&#8211; Bei dem gro\u00dfen Perkolator zwischen Mundst\u00fcck und Beaker-Boden handelt es sich um einen gro\u00dfen Tree Perc mit 12 einzelnen Diffusor-Armen. Jedes einzelne \u00c4rmchen wird von 3 Schlitzen durchzogen, durch die der Rauch gezogen und intensiv verwirbelt wird, um ihn zu k\u00fchlen und m\u00f6glichst vielen Schadstoffen zu befreien, bevor er eingeatmet werden kann.<\/p>\n<p><strong>Kickloch mit Verschlusstopfen<\/strong>\u00a0&#8211; Im Gegensatz zur alter Version der Beaker Bubble 12-Arm Perc ist dieses Modell mit einem Kickloch ausgestattet. Dieses bietet den Vorteil, dass das K\u00f6pfchen zum Hitten nicht angehoben werden muss und vereinfacht das reinigen und trocknen der Bong nach der Benutzung. Um die Finger beim Rauchen sauber zu behalten und die Reinigung der Bong noch einfacher zu gestalten, ist bei der Lieferung ein Kicklochstutzen aus Silikon enthalten.<\/p>\n<p><strong>Lieferumfang:<\/strong><\/p>\n<p>&#8211; Beaker Bubble 12 Arm Perc Darkgreen<br \/>\n&#8211; Schlitzdiffusor 18,8&gt;18,8 L\u00e4nge: ca. 12cm<br \/>\n&#8211; Standard Bowl 18,8 mm, male<br \/>\n&#8211; Verschlussstopfen aus Silikon<\/p>\n<p><span style=\"font-size: 20.16px; color: #333333;\">\u00dcber Heisenberg:<\/span><\/p>\n<\/div>\n<\/div>\n<\/div>\n<div>\n<div>\n<p>Heisenberg \u2013 nicht nur durch Breaking Bad ein Ph\u00e4nomen. Die Marke Heisenberg ist unter anderem durch ihre Glasbongs bekannt geworden. Keine Bong der Heisenberg Serie ist wie die andere. Hier werden verschiedene Gestaltungselemente geboten, wie beispielsweise poppige Farben oder mit Glow in the dark Funktion, Pl\u00e4tzen zum Einsetzen von LED Beleuchtung und anderen Extras.<\/p>\n<p>Bei dem interessanten Sortiment an Glasbongs, ist mit Sicherheit auch was f\u00fcr dich dabei!<\/p>\n<\/div>\n<\/div>\n","protected":false},"excerpt":{"rendered":"<p>Heisenberg Beakerbong mit 12-Arm Perc Die Beaker Bubble 12-Arm Perc ist eine knapp unter 50cm gro\u00dfe Beaker Bong, die dir<\/p>\n","protected":false},"featured_media":41092,"comment_status":"open","ping_status":"open","template":"","meta":{"_acf_changed":false},"product_cat":[2514,2459,2507,3404,2523,2515,2635,2506,2463],"product_tag":[3405,2466],"acf":[],"_links":{"self":[{"href":"https:\/\/donaulife-new.ogrisdigital.at\/da\/wp-json\/wp\/v2\/product\/54928"}],"collection":[{"href":"https:\/\/donaulife-new.ogrisdigital.at\/da\/wp-json\/wp\/v2\/product"}],"about":[{"href":"https:\/\/donaulife-new.ogrisdigital.at\/da\/wp-json\/wp\/v2\/types\/product"}],"replies":[{"embeddable":true,"href":"https:\/\/donaulife-new.ogrisdigital.at\/da\/wp-json\/wp\/v2\/comments?post=54928"}],"wp:featuredmedia":[{"embeddable":true,"href":"https:\/\/donaulife-new.ogrisdigital.at\/da\/wp-json\/wp\/v2\/media\/41092"}],"wp:attachment":[{"href":"https:\/\/donaulife-new.ogrisdigital.at\/da\/wp-json\/wp\/v2\/media?parent=54928"}],"wp:term":[{"taxonomy":"product_cat","embeddable":true,"href":"https:\/\/donaulife-new.ogrisdigital.at\/da\/wp-json\/wp\/v2\/product_cat?post=54928"},{"taxonomy":"product_tag","embeddable":true,"href":"https:\/\/donaulife-new.ogrisdigital.at\/da\/wp-json\/wp\/v2\/product_tag?post=54928"}],"curies":[{"name":"wp","href":"https:\/\/api.w.org\/{rel}","templated":true}]}}