{"id":54901,"date":"2023-09-06T07:32:59","date_gmt":"2023-09-06T07:32:59","guid":{"rendered":"https:\/\/donaulife-new.ogrisdigital.at\/produkt\/magical-butter-3-pack-messbecher\/"},"modified":"2024-07-01T01:10:16","modified_gmt":"2024-07-01T01:10:16","slug":"magical-butter-3-pack-messbecher","status":"publish","type":"product","link":"https:\/\/donaulife-new.ogrisdigital.at\/da\/magical-butter-3-pack-messbecher\/","title":{"rendered":"MAGICAL BUTTER 3-Pack Messbecher"},"content":{"rendered":"<h1 class=\"title\">MagicalButter 3-Pack Messbecher<\/h1>\n<div>\n<p>Wir stellen die Magical Butter 3-Pack Messbecher vor, die perfekte Erg\u00e4nzung f\u00fcr jede Gro\u00dfk\u00fcche oder B\u00e4ckerei. Diese Messbecher wurden entwickelt, um deine Koch- und Backerfahrung einfacher und effizienter zu gestalten. Das Set enth\u00e4lt drei verschiedene Volumina, 0,5 Tassen, 1 Tasse und 2 Tassen, so dass du die Zutaten genau und einfach abmessen k\u00f6nnen.<\/p>\n<p>Die aus hitzebest\u00e4ndigem Silikon gefertigten Messbecher sind mikrowellengeeignet und ideal zum Schmelzen von Butter, Schokolade oder zum Gie\u00dfen von Gummimischungen. Das antihaftbeschichtete Silikon und der Griff zum Ausgie\u00dfen sorgen daf\u00fcr, dass weniger Fl\u00fcssigkeit versch\u00fcttet wird, wodurch du Zeit sparen und weniger Abfall produzieren wirst. Die flexiblen Becher haben leicht ablesbare Markierungen und einen flachen Boden, der f\u00fcr Stabilit\u00e4t auf der Arbeitsplatte sorgt und sicherstellt, dass deine Messungen immer genau sind.<\/p>\n<p>Die Magical Messbecher werden aus BPA-freiem Silikon hergestellt und sind FDA- und LFGB-gepr\u00fcft, so dass sie in jeder Gro\u00dfk\u00fcche sicher verwendet werden k\u00f6nnen. Diese Messbecher sind haltbar und langlebig.<\/p>\n<p>Zus\u00e4tzlich zu den Messbechern bieten wir auch das Magical Butter DecarBox Thermometer an. Mit diesem innovativen Produkt k\u00f6nnen Sie Ihren Ofen ganz einfach f\u00fcr eine pr\u00e4zise Decarboxylierung kalibrieren. Das integrierte digitale Thermometer und das externe Display \u00fcberwachen die Temperatur im Inneren der DecarBox\u2122, ohne dass der Ofen ge\u00f6ffnet werden muss, und verhindern so Temperaturschwankungen. Die H\u00fclle aus lebensmittelechtem Silikon bewahrt wertvolle Pflanzenstoffe und Aromen. Die DecarBox\u2122 kann m\u00fchelos bis zu 2 Unzen Kr\u00e4uter auf einmal in der gew\u00fcnschten Potenz aktivieren.<\/p>\n<\/div>\n<div><\/div>\n","protected":false},"excerpt":{"rendered":"<p>MagicalButter 3-Pack Messbecher Wir stellen die Magical Butter 3-Pack Messbecher vor, die perfekte Erg\u00e4nzung f\u00fcr jede Gro\u00dfk\u00fcche oder B\u00e4ckerei. Diese<\/p>\n","protected":false},"featured_media":40963,"comment_status":"open","ping_status":"open","template":"","meta":{"_acf_changed":false},"product_cat":[2489,2451,3487,3488],"product_tag":[3489],"acf":[],"_links":{"self":[{"href":"https:\/\/donaulife-new.ogrisdigital.at\/da\/wp-json\/wp\/v2\/product\/54901"}],"collection":[{"href":"https:\/\/donaulife-new.ogrisdigital.at\/da\/wp-json\/wp\/v2\/product"}],"about":[{"href":"https:\/\/donaulife-new.ogrisdigital.at\/da\/wp-json\/wp\/v2\/types\/product"}],"replies":[{"embeddable":true,"href":"https:\/\/donaulife-new.ogrisdigital.at\/da\/wp-json\/wp\/v2\/comments?post=54901"}],"wp:featuredmedia":[{"embeddable":true,"href":"https:\/\/donaulife-new.ogrisdigital.at\/da\/wp-json\/wp\/v2\/media\/40963"}],"wp:attachment":[{"href":"https:\/\/donaulife-new.ogrisdigital.at\/da\/wp-json\/wp\/v2\/media?parent=54901"}],"wp:term":[{"taxonomy":"product_cat","embeddable":true,"href":"https:\/\/donaulife-new.ogrisdigital.at\/da\/wp-json\/wp\/v2\/product_cat?post=54901"},{"taxonomy":"product_tag","embeddable":true,"href":"https:\/\/donaulife-new.ogrisdigital.at\/da\/wp-json\/wp\/v2\/product_tag?post=54901"}],"curies":[{"name":"wp","href":"https:\/\/api.w.org\/{rel}","templated":true}]}}