{"id":54897,"date":"2023-09-05T14:26:23","date_gmt":"2023-09-05T14:26:23","guid":{"rendered":"https:\/\/donaulife-new.ogrisdigital.at\/produkt\/hochzeit-genius-bowl-145-mm\/"},"modified":"2025-01-15T07:06:54","modified_gmt":"2025-01-15T07:06:54","slug":"hochzeit-genius-bowl-145-mm","status":"publish","type":"product","link":"https:\/\/donaulife-new.ogrisdigital.at\/da\/hochzeit-genius-bowl-145-mm\/","title":{"rendered":"HOCH|ZEIT Genius Bowl | 14,5 mm"},"content":{"rendered":"<h2>HOCH|ZEIT Genius Bowl mit herausnehmbaren Sieb<\/h2>\n<p>Die HOCH|ZEIT Genius Bowl ist ein einzigartiger Bongkopf, der das Raucherlebnis auf ein neues Level hebt. Mit einem 14,5 mm Schliff passt er perfekt zu den meisten Bongs und sorgt f\u00fcr eine stabile Verbindung. Doch das Besondere an diesem Kopf ist sein herausnehmbares Sieb. Dieses innovative Feature erm\u00f6glicht es, das Sieb leicht zu entfernen und zu reinigen, was nicht nur die Wartung erleichtert, sondern auch den Geschmack und die Rauchqualit\u00e4t verbessert. Der Genius Bowl ist somit nicht nur praktisch, sondern auch sehr langlebig. Erlebe das Beste aus deinem Raucherlebnis mit dem Genius Bowl.<\/p>\n<h2>\u00dcber HOCH|ZEIT<\/h2>\n<p>HOCH | ZEIT ist aus einer Idee w\u00e4hrend einer Stonersession beim Klettern in den majest\u00e4tischen Alpen hervorgegangen. Sie verk\u00f6rpert das unvergleichliche Gef\u00fchl, das Leben in vollen Z\u00fcgen zu genie\u00dfen. HOCH|ZEIT steht f\u00fcr die Botschaft, dass es wichtig ist, sich Zeit zu nehmen, die Sch\u00f6nheit der Welt zu erkunden und dabei das Beste aus jedem Moment herauszuholen. Die Alpen, als Kulisse f\u00fcr die Geburt dieses Movements, symbolisieren nicht nur erhabene H\u00f6hen und atemberaubende Ausblicke, sondern auch die Kraft der Natur, die inspirierende Kraft des Drau\u00dfenseins und die Freiheit, die man in solchen Momenten versp\u00fcrt.<\/p>\n<p>Jetzt gibt es nur noch eines zu sagen&#8230;<\/p>\n<p><a href=\"https:\/\/www.donaulife.com\/wp-content\/uploads\/2023\/09\/es-ist-hochzeit.png\" target=\"_blank\" rel=\"noopener\"><img decoding=\"async\" class=\"alignnone size-medium wp-image-53093\" src=\"https:\/\/www.donaulife.com\/wp-content\/uploads\/2023\/09\/es-ist-hochzeit-300x150.png\" alt=\"\" width=\"300\" height=\"150\" \/><\/a><\/p>\n","protected":false},"excerpt":{"rendered":"<p>HOCH|ZEIT Genius Bowl mit herausnehmbaren Sieb Die HOCH|ZEIT Genius Bowl ist ein einzigartiger Bongkopf, der das Raucherlebnis auf ein neues<\/p>\n","protected":false},"featured_media":40937,"comment_status":"open","ping_status":"open","template":"","meta":{"_acf_changed":false},"product_cat":[2473,2459,2461,2460],"product_tag":[],"acf":[],"_links":{"self":[{"href":"https:\/\/donaulife-new.ogrisdigital.at\/da\/wp-json\/wp\/v2\/product\/54897"}],"collection":[{"href":"https:\/\/donaulife-new.ogrisdigital.at\/da\/wp-json\/wp\/v2\/product"}],"about":[{"href":"https:\/\/donaulife-new.ogrisdigital.at\/da\/wp-json\/wp\/v2\/types\/product"}],"replies":[{"embeddable":true,"href":"https:\/\/donaulife-new.ogrisdigital.at\/da\/wp-json\/wp\/v2\/comments?post=54897"}],"wp:featuredmedia":[{"embeddable":true,"href":"https:\/\/donaulife-new.ogrisdigital.at\/da\/wp-json\/wp\/v2\/media\/40937"}],"wp:attachment":[{"href":"https:\/\/donaulife-new.ogrisdigital.at\/da\/wp-json\/wp\/v2\/media?parent=54897"}],"wp:term":[{"taxonomy":"product_cat","embeddable":true,"href":"https:\/\/donaulife-new.ogrisdigital.at\/da\/wp-json\/wp\/v2\/product_cat?post=54897"},{"taxonomy":"product_tag","embeddable":true,"href":"https:\/\/donaulife-new.ogrisdigital.at\/da\/wp-json\/wp\/v2\/product_tag?post=54897"}],"curies":[{"name":"wp","href":"https:\/\/api.w.org\/{rel}","templated":true}]}}