{"id":54878,"date":"2023-08-25T11:32:14","date_gmt":"2023-08-25T11:32:14","guid":{"rendered":"https:\/\/donaulife-new.ogrisdigital.at\/produkt\/puffco-proxy-e-nail-fuer-extrakte\/"},"modified":"2024-07-01T01:10:01","modified_gmt":"2024-07-01T01:10:01","slug":"puffco-proxy-e-nail-fuer-extrakte","status":"publish","type":"product","link":"https:\/\/donaulife-new.ogrisdigital.at\/da\/puffco-proxy-e-nail-fuer-extrakte\/","title":{"rendered":"PUFFCO Proxy E-Nail f\u00fcr Extrakte"},"content":{"rendered":"<h2>Puffco Proxy Konzentrat Vaporizer<\/h2>\n<p>Der Puffco Proxy Portable Concentrate Vaporizer ist ein tragbarer, modularer Vaporizer, der Flexibilit\u00e4t f\u00fcr Ihren Cannabiskonsum bietet. Er ist eine Mischung aus Tradition und Innovation mit einer ergonomischen Glaspfeife, die die einzigartige modulare Basis h\u00e4lt, so dass Sie aus unserem Sortiment an kompatiblem Zubeh\u00f6r und K\u00fcnstlerglas von Drittanbietern w\u00e4hlen k\u00f6nnen. Mit ihrer innovativen 3D-Kammer-Technologie bietet sie vier pr\u00e4zise Heiztemperaturen f\u00fcr die beste Geschmacks- und Dampfproduktion.<\/p>\n<p><strong>Puffco 3D Chamber; Neue Erfahrung<\/strong><\/p>\n<p>Puffco 3D Chamber ist eine innovative Innovation in der Heiztechnologie, die mit Heizleitern ausgestattet ist. Wenn Sie inhalieren, verdampft das \u00d6l an der Seite und nicht nur am Boden der Keramikschale, um die Qualit\u00e4t des \u00d6ls zu erhalten. Dies sorgt f\u00fcr einen gleichm\u00e4\u00dfigen, sanften Zug und verst\u00e4rkt den Geschmack f\u00fcr ein noch befriedigenderes Erlebnis.<\/p>\n<ul>\n<li>\u00c4u\u00dferst effizient<\/li>\n<li>Konstante Temperaturkontrolle<\/li>\n<li>Bewahrt die Qualit\u00e4t des Geschmacks<\/li>\n<li>Glasierte Keramikschale f\u00fcr einfache Reinigung.<\/li>\n<li>Die Gr\u00f6\u00dfe spielt beim Puffco Proxy keine Rolle<\/li>\n<li>Mit einem kleinen, aber leistungsstarken Design, ist der Wholesale Puffco Proxy Portable Concentrate Vaporizer in der Lage, mit Ihrem Leben unterwegs Schritt zu halten. Der Proxy wird mit einer<\/li>\n<li>Tragetasche und zus\u00e4tzlichem Stauraum geliefert, so dass Sie das perfekte Ger\u00e4t f\u00fcr alle Ihre Bed\u00fcrfnisse haben werden.<\/li>\n<\/ul>\n<p><strong>Einfach zu benutzen; Einfach zu warten<\/strong><\/p>\n<p>1. Laden Sie ihn<br \/>\n2. Hitzeeinstellung w\u00e4hlen<br \/>\n3. Doppelklick<br \/>\n4. Nach dem Summen dr\u00fccken<\/p>\n<p><strong>Hitzeeinstellungen f\u00fcr jeden geeignet<\/strong><\/p>\n<p>Blau (Niedrig) &#8211; H\u00f6chster Geschmack, geringste Dampfproduktion<br \/>\nGr\u00fcn (Mittel) &#8211; Ausgeglichener Geschmack und Dampf<br \/>\nRot (Hoch) &#8211; Hoher Dampf mit gutem Geschmack<br \/>\nWei\u00df (Peak) &#8211; H\u00f6chste Dampfentwicklung, f\u00fcr gr\u00f6\u00dfere Dabs<\/p>\n<p><img fetchpriority=\"high\" decoding=\"async\" class=\"alignnone wp-image-49236\" src=\"https:\/\/www.donaulife.com\/wp-content\/uploads\/2023\/08\/Whats-in-the-box-300x183.webp\" alt=\"\" width=\"430\" height=\"262\" \/><\/p>\n<p><strong>Spezifikationen des Produkts<\/strong><\/p>\n<ul>\n<li>Inklusive Tragetasche<\/li>\n<li>4 vorprogrammierte Hitzeeinstellungen<\/li>\n<li>3D-Kammer (versiegelt)<\/li>\n<li>Keramische Schale<\/li>\n<li>Boost-Modus<\/li>\n<li>USB-C-Anschluss<\/li>\n<li>1,5-Stunden-Schnellladezeit<\/li>\n<li>15 Heizzyklen durchschnittliche Akkulaufzeit<\/li>\n<li>30-Sekunden-Aufheizzeit<\/li>\n<li>Auto-Sleep-Funktion<\/li>\n<li>Sockel (LxBxH): 42 x 42 x 64,75 mm<\/li>\n<li>Glas (LxBxH): 42 x 129.41 x 57.48mm<\/li>\n<li>Gro\u00dfhandel Puffco Proxy Tragbarer Konzentrat-Verdampfer<\/li>\n<li>Tragetasche<\/li>\n<li>Basis<\/li>\n<li>Glas<\/li>\n<li>Kammer<\/li>\n<li>Kabel<\/li>\n<li>Ladeger\u00e4t<\/li>\n<li>DoppelwerkzeugWARNUNG WICHTIG: BATTERIESICHERHEITSHINWEISE<br \/>\nLaden Sie den Akku mit einem qualitativ hochwertigen und geeigneten Ladeger\u00e4t auf. Verwenden Sie niemals ein Ladeger\u00e4t mit einer h\u00f6heren Spannung\/Stromst\u00e4rke als 5V\/1A.<br \/>\nWenn Sie den Akku nicht benutzen, sollten Sie ihn vor Hitze sch\u00fctzen und in einer nicht leitenden Box\/einem nicht leitenden Koffer aufbewahren. Tragen Sie den Akku niemals lose in Ihrer Tasche zusammen mit anderen Metallgegenst\u00e4nden.<\/li>\n<\/ul>\n<p>Verwenden Sie nur Originalbatterien.<\/p>\n<p>Verwenden Sie keine besch\u00e4digten Batterien in Ihrem Verdampfer. Selbst ein kleiner Riss oder eine lose Verpackung kann gef\u00e4hrlich sein.<br \/>\nDie Nichtbeachtung dieser Anweisungen kann zu schweren oder dauerhaften Sch\u00e4den an der Batterie, zu schweren Verletzungen oder zu einem Brand f\u00fchren. Fehlgebrauch, Missbrauch, falsches Aufladen, Nichteinhaltung der oben genannten Warnhinweise und Richtlinien sowie sonstige unsachgem\u00e4\u00dfe Verwendung dieses Produkts sind nicht durch die Garantie abgedeckt. Bitte beachten Sie bei der Entsorgung des Akkus die \u00f6rtlichen Recyclingvorschriften.<\/p>\n<h3>\u00dcber Puffco:<\/h3>\n<p>Unsere Reise begann 2013, als CEO Roger Volodarsky die Nachfrage von Konzentrat Vapes erkannte. Mit dem Ziel, die beste Plattform f\u00fcr den Extraktkonsum zu schaffen, brachte er Design und Technologie zusammen, um Puffco zu gr\u00fcnden. Wir haben einen sichereren, einfacheren und viel geschmackvolleren Industriestandard entwickelt. Ob es die Geschmacksnuancen sind, die Sie bei Ihren Lieblingssorten noch nicht bemerkt haben, die neuen Gef\u00fchle in Ihrem K\u00f6rper und\/oder ein klarerer mentaler Zustand &#8211; der Puffco-Unterschied ist tiefgreifend.<\/p>\n<p>&nbsp;<\/p>\n<p>&nbsp;<\/p>\n","protected":false},"excerpt":{"rendered":"<p>Puffco Proxy Konzentrat Vaporizer Der Puffco Proxy Portable Concentrate Vaporizer ist ein tragbarer, modularer Vaporizer, der Flexibilit\u00e4t f\u00fcr Ihren Cannabiskonsum<\/p>\n","protected":false},"featured_media":48207,"comment_status":"open","ping_status":"closed","template":"","meta":{"_acf_changed":false},"product_cat":[2566,2625,2623],"product_tag":[],"acf":[],"_links":{"self":[{"href":"https:\/\/donaulife-new.ogrisdigital.at\/da\/wp-json\/wp\/v2\/product\/54878"}],"collection":[{"href":"https:\/\/donaulife-new.ogrisdigital.at\/da\/wp-json\/wp\/v2\/product"}],"about":[{"href":"https:\/\/donaulife-new.ogrisdigital.at\/da\/wp-json\/wp\/v2\/types\/product"}],"replies":[{"embeddable":true,"href":"https:\/\/donaulife-new.ogrisdigital.at\/da\/wp-json\/wp\/v2\/comments?post=54878"}],"wp:featuredmedia":[{"embeddable":true,"href":"https:\/\/donaulife-new.ogrisdigital.at\/da\/wp-json\/wp\/v2\/media\/48207"}],"wp:attachment":[{"href":"https:\/\/donaulife-new.ogrisdigital.at\/da\/wp-json\/wp\/v2\/media?parent=54878"}],"wp:term":[{"taxonomy":"product_cat","embeddable":true,"href":"https:\/\/donaulife-new.ogrisdigital.at\/da\/wp-json\/wp\/v2\/product_cat?post=54878"},{"taxonomy":"product_tag","embeddable":true,"href":"https:\/\/donaulife-new.ogrisdigital.at\/da\/wp-json\/wp\/v2\/product_tag?post=54878"}],"curies":[{"name":"wp","href":"https:\/\/api.w.org\/{rel}","templated":true}]}}