{"id":54860,"date":"2023-08-16T13:13:14","date_gmt":"2023-08-16T13:13:14","guid":{"rendered":"https:\/\/donaulife-new.ogrisdigital.at\/produkt\/integra-boost-feuchtigkeitsregulator-62-terpene-4g\/"},"modified":"2024-07-01T01:09:51","modified_gmt":"2024-07-01T01:09:51","slug":"integra-boost-feuchtigkeitsregulator-62-terpene-4g","status":"publish","type":"product","link":"https:\/\/donaulife-new.ogrisdigital.at\/da\/integra-boost-feuchtigkeitsregulator-62-terpene-4g\/","title":{"rendered":"INTEGRA BOOST Feuchtigkeitsregulator 62% + Terpene | 4g"},"content":{"rendered":"<h2>Integra Feuchtigkeitsregulator 62% + Terpene<\/h2>\n<p>WAS SIND INTEGRA BOOST\u00ae TERPENE ESSENTIALS?<br \/>\nUnsere Boost\u00ae Terpen Essentials-Linie enth\u00e4lt einige der beliebtesten Isolate, die in der Cannabisindustrie zu finden sind:<br \/>\nLinalool, Limonen, Myrcen, Humulen, Beta-Caryophyllen, Pinen und Terpinolen.<\/p>\n<p>Wir verwenden nach wie vor unsere bew\u00e4hrte salzfreie, ungiftige Formel zur Feuchtigkeitsregulierung auf pflanzlicher Basis, haben den Packungen aber auch Terpene pflanzlichen Ursprungs hinzugef\u00fcgt, damit Sie Ihr pflanzliches Produkt mit den ausgepr\u00e4gten Aromen und Geschmacksrichtungen Ihres bevorzugten Terpens versehen k\u00f6nnen.<\/p>\n<p>Diese Packungen erf\u00fcllen einen doppelten Zweck: Sie k\u00f6nnen Ihren pflanzlichen Produkten geschmacks- und wahrnehmungsverbessernde botanische Terpene hinzuf\u00fcgen und die Feuchtigkeit regulieren.<\/p>\n<p>Im Gegensatz zu normalen, nicht aromatisierten Integra Boost\u00ae-Packungen ver\u00e4ndert die Boost\u00ae Terpene Essentials-Linie die Aromen und den Geschmack Ihres Produkts. Diese Ver\u00e4nderungen sind normal und zu erwarten &#8211; sie bedeuten, dass Ihr Produkt die Terpene absorbiert und infundiert.<\/p>\n<p><iframe title=\"Integra BOOST Terpene Essentials: What You Need To Know\" width=\"500\" height=\"281\" src=\"https:\/\/www.youtube.com\/embed\/NgPqcVB7KdI?feature=oembed\" frameborder=\"0\" allow=\"accelerometer; autoplay; clipboard-write; encrypted-media; gyroscope; picture-in-picture; web-share\" allowfullscreen><\/iframe><\/p>\n<p>Um Aromakr\u00e4uter optimal aufzubewahren, so dass sie nicht verschimmeln, vertrocknen oder sogar ihre Wirkung verlieren, sollte die Luftfeuchtigkeit im Vorratsbeh\u00e4lter stets zwischen 55% &#8211; 62% liegen.<\/p>\n<p><strong>INTEGRA BOOST\u2122<\/strong>\u00a0Humidiccant von\u00a0<strong>Desiccare, Inc.\u2122<\/strong>\u00a0verwendet eine patentierte Technologie, die bei Bedarf entweder Feuchtigkeit freisetzt oder Feuchtigkeit absorbiert und so die relative Luftfeuchtigkeit in einer geschlossenen Umgebung bei 55% oder auch bei 62% h\u00e4lt. Dabei liegt es im Ermessen des Benutzers, ob er und seine Kr\u00e4utersorte lieber eine etwas trockenere Umgebung bevorzugen (55%) oder mehr Feuchtigkeit gew\u00fcnscht wird (62%) \u2013 auf der sicheren Seite ist man mit beidem, da beide im idealen Bereich liegen.<\/p>\n<p>Dank dieser 2-Wege-Regulierung der Feuchtigkeit haben die Kr\u00e4uter w\u00e4hrend der Lagerung die besten Bedingungen, um Wirkung, Aroma, Frische, Geschmack, Geruch und Farbe zu erhalten und sogar noch zu verbessern (Stichwort Fermentierung). Die Anwendung ist mehr als simpel:<\/p>\n<p>Einfach Boost-Pack mit in den Vorratsbeh\u00e4lter legen!<\/p>\n<p><b>4g &#8216;Integra Boost&#8217; reichen f\u00fcr ca. 6g \u2013 14g Kr\u00e4uter.<\/b><br \/>\n<b>67g &#8216;Integra Boost&#8217; reichen f\u00fcr ca. 29g &#8211; 454g Kr\u00e4uter.<\/b><\/p>\n<p>Anhand des beiliegenden Indikators kann man sofort erkennen, wenn die relative Luftfeuchtigkeit nicht mehr optimal ist und das Boost-Pack ausgetauscht werden muss. Die Boost-Packs enthalten keine Salze, sondern eine pflanzenbasierte L\u00f6sung mit Glycerin und Wasser. Die Verpackung ist mit Lebensmittelfarben bedruckt, so dass es keinerlei Beeintr\u00e4chtigung f\u00fcr die Kr\u00e4uter gibt. Die Boost-Packs sind zudem biologisch abbaubar, rei\u00dffest und spritzwassergesch\u00fctzt, sie bleiben biegsam und verhindern ein Austritt des Inhalts.<\/p>\n<p>Mit\u00a0<strong>INTEGRA BOOST\u2122<\/strong>\u00a0bleiben Kr\u00e4uter auf leichte, aber sichere Art und Weise frisch, wirkungsvoll und angenehm mild im Geschmack (da bei erfolgreicher Fermentierung das enthaltene Chlorophyll abgebaut wird)!<\/p>\n<p>&nbsp;<\/p>\n","protected":false},"excerpt":{"rendered":"<p>Integra Feuchtigkeitsregulator 62% + Terpene WAS SIND INTEGRA BOOST\u00ae TERPENE ESSENTIALS? Unsere Boost\u00ae Terpen Essentials-Linie enth\u00e4lt einige der beliebtesten Isolate,<\/p>\n","protected":false},"featured_media":40678,"comment_status":"open","ping_status":"closed","template":"","meta":{"_acf_changed":false},"product_cat":[2607,2451,2825],"product_tag":[],"acf":[],"_links":{"self":[{"href":"https:\/\/donaulife-new.ogrisdigital.at\/da\/wp-json\/wp\/v2\/product\/54860"}],"collection":[{"href":"https:\/\/donaulife-new.ogrisdigital.at\/da\/wp-json\/wp\/v2\/product"}],"about":[{"href":"https:\/\/donaulife-new.ogrisdigital.at\/da\/wp-json\/wp\/v2\/types\/product"}],"replies":[{"embeddable":true,"href":"https:\/\/donaulife-new.ogrisdigital.at\/da\/wp-json\/wp\/v2\/comments?post=54860"}],"wp:featuredmedia":[{"embeddable":true,"href":"https:\/\/donaulife-new.ogrisdigital.at\/da\/wp-json\/wp\/v2\/media\/40678"}],"wp:attachment":[{"href":"https:\/\/donaulife-new.ogrisdigital.at\/da\/wp-json\/wp\/v2\/media?parent=54860"}],"wp:term":[{"taxonomy":"product_cat","embeddable":true,"href":"https:\/\/donaulife-new.ogrisdigital.at\/da\/wp-json\/wp\/v2\/product_cat?post=54860"},{"taxonomy":"product_tag","embeddable":true,"href":"https:\/\/donaulife-new.ogrisdigital.at\/da\/wp-json\/wp\/v2\/product_tag?post=54860"}],"curies":[{"name":"wp","href":"https:\/\/api.w.org\/{rel}","templated":true}]}}