{"id":54817,"date":"2023-08-07T14:44:44","date_gmt":"2023-08-07T14:44:44","guid":{"rendered":"https:\/\/donaulife-new.ogrisdigital.at\/produkt\/nv-grinder-panzer-crush-2-0-4-teilig-tasche-o-63-mm\/"},"modified":"2024-07-01T01:09:26","modified_gmt":"2024-07-01T01:09:26","slug":"nv-grinder-panzer-crush-2-0-4-teilig-tasche-o-63-mm","status":"publish","type":"product","link":"https:\/\/donaulife-new.ogrisdigital.at\/da\/nv-grinder-panzer-crush-2-0-4-teilig-tasche-o-63-mm\/","title":{"rendered":"NV Grinder &#8216;Panzer Crush 2.0&#8217; 4-teilig + Tasche | \u00d8 63 mm"},"content":{"rendered":"<h2><strong><span style=\"font-size: 23.04px;\">NV Aluminium &#8216;Panzer Crush 2.0&#8217;<\/span><\/strong><\/h2>\n<p>Der neue Edelstahl Grinder aus dem Hause NV. Das man hier f\u00fcr Qualit\u00e4t steht ist vermutlich schon vielen bekannt. Aber der Panzer Grinder 2.0 setzt noch einen drauf. Aus hochwertigstem Industrie Edelstahl gefertigt mahlt sich diese M\u00fchle durch jedes Kraut. Ohne jemals stumpf oder gar kaputt zu werden. Eigentlich ein Grinder f\u00fcrs Leben.<\/p>\n<h2><strong>Was kann der NV Grinder?<\/strong><\/h2>\n<ul>\n<li>Unschlagbarer Grinder in jeder Hinsicht!<\/li>\n<li>Lebenslange Haltbarkeit!<\/li>\n<li>Hergestellt aus rostfreiem Stahl h\u00f6chster Qualit\u00e4t<\/li>\n<li>Entwickelt in \u00d6sterreich.<\/li>\n<li>Brandneues &#8220;quadratisches&#8221; Zahndesign f\u00fcr die besten Ergebnisse!<\/li>\n<li>Verwandelbar in einen 3-teiligen Grinder; nehmen Sie einfach den Pollenfilter heraus und setzen Sie den Grinder wieder zusammen, um eine kleinere Version dieses Grinders zu erhalten.<\/li>\n<li>D\u00fcnner Kunststoff-Ring f\u00fcr smoothes Grinden, kein quietschen und wenig Reibung.<\/li>\n<li>Strukturiert f\u00fcr besseren Halt in den H\u00e4nden.<\/li>\n<li>Leistungsstarke Magnete halten den Deckel fest verschlossen, um herausfallen von \u00dcberresten zu vermeiden.<\/li>\n<li>Der <strong>Sto\u00dfd\u00e4mpfer-Ring<\/strong>\u00a0ist perfekt f\u00fcr alle, die gerne die Grinder Teile gegeneinander klopfen um das gesamte Material aus ihrem Grinder herauszuholen. Dieser Ring sorgt daf\u00fcr, dass der Grinder dabei nicht besch\u00e4digt wird und er gibt dir zus\u00e4tzlichen Halt was das grinden noch einfacher macht. Neben all dem bekommt man durch den Ring extra R\u00fccksto\u00df beim Klopfen, sodass das wertvolle Material noch leichter herausf\u00e4llt.<\/li>\n<li>Die <strong>Schutztasche<\/strong> ist sehr robust und sch\u00fctzt Ihr Grinder Ab vor Kratzern! Es wird mit einem Griff geliefert, um es zu tragen. Der Griff dieser Tasche ist abnehmbar.<\/li>\n<li>Gro\u00dfe und starke Magnete halten den Deckel fest verschlossen, um herausfallendes Material zu vermeiden.<\/li>\n<li>Versand aus \u00d6sterreich.<\/li>\n<\/ul>\n<h2><strong>Stark. Schwergewichtig. Langlebig.<\/strong><\/h2>\n<p class=\"text-align-center\">Jeder NV Grinder wird normal aus Aluminium gefertigt. Der Panzer Crush wurde allerdings aus Edelstahl gefertigt was ihn extrem schwer und robust macht. Dank au\u00dfergew\u00f6hnlicher St\u00e4rke, perfekter Balance und beispielloser Langlebigkeit h\u00e4lt der NV Grinder ein Leben lang.<\/p>\n<h2 class=\"text-align-center\"><strong>Beispiellose Schneidetechnologie.<\/strong><\/h2>\n<p class=\"text-align-center\">Mit den rasiermesserscharfen quadratischen Z\u00e4hnen mahlst du jedes (Un)kraut klein. Ein paar Umdrehungen gen\u00fcgen um selbst z\u00e4he, stammartige Kr\u00e4uter problemlos zu zerkleinern.<\/p>\n<p class=\"text-align-center\"><strong style=\"font-size: 20.16px; color: #333333;\">Pflege und Wartung<\/strong><\/p>\n<div id=\"block-yui_3_17_2_3_1441928423324_6106\" class=\"sqs-block code-block sqs-block-code\" data-block-type=\"23\">\n<div class=\"sqs-block-content\">\n<div id=\"block-yui_3_17_2_5_1441928423324_8877\" class=\"sqs-block code-block sqs-block-code\" data-block-type=\"23\">\n<div class=\"sqs-block-content\">\n<p><strong>Reinigung des Schneidbereichs:<\/strong> W\u00e4hrend der NV Grinder im Allgemeinen nicht gereinigt werden muss, k\u00f6nnen Kr\u00e4uter, die einen au\u00dfergew\u00f6hnlich hohen Feuchtigkeitsgehalt aufweisen, leicht haften bleiben. So entfernst du Material, das sich ansammelt:<\/p>\n<ul>\n<li>Klopfe die M\u00fchle leicht auf eine feste Oberfl\u00e4che.<\/li>\n<li>B\u00fcrste alles raus, was mit einer Zahnb\u00fcrste oder einer anderen weichen B\u00fcrste \u00fcbrig bleibt.<\/li>\n<\/ul>\n<\/div>\n<h3>\u00dcber NV Grinder:<\/h3>\n<p>NVGRINDER arbeitet st\u00e4ndig daran, die beste Qualit\u00e4t f\u00fcr ihre Produkte zu erzielen.<br \/>\nWir haben immer wieder neue Ideen und arbeiten eng mit den besten Herstellern der Welt zusammen.<br \/>\nUnsere Qualit\u00e4tsstandards sind sehr hoch, egal welches Material, und unser Ziel wird es immer sein, die besten und innovativsten Grinder f\u00fcr dich herzustellen!<\/p>\n<h4><strong>Was macht unsere Produkte\u00a0 besonders?<\/strong><\/h4>\n<h4>Jeder Grinder Typ der von uns produziert wird durchl\u00e4uft ein Testverfahren, um sicherzustellen, dass er den hohen Bed\u00fcrfnissen eines Rauchers entspricht, bevor wir ihn offiziell releasen.<\/h4>\n<\/div>\n<\/div>\n<\/div>\n","protected":false},"excerpt":{"rendered":"<p>NV Aluminium &#8216;Panzer Crush 2.0&#8217; Der neue Edelstahl Grinder aus dem Hause NV. Das man hier f\u00fcr Qualit\u00e4t steht ist<\/p>\n","protected":false},"featured_media":40465,"comment_status":"open","ping_status":"open","template":"","meta":{"_acf_changed":false},"product_cat":[2481,2489,3188,2480,2451,2483,3114],"product_tag":[2694],"acf":[],"_links":{"self":[{"href":"https:\/\/donaulife-new.ogrisdigital.at\/da\/wp-json\/wp\/v2\/product\/54817"}],"collection":[{"href":"https:\/\/donaulife-new.ogrisdigital.at\/da\/wp-json\/wp\/v2\/product"}],"about":[{"href":"https:\/\/donaulife-new.ogrisdigital.at\/da\/wp-json\/wp\/v2\/types\/product"}],"replies":[{"embeddable":true,"href":"https:\/\/donaulife-new.ogrisdigital.at\/da\/wp-json\/wp\/v2\/comments?post=54817"}],"wp:featuredmedia":[{"embeddable":true,"href":"https:\/\/donaulife-new.ogrisdigital.at\/da\/wp-json\/wp\/v2\/media\/40465"}],"wp:attachment":[{"href":"https:\/\/donaulife-new.ogrisdigital.at\/da\/wp-json\/wp\/v2\/media?parent=54817"}],"wp:term":[{"taxonomy":"product_cat","embeddable":true,"href":"https:\/\/donaulife-new.ogrisdigital.at\/da\/wp-json\/wp\/v2\/product_cat?post=54817"},{"taxonomy":"product_tag","embeddable":true,"href":"https:\/\/donaulife-new.ogrisdigital.at\/da\/wp-json\/wp\/v2\/product_tag?post=54817"}],"curies":[{"name":"wp","href":"https:\/\/api.w.org\/{rel}","templated":true}]}}