{"id":54776,"date":"2023-07-24T13:30:30","date_gmt":"2023-07-24T13:30:30","guid":{"rendered":"https:\/\/donaulife-new.ogrisdigital.at\/produkt\/champ-high-level-4-aluminiumgrinder-o-64-mm\/"},"modified":"2024-07-01T01:09:06","modified_gmt":"2024-07-01T01:09:06","slug":"champ-high-level-4-aluminiumgrinder-o-64-mm","status":"publish","type":"product","link":"https:\/\/donaulife-new.ogrisdigital.at\/da\/champ-high-level-4-aluminiumgrinder-o-64-mm\/","title":{"rendered":"CHAMP HIGH Level-4 Aluminiumgrinder | \u00d8 64 mm"},"content":{"rendered":"<h2><strong><span style=\"font-size: 23.04px;\">Champ High Level 4 Alu Grinder<\/span><\/strong><\/h2>\n<p>Der Level 4 Grinder ist ein ganz speziell entwickeltes St\u00fcck Grinder Technik. Sieht aus wie ein 2 teiliger Grinder ist aber ein Vollwertiger 4-teiliger 64mm Grinder. Darunter ist ein Pollensieb vorhanden das herausgenommen werden kann. Ein Scraper f\u00fcr Pollen ist auch dabei.<\/p>\n<h2><strong>Was kann der Level 4 Grinder?<\/strong><\/h2>\n<ul>\n<li>Sauberes mahlen.<\/li>\n<li>Speziell entwickelter flacher Grinder.<\/li>\n<li>Erster komprimierter 4-teiliger Grinder!<\/li>\n<li>Lionteeth-Klingen-Design<\/li>\n<li>D\u00fcnner Kunststoff-Ring f\u00fcr smoothes Grinden, kein quietschen und wenig Reibung.<\/li>\n<li>Perfekte Pollenfilter Korngr\u00f6\u00dfe<\/li>\n<li>Leistungsstarke Magnete halten den Deckel fest verschlossen, um herausfallen von \u00dcberresten zu vermeiden.<\/li>\n<li>Strukturiert f\u00fcr besseren Halt in den H\u00e4nden.<\/li>\n<li>Leicht zu tragen &#8211; perfekt dimensioniert!<\/li>\n<li>Versand aus \u00d6sterreich.<\/li>\n<\/ul>\n<h2><strong>Stark. Leichtgewichtig. Langlebig.<\/strong><\/h2>\n<p class=\"text-align-center\">Jeder Grinder wird aus Aluminium gefertigt. Dank au\u00dfergew\u00f6hnlicher St\u00e4rke, perfekter Balance und beispielloser Langlebigkeit h\u00e4lt der Grinder ein Leben lang.<\/p>\n<h2 class=\"text-align-center\"><strong>Beispiellose Schneidetechnologie.<\/strong><\/h2>\n<p class=\"text-align-center\">Mit den rasiermesserscharfen Lionteeth-Klingen-Design mahlst du jedes (Un)kraut klein. Ein paar Umdrehungen gen\u00fcgen um selbst z\u00e4he, stammartige Kr\u00e4uter problemlos zu zerkleinern.<\/p>\n<h2 class=\"text-align-center\"><strong>Innovatives Design.<\/strong><\/h2>\n<p class=\"text-align-center\">Leicht zu tragen &#8211; perfekt dimensioniert.<\/p>\n<div id=\"block-yui_3_17_2_3_1441928423324_6106\" class=\"sqs-block code-block sqs-block-code\" data-block-type=\"23\">\n<div class=\"sqs-block-content\">\n<div id=\"block-yui_3_17_2_5_1441928423324_8877\" class=\"sqs-block code-block sqs-block-code\" data-block-type=\"23\">\n<div class=\"sqs-block-content\">\n<h3>\u00dcber Champ High:<\/h3>\n<p>Champ High arbeitet st\u00e4ndig daran, die beste Qualit\u00e4t f\u00fcr ihre Produkte zu erzielen.<br \/>\nWir haben immer wieder neue Ideen und arbeiten eng mit den besten Herstellern der Welt zusammen.<br \/>\nUnsere Qualit\u00e4tsstandards sind sehr hoch, egal welches Material, und unser Ziel wird es immer sein, die besten und innovativsten Grinder f\u00fcr dich herzustellen!<\/p>\n<\/div>\n<\/div>\n<\/div>\n<\/div>\n","protected":false},"excerpt":{"rendered":"<p>Champ High Level 4 Alu Grinder Der Level 4 Grinder ist ein ganz speziell entwickeltes St\u00fcck Grinder Technik. Sieht aus<\/p>\n","protected":false},"featured_media":40322,"comment_status":"open","ping_status":"open","template":"","meta":{"_acf_changed":false},"product_cat":[2481,2566,2480,2451],"product_tag":[2694],"acf":[],"_links":{"self":[{"href":"https:\/\/donaulife-new.ogrisdigital.at\/da\/wp-json\/wp\/v2\/product\/54776"}],"collection":[{"href":"https:\/\/donaulife-new.ogrisdigital.at\/da\/wp-json\/wp\/v2\/product"}],"about":[{"href":"https:\/\/donaulife-new.ogrisdigital.at\/da\/wp-json\/wp\/v2\/types\/product"}],"replies":[{"embeddable":true,"href":"https:\/\/donaulife-new.ogrisdigital.at\/da\/wp-json\/wp\/v2\/comments?post=54776"}],"wp:featuredmedia":[{"embeddable":true,"href":"https:\/\/donaulife-new.ogrisdigital.at\/da\/wp-json\/wp\/v2\/media\/40322"}],"wp:attachment":[{"href":"https:\/\/donaulife-new.ogrisdigital.at\/da\/wp-json\/wp\/v2\/media?parent=54776"}],"wp:term":[{"taxonomy":"product_cat","embeddable":true,"href":"https:\/\/donaulife-new.ogrisdigital.at\/da\/wp-json\/wp\/v2\/product_cat?post=54776"},{"taxonomy":"product_tag","embeddable":true,"href":"https:\/\/donaulife-new.ogrisdigital.at\/da\/wp-json\/wp\/v2\/product_tag?post=54776"}],"curies":[{"name":"wp","href":"https:\/\/api.w.org\/{rel}","templated":true}]}}