{"id":54729,"date":"2023-07-05T15:48:01","date_gmt":"2023-07-05T15:48:01","guid":{"rendered":"https:\/\/donaulife-new.ogrisdigital.at\/produkt\/sterling-silver-thc-molecule-halskette-48-cm-pink-stones\/"},"modified":"2025-01-15T07:07:23","modified_gmt":"2025-01-15T07:07:23","slug":"sterling-silver-thc-molecule-halskette-48-cm-pink-stones","status":"publish","type":"product","link":"https:\/\/donaulife-new.ogrisdigital.at\/da\/sterling-silver-thc-molecule-halskette-48-cm-pink-stones\/","title":{"rendered":"Sterling Silver THC Molecule Halskette 48 cm | Pink Stones"},"content":{"rendered":"<h2>THC Molek\u00fcl Halskette mit 48 cm l\u00e4nge<\/h2>\n<p>Ein sehr sch\u00f6ner THC Molek\u00fcl Anh\u00e4nger versch\u00f6nert mit Glas Steinen.<\/p>\n<ul>\n<li>Design: THC Molek\u00fcl<\/li>\n<li>2 pinke Steine<\/li>\n<li>Material: Sterling silber<\/li>\n<li>Molek\u00fcl H\u00f6he: 2,8cm<\/li>\n<li>Molek\u00fcl breite: 3,6cm<\/li>\n<li>Molek\u00fcl Dicke: 1,25mm<\/li>\n<li>Ketten L\u00e4nge: 48cm<\/li>\n<li>Ketten Dicke: 1mm<\/li>\n<\/ul>\n","protected":false},"excerpt":{"rendered":"<p>THC Molek\u00fcl Halskette mit 48 cm l\u00e4nge Ein sehr sch\u00f6ner THC Molek\u00fcl Anh\u00e4nger versch\u00f6nert mit Glas Steinen. Design: THC Molek\u00fcl<\/p>\n","protected":false},"featured_media":40078,"comment_status":"open","ping_status":"open","template":"","meta":{"_acf_changed":false},"product_cat":[3180,2566],"product_tag":[],"acf":[],"_links":{"self":[{"href":"https:\/\/donaulife-new.ogrisdigital.at\/da\/wp-json\/wp\/v2\/product\/54729"}],"collection":[{"href":"https:\/\/donaulife-new.ogrisdigital.at\/da\/wp-json\/wp\/v2\/product"}],"about":[{"href":"https:\/\/donaulife-new.ogrisdigital.at\/da\/wp-json\/wp\/v2\/types\/product"}],"replies":[{"embeddable":true,"href":"https:\/\/donaulife-new.ogrisdigital.at\/da\/wp-json\/wp\/v2\/comments?post=54729"}],"wp:featuredmedia":[{"embeddable":true,"href":"https:\/\/donaulife-new.ogrisdigital.at\/da\/wp-json\/wp\/v2\/media\/40078"}],"wp:attachment":[{"href":"https:\/\/donaulife-new.ogrisdigital.at\/da\/wp-json\/wp\/v2\/media?parent=54729"}],"wp:term":[{"taxonomy":"product_cat","embeddable":true,"href":"https:\/\/donaulife-new.ogrisdigital.at\/da\/wp-json\/wp\/v2\/product_cat?post=54729"},{"taxonomy":"product_tag","embeddable":true,"href":"https:\/\/donaulife-new.ogrisdigital.at\/da\/wp-json\/wp\/v2\/product_tag?post=54729"}],"curies":[{"name":"wp","href":"https:\/\/api.w.org\/{rel}","templated":true}]}}