{"id":54711,"date":"2023-07-04T11:41:12","date_gmt":"2023-07-04T11:41:12","guid":{"rendered":"https:\/\/donaulife-new.ogrisdigital.at\/produkt\/metall-grinder-rainbow-globe-o-36-mm\/"},"modified":"2024-07-01T01:08:15","modified_gmt":"2024-07-01T01:08:15","slug":"metall-grinder-rainbow-globe-o-36-mm","status":"publish","type":"product","link":"https:\/\/donaulife-new.ogrisdigital.at\/da\/metall-grinder-rainbow-globe-o-36-mm\/","title":{"rendered":"Metall Grinder &#8216;Rainbow Globe&#8217; | \u00d8 36 mm"},"content":{"rendered":"<h2>Metall Grinder im Regenbogen Design<\/h2>\n<div>Unser eleganter, Regenbogen Metallgrinder ist ein Must-Have f\u00fcr dein Equipment zu Hause.<\/div>\n<div><\/div>\n<div>Er besteht aus 3 Teilen, dem Deckel welcher mit einem Magnetverschluss mit den Z\u00e4hnen verbunden ist. Die messerscharfen Z\u00e4hne sind nicht geklebt, sondern sind aus gefr\u00e4stem Metall gefertigt und bieten daher optimale Zerkleinerung. Das gemahlene Produkt kannst du direkt rausklopfen. Zus\u00e4tzlich verf\u00fcgt der Grinder \u00fcber einen Pollinator, welcher die Pollen auff\u00e4ngt. Der Durchmesser betr\u00e4gt 3,6 cm.<\/div>\n<ul>\n<li>3- teiliger Grinder bestehend aus Deckel, Z\u00e4hne, Sieb &amp; Pollinator<\/li>\n<li>Magnetverschluss<\/li>\n<li>Durchmesser: 36 mm<\/li>\n<\/ul>\n","protected":false},"excerpt":{"rendered":"<p>Metall Grinder im Regenbogen Design Unser eleganter, Regenbogen Metallgrinder ist ein Must-Have f\u00fcr dein Equipment zu Hause. Er besteht aus<\/p>\n","protected":false},"featured_media":39973,"comment_status":"open","ping_status":"open","template":"","meta":{"_acf_changed":false},"product_cat":[2619,2480,2451,2483],"product_tag":[],"acf":[],"_links":{"self":[{"href":"https:\/\/donaulife-new.ogrisdigital.at\/da\/wp-json\/wp\/v2\/product\/54711"}],"collection":[{"href":"https:\/\/donaulife-new.ogrisdigital.at\/da\/wp-json\/wp\/v2\/product"}],"about":[{"href":"https:\/\/donaulife-new.ogrisdigital.at\/da\/wp-json\/wp\/v2\/types\/product"}],"replies":[{"embeddable":true,"href":"https:\/\/donaulife-new.ogrisdigital.at\/da\/wp-json\/wp\/v2\/comments?post=54711"}],"wp:featuredmedia":[{"embeddable":true,"href":"https:\/\/donaulife-new.ogrisdigital.at\/da\/wp-json\/wp\/v2\/media\/39973"}],"wp:attachment":[{"href":"https:\/\/donaulife-new.ogrisdigital.at\/da\/wp-json\/wp\/v2\/media?parent=54711"}],"wp:term":[{"taxonomy":"product_cat","embeddable":true,"href":"https:\/\/donaulife-new.ogrisdigital.at\/da\/wp-json\/wp\/v2\/product_cat?post=54711"},{"taxonomy":"product_tag","embeddable":true,"href":"https:\/\/donaulife-new.ogrisdigital.at\/da\/wp-json\/wp\/v2\/product_tag?post=54711"}],"curies":[{"name":"wp","href":"https:\/\/api.w.org\/{rel}","templated":true}]}}