{"id":54664,"date":"2023-06-27T13:34:57","date_gmt":"2023-06-27T13:34:57","guid":{"rendered":"https:\/\/donaulife-new.ogrisdigital.at\/produkt\/blaze-glass-dab-bubbler-virus-24-cm-2\/"},"modified":"2024-07-01T01:07:52","modified_gmt":"2024-07-01T01:07:52","slug":"blaze-glass-dab-bubbler-virus-24-cm-2","status":"publish","type":"product","link":"https:\/\/donaulife-new.ogrisdigital.at\/da\/blaze-glass-dab-bubbler-virus-24-cm-2\/","title":{"rendered":"BLAZE GLASS Dabrig &#8216;Herby&#8217; | 24 cm"},"content":{"rendered":"<h2>Blaze Glass Dab Rig &#8216;Herby&#8217; f\u00fcr Extrakte<\/h2>\n<p>Robuste und sehr griffige Oil-Rig mit Banger von\u00a0<strong>BLAZE GLASS\u00ae<\/strong>. Damit der Rauch nicht zu heftig f\u00fcr die Lunge wird, hat die Handliche einen Duschkopfperkolator. Dieser sorgt mit zahlreichen Wasserbl\u00e4schen f\u00fcr eine Abk\u00fchlung und Filterung des Rauches.<\/p>\n<p>Selbstverst\u00e4ndlich k\u00f6nnen mit dieser handlichen Glaspfeife auch Kr\u00e4uter geraucht werden. Dazu muss der Banger einfach nur mit einem Kr\u00e4uterkopf mit NS 14 Schliff ausgetauscht werden.<\/p>\n<div><span style=\"font-size: 20.16px;\">\u00dcber Blaze Glass:<\/span><\/div>\n<div>\n<div>\n<p>Blaze-Glass-Bongs sind aus spannungsfreiem 3.1-Borosilikatglas (vergleichbar mit Duranglas) h\u00f6chster G\u00fcteklasse gefertigt. Mindestens 5 mm Wandst\u00e4rke machen eine Wasserpfeife robust.<br \/>\nWir verwenden extrem passgenaue Normschliffe in 14,5 bzw. 18,8 mm. Je nach Bong-Geometrie kommen normale Schliffe, verst\u00e4rkte Schliffe und bi-stabile Schliffe (doppelte Wand) in unseren Produkten zum Einsatz.<\/p>\n<\/div>\n<\/div>\n","protected":false},"excerpt":{"rendered":"<p>Blaze Glass Dab Rig &#8216;Herby&#8217; f\u00fcr Extrakte Robuste und sehr griffige Oil-Rig mit Banger von\u00a0BLAZE GLASS\u00ae. Damit der Rauch nicht<\/p>\n","protected":false},"featured_media":39748,"comment_status":"open","ping_status":"open","template":"","meta":{"_acf_changed":false},"product_cat":[2514,2545,2459,2549,2550,2577,2506,2463,2520,2551],"product_tag":[2547],"acf":[],"_links":{"self":[{"href":"https:\/\/donaulife-new.ogrisdigital.at\/da\/wp-json\/wp\/v2\/product\/54664"}],"collection":[{"href":"https:\/\/donaulife-new.ogrisdigital.at\/da\/wp-json\/wp\/v2\/product"}],"about":[{"href":"https:\/\/donaulife-new.ogrisdigital.at\/da\/wp-json\/wp\/v2\/types\/product"}],"replies":[{"embeddable":true,"href":"https:\/\/donaulife-new.ogrisdigital.at\/da\/wp-json\/wp\/v2\/comments?post=54664"}],"wp:featuredmedia":[{"embeddable":true,"href":"https:\/\/donaulife-new.ogrisdigital.at\/da\/wp-json\/wp\/v2\/media\/39748"}],"wp:attachment":[{"href":"https:\/\/donaulife-new.ogrisdigital.at\/da\/wp-json\/wp\/v2\/media?parent=54664"}],"wp:term":[{"taxonomy":"product_cat","embeddable":true,"href":"https:\/\/donaulife-new.ogrisdigital.at\/da\/wp-json\/wp\/v2\/product_cat?post=54664"},{"taxonomy":"product_tag","embeddable":true,"href":"https:\/\/donaulife-new.ogrisdigital.at\/da\/wp-json\/wp\/v2\/product_tag?post=54664"}],"curies":[{"name":"wp","href":"https:\/\/api.w.org\/{rel}","templated":true}]}}