{"id":54643,"date":"2023-06-23T11:52:08","date_gmt":"2023-06-23T11:52:08","guid":{"rendered":"https:\/\/donaulife-new.ogrisdigital.at\/produkt\/black-leaf-mundstueckstopfen-aus-silikon\/"},"modified":"2025-01-15T07:07:31","modified_gmt":"2025-01-15T07:07:31","slug":"black-leaf-mundstueckstopfen-aus-silikon","status":"publish","type":"product","link":"https:\/\/donaulife-new.ogrisdigital.at\/da\/black-leaf-mundstueckstopfen-aus-silikon\/","title":{"rendered":"BLACK LEAF Mundst\u00fcckstopfen aus Silikon"},"content":{"rendered":"<h1 class=\"product--title\">Mundst\u00fcckstopfen aus Silikon<\/h1>\n<p>Mit diesem\u00a0<strong>Silikonstopfen<\/strong>\u00a0verschlie\u00dft man die Mundst\u00fcck\u00f6ffnung der Bong. Dies erleichtert die Bongreinigung (Stichwort: Sch\u00fctteln) enorm.<\/p>\n<p>Au\u00dferdem kann man f\u00fcr den Transport einer Bong das Chillum oder den Adapter sicher im Inneren verstauen, indem man das Glasteil in das daf\u00fcr vorgesehene Loch im Silikonstopfen und den Stopfen in den Bonghals steckt.<\/p>\n","protected":false},"excerpt":{"rendered":"<p>Mundst\u00fcckstopfen aus Silikon Mit diesem\u00a0Silikonstopfen\u00a0verschlie\u00dft man die Mundst\u00fcck\u00f6ffnung der Bong. Dies erleichtert die Bongreinigung (Stichwort: Sch\u00fctteln) enorm. Au\u00dferdem kann man<\/p>\n","protected":false},"featured_media":39655,"comment_status":"open","ping_status":"open","template":"","meta":{"_acf_changed":false},"product_cat":[2548,2459,2786,2463,2718,2460],"product_tag":[2521],"acf":[],"_links":{"self":[{"href":"https:\/\/donaulife-new.ogrisdigital.at\/da\/wp-json\/wp\/v2\/product\/54643"}],"collection":[{"href":"https:\/\/donaulife-new.ogrisdigital.at\/da\/wp-json\/wp\/v2\/product"}],"about":[{"href":"https:\/\/donaulife-new.ogrisdigital.at\/da\/wp-json\/wp\/v2\/types\/product"}],"replies":[{"embeddable":true,"href":"https:\/\/donaulife-new.ogrisdigital.at\/da\/wp-json\/wp\/v2\/comments?post=54643"}],"wp:featuredmedia":[{"embeddable":true,"href":"https:\/\/donaulife-new.ogrisdigital.at\/da\/wp-json\/wp\/v2\/media\/39655"}],"wp:attachment":[{"href":"https:\/\/donaulife-new.ogrisdigital.at\/da\/wp-json\/wp\/v2\/media?parent=54643"}],"wp:term":[{"taxonomy":"product_cat","embeddable":true,"href":"https:\/\/donaulife-new.ogrisdigital.at\/da\/wp-json\/wp\/v2\/product_cat?post=54643"},{"taxonomy":"product_tag","embeddable":true,"href":"https:\/\/donaulife-new.ogrisdigital.at\/da\/wp-json\/wp\/v2\/product_tag?post=54643"}],"curies":[{"name":"wp","href":"https:\/\/api.w.org\/{rel}","templated":true}]}}