{"id":54623,"date":"2023-06-05T14:55:48","date_gmt":"2023-06-05T14:55:48","guid":{"rendered":"https:\/\/donaulife-new.ogrisdigital.at\/produkt\/gizeh-black-slim-ultrafine-rolls-5-m-tips\/"},"modified":"2024-07-01T01:07:20","modified_gmt":"2024-07-01T01:07:20","slug":"gizeh-black-slim-ultrafine-rolls-5-m-tips","status":"publish","type":"product","link":"https:\/\/donaulife-new.ogrisdigital.at\/da\/gizeh-black-slim-ultrafine-rolls-5-m-tips\/","title":{"rendered":"GIZEH Black KSS Ultrafine Rolls  | 5 m + Tips"},"content":{"rendered":"<h2>Gizeh Endlos Paper ultrafine<\/h2>\n<p>Die Gizeh Black Rolls Slim bestehe aus extra feinem Zigarettenpapier mit 14,0 g\/m\u00b2 Fl\u00e4chengewicht und einer Gummierung aus nat\u00fcrlichem Arabicum Gumme aus dem Saft des Akazienbaumes. Das extrafeine Bl\u00e4ttchenpapier sorgt f\u00fcr puren und unverf\u00e4lschten Genuss. Durch das Endlos-Format kann die gew\u00fcnschte L\u00e4nge individuell gew\u00e4hlt werden. Die Breite entspricht dem King Size Slim Format. Diese Papers brennen ziemlich langsam ab und gehen aus sollte etwas l\u00e4nger nicht am Selbstgerollten gezogen werden. Mit dabei sind auch noch 50 Papier Tips an jeder Rolle.<\/p>\n<h3>\u00dcber GIZEH:<\/h3>\n<p>Die Gizeh Raucherbedarf GmbH ist ein mittelst\u00e4ndisches Unternehmen mit Hauptsitz in Gummersbach (DE). Seit der Gr\u00fcndung im Jahre 1920 produziert Gizeh Eindrehfilter und Zubeh\u00f6r f\u00fcr das Drehen und Stopfen von Zigaretten.<\/p>\n<p>Seit der Gr\u00fcndung der Gizeh Zigarettenpapier-Verarbeitungs-Gesellschaft im Jahr 1920 hat sich Gizeh vom regionalen Anbieter in K\u00f6ln zu einem international handelnden Unternehmen entwickelt Im Zweiten Weltkrieg wurde der K\u00f6lner Standort zerst\u00f6rt, die Produktion ins Bergische Land ausgelagert. 1955 entstand dort auch der neue Hauptsitz des Unternehmens (Bergneustadt). Gizeh produzierte hier nicht nur Raucherbedarf, sondern auch Verpackungen (heute Gizeh Verpackungen) und Lochkarten. Zu Beginn der 1980er Jahre errichtete Gizeh die Produktionsstandorte in Frankreich (Filterh\u00fclsen) und \u00d6sterreich (Bl\u00e4ttchen).<\/p>\n","protected":false},"excerpt":{"rendered":"<p>Gizeh Endlos Paper ultrafine Die Gizeh Black Rolls Slim bestehe aus extra feinem Zigarettenpapier mit 14,0 g\/m\u00b2 Fl\u00e4chengewicht und einer<\/p>\n","protected":false},"featured_media":39565,"comment_status":"open","ping_status":"open","template":"","meta":{"_acf_changed":false},"product_cat":[2489,2630,2756,2451,2452],"product_tag":[2757],"acf":[],"_links":{"self":[{"href":"https:\/\/donaulife-new.ogrisdigital.at\/da\/wp-json\/wp\/v2\/product\/54623"}],"collection":[{"href":"https:\/\/donaulife-new.ogrisdigital.at\/da\/wp-json\/wp\/v2\/product"}],"about":[{"href":"https:\/\/donaulife-new.ogrisdigital.at\/da\/wp-json\/wp\/v2\/types\/product"}],"replies":[{"embeddable":true,"href":"https:\/\/donaulife-new.ogrisdigital.at\/da\/wp-json\/wp\/v2\/comments?post=54623"}],"wp:featuredmedia":[{"embeddable":true,"href":"https:\/\/donaulife-new.ogrisdigital.at\/da\/wp-json\/wp\/v2\/media\/39565"}],"wp:attachment":[{"href":"https:\/\/donaulife-new.ogrisdigital.at\/da\/wp-json\/wp\/v2\/media?parent=54623"}],"wp:term":[{"taxonomy":"product_cat","embeddable":true,"href":"https:\/\/donaulife-new.ogrisdigital.at\/da\/wp-json\/wp\/v2\/product_cat?post=54623"},{"taxonomy":"product_tag","embeddable":true,"href":"https:\/\/donaulife-new.ogrisdigital.at\/da\/wp-json\/wp\/v2\/product_tag?post=54623"}],"curies":[{"name":"wp","href":"https:\/\/api.w.org\/{rel}","templated":true}]}}