{"id":54576,"date":"2023-05-22T15:16:02","date_gmt":"2023-05-22T15:16:02","guid":{"rendered":"https:\/\/donaulife-new.ogrisdigital.at\/produkt\/magical-silicone-spartulas-3er-pack\/"},"modified":"2024-07-01T01:06:58","modified_gmt":"2024-07-01T01:06:58","slug":"magical-silicone-spartulas-3er-pack","status":"publish","type":"product","link":"https:\/\/donaulife-new.ogrisdigital.at\/da\/magical-silicone-spartulas-3er-pack\/","title":{"rendered":"MAGICAL BUTTER Silicone Spartulas | 3er Pack"},"content":{"rendered":"<h1 class=\"title\">MagicalButter Silicone Spartulas<\/h1>\n<div>\n<p>Diese Packung enth\u00e4lt drei unverzichtbare Werkzeuge f\u00fcr Ihre K\u00fcche: einen Spatel in voller Gr\u00f6\u00dfe, einen Mini-Spatel und einen L\u00f6ffel!<\/p>\n<p>Das vielseitige Magical Spatulas 3er-Pack ist perfekt f\u00fcr alle Ihre Bed\u00fcrfnisse beim Mixen, Schaben, Wenden und Servieren! Die aus 100 % reinem Silikon gefertigten Spatel kombinieren ergonomisches Design mit Flexibilit\u00e4t und St\u00e4rke f\u00fcr maximale Leistung und Haltbarkeit. Die Komfortgriffe bieten einen festen, rutschfesten Griff. Die Silikonkonstruktion sorgt f\u00fcr maximale Hitzebest\u00e4ndigkeit, einfache Reinigung und ein schlankes, modernes Aussehen.<\/p>\n<\/div>\n<div>\n<p><iframe title=\"MAGICAL Silicone Spatulas\" width=\"500\" height=\"281\" src=\"https:\/\/www.youtube.com\/embed\/mJEgXPXuG2k?feature=oembed\" frameborder=\"0\" allow=\"accelerometer; autoplay; clipboard-write; encrypted-media; gyroscope; picture-in-picture; web-share\" referrerpolicy=\"strict-origin-when-cross-origin\" allowfullscreen><\/iframe><\/p>\n<\/div>\n","protected":false},"excerpt":{"rendered":"<p>MagicalButter Silicone Spartulas Diese Packung enth\u00e4lt drei unverzichtbare Werkzeuge f\u00fcr Ihre K\u00fcche: einen Spatel in voller Gr\u00f6\u00dfe, einen Mini-Spatel und<\/p>\n","protected":false},"featured_media":39489,"comment_status":"open","ping_status":"open","template":"","meta":{"_acf_changed":false},"product_cat":[2489,2451,3487,3488],"product_tag":[3489],"acf":[],"_links":{"self":[{"href":"https:\/\/donaulife-new.ogrisdigital.at\/da\/wp-json\/wp\/v2\/product\/54576"}],"collection":[{"href":"https:\/\/donaulife-new.ogrisdigital.at\/da\/wp-json\/wp\/v2\/product"}],"about":[{"href":"https:\/\/donaulife-new.ogrisdigital.at\/da\/wp-json\/wp\/v2\/types\/product"}],"replies":[{"embeddable":true,"href":"https:\/\/donaulife-new.ogrisdigital.at\/da\/wp-json\/wp\/v2\/comments?post=54576"}],"wp:featuredmedia":[{"embeddable":true,"href":"https:\/\/donaulife-new.ogrisdigital.at\/da\/wp-json\/wp\/v2\/media\/39489"}],"wp:attachment":[{"href":"https:\/\/donaulife-new.ogrisdigital.at\/da\/wp-json\/wp\/v2\/media?parent=54576"}],"wp:term":[{"taxonomy":"product_cat","embeddable":true,"href":"https:\/\/donaulife-new.ogrisdigital.at\/da\/wp-json\/wp\/v2\/product_cat?post=54576"},{"taxonomy":"product_tag","embeddable":true,"href":"https:\/\/donaulife-new.ogrisdigital.at\/da\/wp-json\/wp\/v2\/product_tag?post=54576"}],"curies":[{"name":"wp","href":"https:\/\/api.w.org\/{rel}","templated":true}]}}