{"id":54538,"date":"2023-05-19T07:59:49","date_gmt":"2023-05-19T07:59:49","guid":{"rendered":"https:\/\/donaulife-new.ogrisdigital.at\/produkt\/flows-bio-kraeutermischung-a-day-dream-15g\/"},"modified":"2024-07-01T01:06:40","modified_gmt":"2024-07-01T01:06:40","slug":"flows-bio-kraeutermischung-a-day-dream-15g","status":"publish","type":"product","link":"https:\/\/donaulife-new.ogrisdigital.at\/da\/flows-bio-kraeutermischung-a-day-dream-15g\/","title":{"rendered":"HAZY HERBS Bio Kr\u00e4utermischung &#8216;A Day Dream&#8217; | 16g"},"content":{"rendered":"<h1 class=\"product-title product_title entry-title\">Flow\u00b4s Bio Kr\u00e4utermischung 16g<\/h1>\n<p>Herrlich weiche und leicht fruchtige Aromakr\u00e4uter \u2013 Perfekt zum Mischen oder auch f\u00fcr puren Genuss.<\/p>\n<p>100% nat\u00fcrliche Kr\u00e4utermischung ohne Zus\u00e4tze<br \/>\nHimbeerbl\u00e4tter, Brombeerbl\u00e4tter, Eibisch, Damiana<br \/>\nV\u00f6llig frei von Nikotin und Tabak<br \/>\nMild und dezent \u2013 verf\u00e4lscht nicht den Geschmack \u201eanderer\u201c Kr\u00e4uter<br \/>\nKundinnen und Kunden verwenden Kr\u00e4utermischungen gerne als Tabakersatz, als Alternative f\u00fcr ihren Spliff oder als Hilfe bei der Rauchentw\u00f6hnung<\/p>\n<h3 class=\"text-uppercase text-primary text-center font-default-bold\">ZUTATEN<\/h3>\n<section class=\"content-block overflow-hidden\">\n<div class=\"row row--gutter-width-40 d-flex justify-content-center\">\n<div class=\"col-md-3 col-6 page-break-avoid\">\n<div class=\"img-text-item js-animate-into-viewport animate-into-viewport--fade-up animate-into-viewport--init animate-into-viewport--animate\">\n<ul>\n<li class=\"img-text-item__img-wrapper text-center\">Himbeerbl\u00e4tter<\/li>\n<li class=\"img-text-item__img-wrapper text-center\">Brombeerbl\u00e4tter<\/li>\n<li class=\"img-text-item__img-wrapper text-center\">Eibisch<\/li>\n<li class=\"img-text-item__img-wrapper text-center\">Damiana<\/li>\n<\/ul>\n<\/div>\n<\/div>\n<div class=\"col-md-3 col-6 page-break-avoid\">\n<div class=\"img-text-item js-animate-into-viewport animate-into-viewport--fade-up animate-into-viewport--init animate-into-viewport--animate\">\n<h3>A Day-Dream in der wiederverwendbaren Metalldose mit Schraubverschluss<\/h3>\n<p>Unsere beliebteste Kr\u00e4utermischung mit leicht fruchtigem Aroma. Besonders herausragend ist das enthaltene\u00a0Damiana, eine mexikanische Heilpflanze mit wohltuenden Wirkeigenschaften.<\/p>\n<p><strong>Inhalt:<br \/>\n<\/strong><em>Himbeerbl\u00e4tter, Brombeerbl\u00e4tter, Eibisch, Damiana<\/em><\/p>\n<p>Kunden verwenden Kr\u00e4utermischungen gerne zum Mischen in ihrem Spliff, oder als Unterst\u00fctzung zur Entw\u00f6hnung von Tabak.<br \/>\nAuch im Vaporizer k\u00f6nnen diese Kr\u00e4uter verwendet werden.<\/p>\n<\/div>\n<\/div>\n<\/div>\n<\/section>\n<p>Da wir zu\u00a0<strong>100% naturbelassene Kr\u00e4uter<\/strong>\u00a0verwenden, kann es trotz gewissenhaftem Aussortieren vorkommen, dass sich unliebsame Teile der Pflanzen, etwa kleine Holzstiele, in deine Mischung verirren. Dies bitten wir zu Entschuldigen.<\/p>\n<p>&nbsp;<\/p>\n<p><strong>Tee-Mischung:<br \/>\n<\/strong><strong>Anwendungshinweis zur Zubereitung als Tee:<\/strong><br \/>\nMit kochendem Wasser aufgie\u00dfen und genie\u00dfen.<\/p>\n<p><strong>Aromaprodukt \u2013 Nicht zur Einnahme empfohlen. Zur Verwendung als R\u00e4ucherwerk bzw. Duftpotpourri. Bei Fragen oder Unklarheiten zu unseren Produkten kontaktiere uns einfach.<\/strong><\/p>\n<h3>\u00dcber Hazy Herbs:<\/h3>\n<h3>Unsere Kr\u00e4uter werden alle sorgf\u00e4ltig per Hand gemixt, gesiebt und verpackt.<\/h3>\n<p>Qualit\u00e4t hat f\u00fcr uns bei Flow\u2019s Bio oberste Priorit\u00e4t. Bei der Verarbeitung unserer Kr\u00e4uter legen wir ein besonderes Augenmerk auf die Erhaltung des Aromas, einer idealen Konsistenz f\u00fcr einfaches Drehen und einer passenden Feuchtigkeit f\u00fcr ein optimales Aromaerlebnis. Die Kompositionen wurden mit Bedacht ausgew\u00e4hlt und hinsichtlich der Eigenschaften und des Geruches aufeinander abgestimmt.<\/p>\n<p>Da wir zu\u00a0<strong>100% naturbelassene Kr\u00e4uter<\/strong>\u00a0verwenden, kann es trotz gewissenhaftem Aussortieren vorkommen, dass sich unliebsame Teile der Pflanzen, etwa kleine Holzstiele, in deiner Mischung befinden. Dies bitten wir zu Entschuldigen.<\/p>\n","protected":false},"excerpt":{"rendered":"<p>Flow\u00b4s Bio Kr\u00e4utermischung 16g Herrlich weiche und leicht fruchtige Aromakr\u00e4uter \u2013 Perfekt zum Mischen oder auch f\u00fcr puren Genuss. 100%<\/p>\n","protected":false},"featured_media":47902,"comment_status":"open","ping_status":"closed","template":"","meta":{"_acf_changed":false},"product_cat":[2451,2475],"product_tag":[],"acf":[],"_links":{"self":[{"href":"https:\/\/donaulife-new.ogrisdigital.at\/da\/wp-json\/wp\/v2\/product\/54538"}],"collection":[{"href":"https:\/\/donaulife-new.ogrisdigital.at\/da\/wp-json\/wp\/v2\/product"}],"about":[{"href":"https:\/\/donaulife-new.ogrisdigital.at\/da\/wp-json\/wp\/v2\/types\/product"}],"replies":[{"embeddable":true,"href":"https:\/\/donaulife-new.ogrisdigital.at\/da\/wp-json\/wp\/v2\/comments?post=54538"}],"wp:featuredmedia":[{"embeddable":true,"href":"https:\/\/donaulife-new.ogrisdigital.at\/da\/wp-json\/wp\/v2\/media\/47902"}],"wp:attachment":[{"href":"https:\/\/donaulife-new.ogrisdigital.at\/da\/wp-json\/wp\/v2\/media?parent=54538"}],"wp:term":[{"taxonomy":"product_cat","embeddable":true,"href":"https:\/\/donaulife-new.ogrisdigital.at\/da\/wp-json\/wp\/v2\/product_cat?post=54538"},{"taxonomy":"product_tag","embeddable":true,"href":"https:\/\/donaulife-new.ogrisdigital.at\/da\/wp-json\/wp\/v2\/product_tag?post=54538"}],"curies":[{"name":"wp","href":"https:\/\/api.w.org\/{rel}","templated":true}]}}