{"id":54530,"date":"2023-05-17T13:28:49","date_gmt":"2023-05-17T13:28:49","guid":{"rendered":"https:\/\/donaulife-new.ogrisdigital.at\/produkt\/stuendenglass-grosser-ersatz-globe-violett\/"},"modified":"2025-01-15T07:07:50","modified_gmt":"2025-01-15T07:07:50","slug":"stuendenglass-grosser-ersatz-globe-violett","status":"publish","type":"product","link":"https:\/\/donaulife-new.ogrisdigital.at\/da\/stuendenglass-grosser-ersatz-globe-violett\/","title":{"rendered":"ST\u00dcNDENGLASS gro\u00dfer Ersatz Globe | violett"},"content":{"rendered":"<h1 class=\"title\">St\u00fcndenglass Ersatz Glas in violett<\/h1>\n<div>\n<p>Wir stellen Colored Glass Balls vor, eine Kollektion aus hochwertigem, mundgeblasenem Borosilikatglas. Jede Glaskugel ist so konzipiert, dass sie dem Ausbleichen widersteht, wird von Hand auf eine dauerhafte Dicke von 5 mm geblasen und vor dem Verpacken getestet.<\/p>\n<p>Der Purple Glass Globe ist perfekt f\u00fcr die individuelle Gestaltung und mit allen wichtigen Einheiten kompatibel. Kaufen Sie 2, um das Set zu vervollst\u00e4ndigen, oder mischen und kombinieren Sie.<\/p>\n<p>*Nicht kompatibel mit Kompakt<\/p>\n<p>Die gro\u00dfen Gl\u00e4ser haben ein Fassungsverm\u00f6gen von ca. 700 ml.<\/p>\n<\/div>\n<div>\n<h2>Lieferumfang<\/h2>\n<p>1x Glas violett (gro\u00df)<\/p>\n<\/div>\n<div>\n<p>St\u00fcndenglass. Gravity Bong neu erfunden.<\/p>\n<\/div>\n<p>&nbsp;<\/p>\n","protected":false},"excerpt":{"rendered":"<p>St\u00fcndenglass Ersatz Glas in violett Wir stellen Colored Glass Balls vor, eine Kollektion aus hochwertigem, mundgeblasenem Borosilikatglas. Jede Glaskugel ist<\/p>\n","protected":false},"featured_media":39183,"comment_status":"open","ping_status":"open","template":"","meta":{"_acf_changed":false},"product_cat":[2459,2463,3285,2460],"product_tag":[3286],"acf":[],"_links":{"self":[{"href":"https:\/\/donaulife-new.ogrisdigital.at\/da\/wp-json\/wp\/v2\/product\/54530"}],"collection":[{"href":"https:\/\/donaulife-new.ogrisdigital.at\/da\/wp-json\/wp\/v2\/product"}],"about":[{"href":"https:\/\/donaulife-new.ogrisdigital.at\/da\/wp-json\/wp\/v2\/types\/product"}],"replies":[{"embeddable":true,"href":"https:\/\/donaulife-new.ogrisdigital.at\/da\/wp-json\/wp\/v2\/comments?post=54530"}],"wp:featuredmedia":[{"embeddable":true,"href":"https:\/\/donaulife-new.ogrisdigital.at\/da\/wp-json\/wp\/v2\/media\/39183"}],"wp:attachment":[{"href":"https:\/\/donaulife-new.ogrisdigital.at\/da\/wp-json\/wp\/v2\/media?parent=54530"}],"wp:term":[{"taxonomy":"product_cat","embeddable":true,"href":"https:\/\/donaulife-new.ogrisdigital.at\/da\/wp-json\/wp\/v2\/product_cat?post=54530"},{"taxonomy":"product_tag","embeddable":true,"href":"https:\/\/donaulife-new.ogrisdigital.at\/da\/wp-json\/wp\/v2\/product_tag?post=54530"}],"curies":[{"name":"wp","href":"https:\/\/api.w.org\/{rel}","templated":true}]}}