{"id":54526,"date":"2023-05-17T13:23:56","date_gmt":"2023-05-17T13:23:56","guid":{"rendered":"https:\/\/donaulife-new.ogrisdigital.at\/produkt\/stuendenglass-grosser-ersatz-globe-rainbow\/"},"modified":"2025-01-15T07:07:55","modified_gmt":"2025-01-15T07:07:55","slug":"stuendenglass-grosser-ersatz-globe-rainbow","status":"publish","type":"product","link":"https:\/\/donaulife-new.ogrisdigital.at\/da\/stuendenglass-grosser-ersatz-globe-rainbow\/","title":{"rendered":"ST\u00dcNDENGLASS gro\u00dfer Ersatz Globe | Rainbow"},"content":{"rendered":"<h1 class=\"title\">St\u00fcndenglass Ersatz Glas in Regenbogen Farben<\/h1>\n<div>\n<p>Wir stellen die Bubble Glass Globe vor, ein mundgeblasenes Borosilikatglas in Premiumqualit\u00e4t, das durch die Kombination von Edelmetallen und galvanischen Oberfl\u00e4chenbehandlungen einen schillernden Regenbogeneffekt verleiht, um diesem handwerklich gefertigten Glas seinen schillernden Regenbogeneffekt zu verleihen. Je nach Betrachtungswinkel erscheint die Bubble Glass Globe in unterschiedlichen Farben im Lichtspektrum.<\/p>\n<p>Die Bubble Glass Globe ist perfekt anpassbar und mit allen wichtigen Einheiten kompatibel. Kaufen Sie 2, um das Set zu vervollst\u00e4ndigen, oder mischen und kombinieren Sie es mit unserer Sammlung anderer farbiger Glaskugeln.<\/p>\n<p>*Nicht kompatibel mit Kompakt<\/p>\n<p>Die gro\u00dfen Gl\u00e4ser haben ein Fassungsverm\u00f6gen von ca. 700 ml.<\/p>\n<\/div>\n<div>\n<h2>Lieferumfang<\/h2>\n<p>1x Glas Regenbogen (gro\u00df)<\/p>\n<\/div>\n<div>\n<p>St\u00fcndenglass. Gravity Bong neu erfunden.<\/p>\n<\/div>\n<p>&nbsp;<\/p>\n","protected":false},"excerpt":{"rendered":"<p>St\u00fcndenglass Ersatz Glas in Regenbogen Farben Wir stellen die Bubble Glass Globe vor, ein mundgeblasenes Borosilikatglas in Premiumqualit\u00e4t, das durch<\/p>\n","protected":false},"featured_media":39177,"comment_status":"open","ping_status":"open","template":"","meta":{"_acf_changed":false},"product_cat":[2459,2463,3285,2460],"product_tag":[3286],"acf":[],"_links":{"self":[{"href":"https:\/\/donaulife-new.ogrisdigital.at\/da\/wp-json\/wp\/v2\/product\/54526"}],"collection":[{"href":"https:\/\/donaulife-new.ogrisdigital.at\/da\/wp-json\/wp\/v2\/product"}],"about":[{"href":"https:\/\/donaulife-new.ogrisdigital.at\/da\/wp-json\/wp\/v2\/types\/product"}],"replies":[{"embeddable":true,"href":"https:\/\/donaulife-new.ogrisdigital.at\/da\/wp-json\/wp\/v2\/comments?post=54526"}],"wp:featuredmedia":[{"embeddable":true,"href":"https:\/\/donaulife-new.ogrisdigital.at\/da\/wp-json\/wp\/v2\/media\/39177"}],"wp:attachment":[{"href":"https:\/\/donaulife-new.ogrisdigital.at\/da\/wp-json\/wp\/v2\/media?parent=54526"}],"wp:term":[{"taxonomy":"product_cat","embeddable":true,"href":"https:\/\/donaulife-new.ogrisdigital.at\/da\/wp-json\/wp\/v2\/product_cat?post=54526"},{"taxonomy":"product_tag","embeddable":true,"href":"https:\/\/donaulife-new.ogrisdigital.at\/da\/wp-json\/wp\/v2\/product_tag?post=54526"}],"curies":[{"name":"wp","href":"https:\/\/api.w.org\/{rel}","templated":true}]}}