{"id":54480,"date":"2023-04-05T13:10:41","date_gmt":"2023-04-05T13:10:41","guid":{"rendered":"https:\/\/donaulife-new.ogrisdigital.at\/produkt\/heisenberg-trim-set\/"},"modified":"2025-01-15T07:08:07","modified_gmt":"2025-01-15T07:08:07","slug":"heisenberg-trim-set","status":"publish","type":"product","link":"https:\/\/donaulife-new.ogrisdigital.at\/da\/heisenberg-trim-set\/","title":{"rendered":"HEISENBERG Trim Set"},"content":{"rendered":"<h2>Heisenberg Trimtray Set mit gro\u00dfem Sieb, Lupe und Pinsel<\/h2>\n<p>Das Trimtray aus Kunststoff misst ca. 50&#215;32,5x9cm. Es besteht aus 2 Teilen: einer schwarzen Auffangschale (Wanne) und einem wei\u00dfen Einsatz mit Siebboden aus Edelstahl. Die Maschendichte des Siebes betr\u00e4gt 150my. Der Siebeinsatz und die untere Wanne k\u00f6nnen passgenau ineinander gestapelt werden. Ein Abstand von ca. 10mm trennt die Siebfl\u00e4che vom Wannenboden. Die Wanne ist vollst\u00e4ndig licht- und wasserundurchl\u00e4ssig. Die Innenseite ist eben und glatt.<\/p>\n<p><strong>Anwendungsm\u00f6glichkeiten:<\/strong><\/p>\n<p>Das Trimtray kann auf verschiedene Arten Verwendung finden. Nutze beide Teile ineinander gestapelt, um Bl\u00fctenst\u00e4nde zu ernten und diese wie auf einem Pflanzenrack zu trocknen. Zerkleinere die Bl\u00fcten auf dem Sieb, um Pollen auszusieben und zur Weiterverwertung in der Wanne bspw. f\u00fcr die manuelle Best\u00e4ubung fruchttragender Pflanzen zu sammeln.<\/p>\n<p>Mit Hilfe der beiliegenden Botanikerlupe, die aufgrund ihrer Gr\u00f6\u00dfe (ca. 8,5 x 5,5 cm) besonders handlich ist, kannst Du Pflanzen optimal untersuchen um entweder den Reifegrad zu bestimmen oder um sie auf Krankheiten und Sch\u00e4dlingsbefall zu untersuchen. Die Lupe besteht aus Kunststoff. Ihre praktische Rechteckform entspricht gr\u00f6\u00dfenm\u00e4\u00dfig der einer g\u00e4ngigen Kreditkarte. So kann sie in jedem Portmonee und jeder Hosen- oder Hemdtasche ihren Platz finden. Sie ist leichtgewichtig und materialbedingt stark gegen\u00fcber Fallsch\u00e4den und St\u00f6\u00dfen. Der breite schwarze Rand bietet eine ideale Grifffl\u00e4che, ohne den Vergr\u00f6\u00dferungsbereich zu blockieren.<\/p>\n<p>Der beiliegende Feinhaar Pinsel ist vorwiegend beim Gewinnen und Zusammentragen von Bl\u00fctenpollen behilflich. Er wird verwendet, um Pollen zusammenzutragen, die sich beim Durchsieben an den Seitenw\u00e4nden und am Boden der Auffangschale abgesetzt haben. Ebenso hilft er dabei, nach Entfernen der groben Pflanzenreste aus der Siebschale, die Polenr\u00fcckst\u00e4nde zu entfernen, die sich ober- und unterhalb der Siebschale sowie in den Zwischenr\u00e4umen der Maschen festgesetzt haben. Die extra feinen ca. 30mm langen Borsten sorgen daf\u00fcr, dass das gesiebte Gut zuverl\u00e4ssig zusammengekehrt werden kann.<\/p>\n<h3>\u00dcber Heisnberg:<\/h3>\n<p>Noch nie war anbauen einfacher. Mit integrierter Bel\u00fcftung und LED Pflanzenlampe. <em>All-in-One Komplettl\u00f6sung \u2013 Getarnt als Koffer<\/em><br \/>\n<em>Kompakt, unauff\u00e4llig und leise. So baut man heute an.<\/em><\/p>\n","protected":false},"excerpt":{"rendered":"<p>Heisenberg Trimtray Set mit gro\u00dfem Sieb, Lupe und Pinsel Das Trimtray aus Kunststoff misst ca. 50&#215;32,5x9cm. Es besteht aus 2<\/p>\n","protected":false},"featured_media":39009,"comment_status":"open","ping_status":"open","template":"","meta":{"_acf_changed":false},"product_cat":[3078,3075],"product_tag":[3616,3135,3136,3137,3138],"acf":[],"_links":{"self":[{"href":"https:\/\/donaulife-new.ogrisdigital.at\/da\/wp-json\/wp\/v2\/product\/54480"}],"collection":[{"href":"https:\/\/donaulife-new.ogrisdigital.at\/da\/wp-json\/wp\/v2\/product"}],"about":[{"href":"https:\/\/donaulife-new.ogrisdigital.at\/da\/wp-json\/wp\/v2\/types\/product"}],"replies":[{"embeddable":true,"href":"https:\/\/donaulife-new.ogrisdigital.at\/da\/wp-json\/wp\/v2\/comments?post=54480"}],"wp:featuredmedia":[{"embeddable":true,"href":"https:\/\/donaulife-new.ogrisdigital.at\/da\/wp-json\/wp\/v2\/media\/39009"}],"wp:attachment":[{"href":"https:\/\/donaulife-new.ogrisdigital.at\/da\/wp-json\/wp\/v2\/media?parent=54480"}],"wp:term":[{"taxonomy":"product_cat","embeddable":true,"href":"https:\/\/donaulife-new.ogrisdigital.at\/da\/wp-json\/wp\/v2\/product_cat?post=54480"},{"taxonomy":"product_tag","embeddable":true,"href":"https:\/\/donaulife-new.ogrisdigital.at\/da\/wp-json\/wp\/v2\/product_tag?post=54480"}],"curies":[{"name":"wp","href":"https:\/\/api.w.org\/{rel}","templated":true}]}}