{"id":54437,"date":"2023-02-22T11:32:23","date_gmt":"2023-02-22T11:32:23","guid":{"rendered":"https:\/\/donaulife-new.ogrisdigital.at\/produkt\/anonymous-filter-tips-40-blatt\/"},"modified":"2024-07-01T01:05:25","modified_gmt":"2024-07-01T01:05:25","slug":"anonymous-filter-tips-40-blatt","status":"publish","type":"product","link":"https:\/\/donaulife-new.ogrisdigital.at\/da\/anonymous-filter-tips-40-blatt\/","title":{"rendered":"ANONYMOUS Filter Tips | 40 Blatt"},"content":{"rendered":"<h2>ANONYMOUS Filter Tips mit 40 Blatt<\/h2>\n<p>Anonymous Filter Tips , perforiert. Vier kultige Anonymous-Motive im Schwarz-Wei\u00df-Druck. Diese perforierten Filter-Tips sind in vier revolution\u00e4ren Designs erh\u00e4ltlich und werden durchgehend mit schwarz-wei\u00dfer Lebensmittelfarbe bedruckt.<br \/>\nSie haben jeweils 5 perforierte Streifen, die abgerissen werden k\u00f6nnen Leicht gefaltet in der Mitte, einfach geformt zu werden.<br \/>\nWenn diese nicht in einem Head in Deiner N\u00e4he sind, Sie warten hier auf Dich. Es ist keine Motivwahl m\u00f6glich. Aber wenn du 4 nimmst versuchen wir von jedem einen zu versenden.<\/p>\n<p>40 Filter Tips.<\/p>\n<p>L\u00c4NGE: 2,4 x 5,4 cm<\/p>\n<h3>\u00dcber ANONYMOUS:<\/h3>\n<div class=\"elementor-element elementor-element-96e4633 elementor-widget elementor-widget-text-editor\" data-id=\"96e4633\" data-element_type=\"widget\" data-widget_type=\"text-editor.default\">\n<div class=\"elementor-widget-container\">\n<div class=\"elementor-text-editor elementor-clearfix\">\n<p>Anonymous ist ein Internetph\u00e4nomen, das weltweit von verschiedenen Gruppen und Einzelpersonen innerhalb der Netzkultur verwendet wird, um \u2013 mit oder ohne Abstimmung mit anderen \u2013 unter diesem Namen Hacktivismus und \u00f6ffentliche Demonstrationen zu betreiben und \u00fcber verschiedene Internetplattformen zu ver\u00f6ffentlichen.<\/p>\n<\/div>\n<\/div>\n<\/div>\n","protected":false},"excerpt":{"rendered":"<p>ANONYMOUS Filter Tips mit 40 Blatt Anonymous Filter Tips , perforiert. Vier kultige Anonymous-Motive im Schwarz-Wei\u00df-Druck. Diese perforierten Filter-Tips sind<\/p>\n","protected":false},"featured_media":38836,"comment_status":"open","ping_status":"open","template":"","meta":{"_acf_changed":false},"product_cat":[2499,2500,2451],"product_tag":[],"acf":[],"_links":{"self":[{"href":"https:\/\/donaulife-new.ogrisdigital.at\/da\/wp-json\/wp\/v2\/product\/54437"}],"collection":[{"href":"https:\/\/donaulife-new.ogrisdigital.at\/da\/wp-json\/wp\/v2\/product"}],"about":[{"href":"https:\/\/donaulife-new.ogrisdigital.at\/da\/wp-json\/wp\/v2\/types\/product"}],"replies":[{"embeddable":true,"href":"https:\/\/donaulife-new.ogrisdigital.at\/da\/wp-json\/wp\/v2\/comments?post=54437"}],"wp:featuredmedia":[{"embeddable":true,"href":"https:\/\/donaulife-new.ogrisdigital.at\/da\/wp-json\/wp\/v2\/media\/38836"}],"wp:attachment":[{"href":"https:\/\/donaulife-new.ogrisdigital.at\/da\/wp-json\/wp\/v2\/media?parent=54437"}],"wp:term":[{"taxonomy":"product_cat","embeddable":true,"href":"https:\/\/donaulife-new.ogrisdigital.at\/da\/wp-json\/wp\/v2\/product_cat?post=54437"},{"taxonomy":"product_tag","embeddable":true,"href":"https:\/\/donaulife-new.ogrisdigital.at\/da\/wp-json\/wp\/v2\/product_tag?post=54437"}],"curies":[{"name":"wp","href":"https:\/\/api.w.org\/{rel}","templated":true}]}}