{"id":54383,"date":"2023-02-16T09:29:52","date_gmt":"2023-02-16T09:29:52","guid":{"rendered":"https:\/\/donaulife-new.ogrisdigital.at\/produkt\/lauren-rose-the-collection-snapback-flat-cap-sour-diesel\/"},"modified":"2024-07-01T01:04:55","modified_gmt":"2024-07-01T01:04:55","slug":"lauren-rose-the-collection-snapback-flat-cap-sour-diesel","status":"publish","type":"product","link":"https:\/\/donaulife-new.ogrisdigital.at\/da\/lauren-rose-the-collection-snapback-flat-cap-sour-diesel\/","title":{"rendered":"LAUREN ROSE The Collection Snapback Flat Cap | Sour Diesel"},"content":{"rendered":"<h2>Lauren Rose Flat Snapback Cap<\/h2>\n<p>Sour Diesel 420 Camo California Snapback in gr\u00fcn rauch blau braun schwarz Camo-Muster. Dieses Muster basiert auf der Farbe der Sour Diesel Sorte, diese reicht von hellgr\u00fcn, von der sch\u00f6nen Menge an Blatt auf der Knospe zu einem blassbraunen goldenen auf die eigentliche Blume, mit viel r\u00f6tlich-braune &#8220;Haare&#8221;, die von unten tief.<\/p>\n<p>Die ziemlich dichten Knospenfarben sprechen auch f\u00fcr ihre Frische. Die Zahl 420 nimmt in den Herzen der Marihuana-Raucher einen besonderen Platz ein, weshalb das ber\u00fchmte ovale 420-Logo von Lauren Rose auf die Seite des Snapbacks gestickt ist.<\/p>\n<p>Das Logo auf der Vorderseite zeigt in 3D-Stickerei den Umriss des Staates Cali und den Schatten des ber\u00fchmten California Grizzly. Dieser Hut hat ein besonderes Merkmal! eine HIDDEN-Tasche zum Verstauen von 1 Gramm Sour Diesel. Eine weitere gro\u00dfartige Erg\u00e4nzung f\u00fcr deine 420er Hut-Kollektion. An der Seite des Hutes befinden sich die ber\u00fchmten ovalen 420-Logos.<\/p>\n<p><strong>Hut:<\/strong> Allover-Druck Tarnstoff, normale Passform,<br \/>\n<strong>Vorderes Logo:<\/strong> Front Logo 3D Stickerei, Sour Diesel 420 Camo California 3D Stickerei mit wei\u00dfem Umriss des Staates Cali und dem Schatten des ber\u00fchmten California Grizzly.<br \/>\n<strong>Seiten-Logo:<\/strong> Das ber\u00fchmte ovale Lauren Rose 420 Logo<br \/>\n<strong>Besonderes Merkmal:<\/strong> Versteckte Tasche zum Verstauen von 1 Gramm Sour Diesel<br \/>\n<strong>R\u00fcckseite der M\u00fctze:<\/strong> Dies ist ein Snapback<br \/>\n<strong>Innenseite der M\u00fctze:<\/strong> Team LR-Stoff<br \/>\n<strong>Visier:<\/strong> Gerade, vollfl\u00e4chig bedruckt<\/p>\n<h3>\u00dcber Lauren Rose:<\/h3>\n<p>Das Label Lauren Rose wurde in Amsterdam gegr\u00fcndet. Das LR Unternehmen startete eine kleine Eigenmarke. Ihr Ursprung liegt im BMX-, Skateboard- und Snowboard-Lifestyle und sie f\u00fchrten Performance-Basics wie T-Shirts, Crew&#8217;s und Hoody&#8217;s sowie kreative Headwear.<br \/>\nAus diesem Schmelztiegel aus Clubszene, Rennstrecken und Attit\u00fcde entstand 2009 die LR-Bewegung, die den Stil der Lauren Rose Styles entwickelte, wie wir ihn heute kennen.<br \/>\nUm den Erwartungen an hochwertige Kopfbedeckungen gerecht zu werden, gr\u00fcndeten sie eine junge Gruppe von Designern, die ihrem Image gerecht werden und unsere Gesellschaft und gemischten Kulturen widerspiegeln.<br \/>\nDie Designs, die Auswahl der Materialien und die Passform sprechen viele junge Leute an. Die Kollektionen sind vielf\u00e4ltig, wechselnd und richtungsweisend.<\/p>\n","protected":false},"excerpt":{"rendered":"<p>Lauren Rose Flat Snapback Cap Sour Diesel 420 Camo California Snapback in gr\u00fcn rauch blau braun schwarz Camo-Muster. Dieses Muster<\/p>\n","protected":false},"featured_media":38523,"comment_status":"open","ping_status":"open","template":"","meta":{"_acf_changed":false},"product_cat":[3180],"product_tag":[3652],"acf":[],"_links":{"self":[{"href":"https:\/\/donaulife-new.ogrisdigital.at\/da\/wp-json\/wp\/v2\/product\/54383"}],"collection":[{"href":"https:\/\/donaulife-new.ogrisdigital.at\/da\/wp-json\/wp\/v2\/product"}],"about":[{"href":"https:\/\/donaulife-new.ogrisdigital.at\/da\/wp-json\/wp\/v2\/types\/product"}],"replies":[{"embeddable":true,"href":"https:\/\/donaulife-new.ogrisdigital.at\/da\/wp-json\/wp\/v2\/comments?post=54383"}],"wp:featuredmedia":[{"embeddable":true,"href":"https:\/\/donaulife-new.ogrisdigital.at\/da\/wp-json\/wp\/v2\/media\/38523"}],"wp:attachment":[{"href":"https:\/\/donaulife-new.ogrisdigital.at\/da\/wp-json\/wp\/v2\/media?parent=54383"}],"wp:term":[{"taxonomy":"product_cat","embeddable":true,"href":"https:\/\/donaulife-new.ogrisdigital.at\/da\/wp-json\/wp\/v2\/product_cat?post=54383"},{"taxonomy":"product_tag","embeddable":true,"href":"https:\/\/donaulife-new.ogrisdigital.at\/da\/wp-json\/wp\/v2\/product_tag?post=54383"}],"curies":[{"name":"wp","href":"https:\/\/api.w.org\/{rel}","templated":true}]}}