{"id":54379,"date":"2023-02-14T17:15:05","date_gmt":"2023-02-14T17:15:05","guid":{"rendered":"https:\/\/donaulife-new.ogrisdigital.at\/produkt\/lauren-rose-the-collection-snapback-flat-cap-og-kush-orange\/"},"modified":"2024-02-04T18:56:23","modified_gmt":"2024-02-04T18:56:23","slug":"lauren-rose-the-collection-snapback-flat-cap-og-kush-orange","status":"publish","type":"product","link":"https:\/\/donaulife-new.ogrisdigital.at\/da\/lauren-rose-the-collection-snapback-flat-cap-og-kush-orange\/","title":{"rendered":"LAUREN ROSE The Collection Snapback Flat Cap | OG Kush Orange"},"content":{"rendered":"<h2>Lauren Rose Flat Snapback Cap<\/h2>\n<p>Lauren Rose hat diese OG Kush 420 Camo Snapback in Orange\/Gr\u00fcn\/Braun\/Schwarzem Camo-Muster entworfen. LR lie\u00df sich von Nipsey Hussle inspirieren und entwarf eine 3D-Stickerei auf der Vorderseite, bei der innerhalb der Kush-Buchstaben ein Rauchmuster zu sehen ist. Das macht diesen Hut zu einem Mary Jane Sammlerst\u00fcck.<\/p>\n<p>Dieser Kush-Hut hat eine Besonderheit: eine HIDDEN POCKET! Dein Gras in einer stylischen Stash-Tasche verschwinden zu sehen, ist definitiv eine der besten M\u00f6glichkeiten, es zu verstecken. Dies ist dank der versteckten Tasche im Inneren des Hutes m\u00f6glich.<\/p>\n<p>Die &#8220;Original Gangster&#8221; OG Kush stammt aus dem San Fernando Valley in Los Angeles und gilt als die Sorte, die die Buds aus S\u00fcdkalifornien auf eine Stufe mit den Bl\u00fcten aus dem Norden stellte.<\/p>\n<p>Andere Kiffer behaupten, dass die OG in den 90er Jahren von der Cypress Hill Crew auf die LA Kush geklebt wurde und f\u00fcr &#8220;Original Gangsta&#8221; steht. Es gibt auch Geschichten, dass OG f\u00fcr &#8220;Ocean Grown&#8221; steht, aber da Lauren aus LA kommt, glaubt sie, dass OG von der Cypress-Familie stammt.<\/p>\n<p>Diese Sorte ist auch bei den Reichen und Ber\u00fchmten beliebt<br \/>\nBlanco &amp; Nipsey Hussle (Rip-Legende) haben einen Song dar\u00fcber geschrieben. Was ist mit<br \/>\nTy Dolla $ign &#8220;Irie&#8221; feat. Wiz Khalifa, der spit;Das Gras sollte besser organisch sein und entweder OG Kush oder Wiz&#8217;s &#8220;KK&#8221;. Das sind die Regeln.<\/p>\n<p>Wenn du ein Cannabis-Sammler oder Kiffer bist, darfst du dir diesen tollen Mary-Jane-Hut auf keinen Fall entgehen lassen. Unterst\u00fctze deinen Kiffer-Stil mit diesem unbestrittenen OG KUSH All-Over-Print-Hut der 420er-Szene.<\/p>\n<p>Alle Geschichten erz\u00e4hlt, der Hut ist eine gro\u00dfe Erg\u00e4nzung f\u00fcr Laurens 420 Sammlung.<\/p>\n<p><strong>Hut:<\/strong> Orange\/Gr\u00fcn\/Braun\/Schwarz, normale Passform,<br \/>\n<strong>Vorderes Logo:<\/strong> OG Kush Orange Umriss 3D Stickerei, gef\u00fcllt mit Rauch<br \/>\n<strong>Seitliches Logo:<\/strong> Das ber\u00fchmte Lauren Rose 420 Logo<br \/>\n<strong>Besonderheit 1:<\/strong> Versteckte Tasche<br \/>\n<strong>R\u00fcckseite der M\u00fctze:<\/strong> Dies ist ein Snapback<br \/>\n<strong>Innenseite der M\u00fctze:<\/strong> Team LR Stoff<br \/>\n<strong>Visier:<\/strong> Gerade Visor all over print camo<\/p>\n<p><strong>Besonderes Merkmal:<\/strong> Die Innenseite des Hutes enth\u00e4lt eine Karte aus Seidenstoff, die den rechtlichen Status von medizinischem Cannabis in der ganzen Welt zeigt.<br \/>\n<strong>R\u00fcckseite des Hutes:<\/strong> Die R\u00fcckseite &#8216; Smoke weed everyday &#8216; .bestickt<\/p>\n<p><strong>Visier:<\/strong> Gerade Krempe, mit einem Rauchaufdruck<\/p>\n<h3>\u00dcber Lauren Rose:<\/h3>\n<p>Das Label Lauren Rose wurde in Amsterdam gegr\u00fcndet. Das LR Unternehmen startete eine kleine Eigenmarke. Ihr Ursprung liegt im BMX-, Skateboard- und Snowboard-Lifestyle und sie f\u00fchrten Performance-Basics wie T-Shirts, Crew&#8217;s und Hoody&#8217;s sowie kreative Headwear.<br \/>\nAus diesem Schmelztiegel aus Clubszene, Rennstrecken und Attit\u00fcde entstand 2009 die LR-Bewegung, die den Stil der Lauren Rose Styles entwickelte, wie wir ihn heute kennen.<br \/>\nUm den Erwartungen an hochwertige Kopfbedeckungen gerecht zu werden, gr\u00fcndeten sie eine junge Gruppe von Designern, die ihrem Image gerecht werden und unsere Gesellschaft und gemischten Kulturen widerspiegeln.<br \/>\nDie Designs, die Auswahl der Materialien und die Passform sprechen viele junge Leute an. Die Kollektionen sind vielf\u00e4ltig, wechselnd und richtungsweisend.<\/p>\n","protected":false},"excerpt":{"rendered":"<p>Lauren Rose Flat Snapback Cap Lauren Rose hat diese OG Kush 420 Camo Snapback in Orange\/Gr\u00fcn\/Braun\/Schwarzem Camo-Muster entworfen. LR lie\u00df<\/p>\n","protected":false},"featured_media":38505,"comment_status":"open","ping_status":"open","template":"","meta":{"_acf_changed":false},"product_cat":[3180],"product_tag":[3652],"acf":[],"_links":{"self":[{"href":"https:\/\/donaulife-new.ogrisdigital.at\/da\/wp-json\/wp\/v2\/product\/54379"}],"collection":[{"href":"https:\/\/donaulife-new.ogrisdigital.at\/da\/wp-json\/wp\/v2\/product"}],"about":[{"href":"https:\/\/donaulife-new.ogrisdigital.at\/da\/wp-json\/wp\/v2\/types\/product"}],"replies":[{"embeddable":true,"href":"https:\/\/donaulife-new.ogrisdigital.at\/da\/wp-json\/wp\/v2\/comments?post=54379"}],"wp:featuredmedia":[{"embeddable":true,"href":"https:\/\/donaulife-new.ogrisdigital.at\/da\/wp-json\/wp\/v2\/media\/38505"}],"wp:attachment":[{"href":"https:\/\/donaulife-new.ogrisdigital.at\/da\/wp-json\/wp\/v2\/media?parent=54379"}],"wp:term":[{"taxonomy":"product_cat","embeddable":true,"href":"https:\/\/donaulife-new.ogrisdigital.at\/da\/wp-json\/wp\/v2\/product_cat?post=54379"},{"taxonomy":"product_tag","embeddable":true,"href":"https:\/\/donaulife-new.ogrisdigital.at\/da\/wp-json\/wp\/v2\/product_tag?post=54379"}],"curies":[{"name":"wp","href":"https:\/\/api.w.org\/{rel}","templated":true}]}}