{"id":54377,"date":"2023-02-14T16:49:44","date_gmt":"2023-02-14T16:49:44","guid":{"rendered":"https:\/\/donaulife-new.ogrisdigital.at\/produkt\/lauren-rose-the-collection-snapback-flat-cap-hybrid\/"},"modified":"2024-07-01T01:04:50","modified_gmt":"2024-07-01T01:04:50","slug":"lauren-rose-the-collection-snapback-flat-cap-hybrid","status":"publish","type":"product","link":"https:\/\/donaulife-new.ogrisdigital.at\/da\/lauren-rose-the-collection-snapback-flat-cap-hybrid\/","title":{"rendered":"LAUREN ROSE The Collection Snapback Flat Cap | Hybrid"},"content":{"rendered":"<h2>Lauren Rose Flat Snapback Cap<\/h2>\n<p>Dieser kultige HYBRID-Hut ist mit den Ton-in-Ton-Stickereien CALI KUSH &#8211; BLUE COOKIES &#8211; SOUR<br \/>\nDIESEL -. GELATO &#8211; GORILLA CLUE &#8211; GREEN CRACK &#8211; ZKITTLEZ &#8211; BRUCE BANNER &#8211; CHERRY PIE.<br \/>\nIn der Welt des Weeds ist ein Hybrid eine Cannabispflanze, die sowohl Indica- als auch Sativa-Merkmale aufweist. Da Cannabis seit Jahrhunderten kultiviert wird, sind die meisten modernen Sorten Hybridsorten. Hybride Cannabissorten sind Pflanzen, die je nach ihrer genetischen Abstammung die Eigenschaften von Cannabis sativa und Cannabis indica in sich vereinen.<\/p>\n<p>Lauren Rose wollte diesen einzigartigen HYBRID mit ihrem eigenen Snapback-Design ehren.<br \/>\nBesser kann man es nicht machen, wenn man auf der Suche nach einem besonderen Mary Jane Hut ist.<\/p>\n<p>Der schwarze Hybrid-Hut mit geradem Visor ist mit einem schwarz-grauen Schattenlogo bestickt. Die Zahl 420 nimmt in den Herzen der Marihuana-Raucher einen besonderen Platz ein. Der 20. April, oder 4\/20, ist ein bedeutender Tag f\u00fcr die Cannabis konsumierende Gemeinschaft weltweit.<br \/>\nEin besonderes Merkmal dieser Snapback ist die HIDDEN POCKET INSIDE. Dein Hybrid-Gras in einer schwarzen, versteckten Tasche mit dem ber\u00fchmten Lauren Rose 420-Logo verschwinden zu sehen, ist definitiv eine der besten M\u00f6glichkeiten, es zu verstecken. Das macht diese M\u00fctze zu einem exklusiven High-End Lauren Rose Snapback<br \/>\nZus\u00e4tzliches zweites Feature: Auf der Seite der M\u00fctze ist ein Etikett aufgedruckt, auf das du dein Jointr\u00f6hrchen stecken kannst, damit du es nicht verlierst!<\/p>\n<p><strong>Hut:<\/strong> Schwarzer Stoff, normale Passform<br \/>\n<strong>Vorderes Logo:<\/strong> Das Hybrid-Logo ist schwarz mit einem wei\u00dfen Schatten aufgestickt.<br \/>\n<strong>Seitliches Logo:<\/strong> Das ber\u00fchmte Lauren Rose 420-Logo, in das Du Deinen Jointschlauch einkleben kannst, damit Du ihn nicht verlierst!<br \/>\n<strong>Besonderheit 1:<\/strong> Versteckte Tasche im Inneren des Hutes f\u00fcr dein kleines Versteck mit dem ovalen 420er Logo bedruckt<br \/>\n<strong>Besonderheit 2:<\/strong> Innenseite der M\u00fctze: Die Innenseite besteht aus einem Seidenstoff mit einem &#8216;420&#8217;-Druck, der sich auf den Punch-Print bezieht. Das macht diesen Hut zu einem exklusiven High-End Lauren Rose Snapback!<br \/>\n<strong>Special Feature 3:<\/strong> auf den Panels sind Ton in Ton Stickereien CALI KUSH &#8211; BLUE COOKIES &#8211; SOUR DIESEL &#8211; GELATO &#8211; GORILLA CLUE &#8211; GREEN CRACK &#8211; ZKITTLEZ &#8211; BRUCE BANNER &#8211; CHERRY PIE.<br \/>\n<strong>Die R\u00fcckseite des Hutes:<\/strong> Ein Druckknopf<br \/>\n<strong>Visier:<\/strong> Gerade Krempe<\/p>\n<h3>\u00dcber Lauren Rose:<\/h3>\n<p>Das Label Lauren Rose wurde in Amsterdam gegr\u00fcndet. Das LR Unternehmen startete eine kleine Eigenmarke. Ihr Ursprung liegt im BMX-, Skateboard- und Snowboard-Lifestyle und sie f\u00fchrten Performance-Basics wie T-Shirts, Crew&#8217;s und Hoody&#8217;s sowie kreative Headwear.<br \/>\nAus diesem Schmelztiegel aus Clubszene, Rennstrecken und Attit\u00fcde entstand 2009 die LR-Bewegung, die den Stil der Lauren Rose Styles entwickelte, wie wir ihn heute kennen.<br \/>\nUm den Erwartungen an hochwertige Kopfbedeckungen gerecht zu werden, gr\u00fcndeten sie eine junge Gruppe von Designern, die ihrem Image gerecht werden und unsere Gesellschaft und gemischten Kulturen widerspiegeln.<br \/>\nDie Designs, die Auswahl der Materialien und die Passform sprechen viele junge Leute an. Die Kollektionen sind vielf\u00e4ltig, wechselnd und richtungsweisend.<\/p>\n","protected":false},"excerpt":{"rendered":"<p>Lauren Rose Flat Snapback Cap Dieser kultige HYBRID-Hut ist mit den Ton-in-Ton-Stickereien CALI KUSH &#8211; BLUE COOKIES &#8211; SOUR DIESEL<\/p>\n","protected":false},"featured_media":38483,"comment_status":"open","ping_status":"open","template":"","meta":{"_acf_changed":false},"product_cat":[3180],"product_tag":[3652],"acf":[],"_links":{"self":[{"href":"https:\/\/donaulife-new.ogrisdigital.at\/da\/wp-json\/wp\/v2\/product\/54377"}],"collection":[{"href":"https:\/\/donaulife-new.ogrisdigital.at\/da\/wp-json\/wp\/v2\/product"}],"about":[{"href":"https:\/\/donaulife-new.ogrisdigital.at\/da\/wp-json\/wp\/v2\/types\/product"}],"replies":[{"embeddable":true,"href":"https:\/\/donaulife-new.ogrisdigital.at\/da\/wp-json\/wp\/v2\/comments?post=54377"}],"wp:featuredmedia":[{"embeddable":true,"href":"https:\/\/donaulife-new.ogrisdigital.at\/da\/wp-json\/wp\/v2\/media\/38483"}],"wp:attachment":[{"href":"https:\/\/donaulife-new.ogrisdigital.at\/da\/wp-json\/wp\/v2\/media?parent=54377"}],"wp:term":[{"taxonomy":"product_cat","embeddable":true,"href":"https:\/\/donaulife-new.ogrisdigital.at\/da\/wp-json\/wp\/v2\/product_cat?post=54377"},{"taxonomy":"product_tag","embeddable":true,"href":"https:\/\/donaulife-new.ogrisdigital.at\/da\/wp-json\/wp\/v2\/product_tag?post=54377"}],"curies":[{"name":"wp","href":"https:\/\/api.w.org\/{rel}","templated":true}]}}