{"id":54376,"date":"2023-02-14T16:45:21","date_gmt":"2023-02-14T16:45:21","guid":{"rendered":"https:\/\/donaulife-new.ogrisdigital.at\/produkt\/lauren-rose-the-collection-snapback-trucker-cap-blackberry-haze\/"},"modified":"2024-07-01T01:04:49","modified_gmt":"2024-07-01T01:04:49","slug":"lauren-rose-the-collection-snapback-trucker-cap-blackberry-haze","status":"publish","type":"product","link":"https:\/\/donaulife-new.ogrisdigital.at\/da\/lauren-rose-the-collection-snapback-trucker-cap-blackberry-haze\/","title":{"rendered":"LAUREN ROSE The Collection Snapback Trucker Cap | Blackberry Haze"},"content":{"rendered":"<h2>Lauren Rose Trucker Snapback Cap<\/h2>\n<p>Wir f\u00fcgen unserer Kollektion regelm\u00e4\u00dfig neue 420-Produkte hinzu, so dass es schwierig sein kann, mit allen neuen Cannabis-Trends Schritt zu halten. Die Blackberry Strain Cap ist allover mit Brombeerfr\u00fcchten und dem LR 420 Logo bedeckt.<\/p>\n<p>Dein Gras in einer stylischen Stecktasche verschwinden zu sehen, ist definitiv eine der besten M\u00f6glichkeiten, es zu verstecken. Dies ist m\u00f6glich durch die versteckte Tasche im Inneren des Hutes.<\/p>\n<p>Wenn Deine Augen nach dem Konsum blutunterlaufen sind, besteht eine gute Chance, dass Du Dir hochpotentes Gras eingefangen hast. Ich w\u00fcrde sagen, viele Grower sind auf meiner Seite, wenn ich das sage. Wenn Du ein Hardcore-Cannabis-Sammler oder Kiffer bist, darfst Du Dir diesen tollen Hut auf keinen Fall entgehen lassen.<\/p>\n<p>Alles in allem ist der Hut eine gro\u00dfartige Erg\u00e4nzung f\u00fcr Laurens 420er-Sammlung.<\/p>\n<p><strong>Hut:<\/strong> Allover-Druck Blackberry Haze-Muster<br \/>\n<strong>Vorderes Logo:<\/strong> Blackberry Haze Patch, schwarzer Umriss, 3D-Emboiderie, grauer Hintergrund.<br \/>\n<strong>R\u00fcckseitiges Logo:<\/strong> Rote Augen, Real Highs 3D-Stickerei Patch. Schwarzer 3D-Aufn\u00e4her mit grauem Hintergrund<br \/>\n<strong>Innen:<\/strong> Die Brombeersorte ist auf der Innenseite der 2 Frontplatten aufgedruckt<br \/>\n<strong>Besonderes Merkmal:<\/strong> VERSTECKTE TASCHE IM INNEREN DER M\u00dcTZE<\/p>\n<h3>\u00dcber Lauren Rose:<\/h3>\n<p>Das Label Lauren Rose wurde in Amsterdam gegr\u00fcndet. Das LR Unternehmen startete eine kleine Eigenmarke. Ihr Ursprung liegt im BMX-, Skateboard- und Snowboard-Lifestyle und sie f\u00fchrten Performance-Basics wie T-Shirts, Crew&#8217;s und Hoody&#8217;s sowie kreative Headwear.<br \/>\nAus diesem Schmelztiegel aus Clubszene, Rennstrecken und Attit\u00fcde entstand 2009 die LR-Bewegung, die den Stil der Lauren Rose Styles entwickelte, wie wir ihn heute kennen.<br \/>\nUm den Erwartungen an hochwertige Kopfbedeckungen gerecht zu werden, gr\u00fcndeten sie eine junge Gruppe von Designern, die ihrem Image gerecht werden und unsere Gesellschaft und gemischten Kulturen widerspiegeln.<br \/>\nDie Designs, die Auswahl der Materialien und die Passform sprechen viele junge Leute an. Die Kollektionen sind vielf\u00e4ltig, wechselnd und richtungsweisend.<\/p>\n","protected":false},"excerpt":{"rendered":"<p>Lauren Rose Trucker Snapback Cap Wir f\u00fcgen unserer Kollektion regelm\u00e4\u00dfig neue 420-Produkte hinzu, so dass es schwierig sein kann, mit<\/p>\n","protected":false},"featured_media":38515,"comment_status":"open","ping_status":"open","template":"","meta":{"_acf_changed":false},"product_cat":[3180],"product_tag":[3652],"acf":[],"_links":{"self":[{"href":"https:\/\/donaulife-new.ogrisdigital.at\/da\/wp-json\/wp\/v2\/product\/54376"}],"collection":[{"href":"https:\/\/donaulife-new.ogrisdigital.at\/da\/wp-json\/wp\/v2\/product"}],"about":[{"href":"https:\/\/donaulife-new.ogrisdigital.at\/da\/wp-json\/wp\/v2\/types\/product"}],"replies":[{"embeddable":true,"href":"https:\/\/donaulife-new.ogrisdigital.at\/da\/wp-json\/wp\/v2\/comments?post=54376"}],"wp:featuredmedia":[{"embeddable":true,"href":"https:\/\/donaulife-new.ogrisdigital.at\/da\/wp-json\/wp\/v2\/media\/38515"}],"wp:attachment":[{"href":"https:\/\/donaulife-new.ogrisdigital.at\/da\/wp-json\/wp\/v2\/media?parent=54376"}],"wp:term":[{"taxonomy":"product_cat","embeddable":true,"href":"https:\/\/donaulife-new.ogrisdigital.at\/da\/wp-json\/wp\/v2\/product_cat?post=54376"},{"taxonomy":"product_tag","embeddable":true,"href":"https:\/\/donaulife-new.ogrisdigital.at\/da\/wp-json\/wp\/v2\/product_tag?post=54376"}],"curies":[{"name":"wp","href":"https:\/\/api.w.org\/{rel}","templated":true}]}}