{"id":54371,"date":"2023-02-14T12:19:45","date_gmt":"2023-02-14T12:19:45","guid":{"rendered":"https:\/\/donaulife-new.ogrisdigital.at\/produkt\/raw-glas-aschenbecher-the-dark-side-ashtray\/"},"modified":"2024-07-01T01:04:45","modified_gmt":"2024-07-01T01:04:45","slug":"raw-glas-aschenbecher-the-dark-side-ashtray","status":"publish","type":"product","link":"https:\/\/donaulife-new.ogrisdigital.at\/da\/raw-glas-aschenbecher-the-dark-side-ashtray\/","title":{"rendered":"RAW Glas Aschenbecher | The Dark Side Ashtray"},"content":{"rendered":"<h2>RAW Glas Aschenbecher &#8211; The Dark Side<\/h2>\n<div class=\"teaser\">\n<p>Dieser Aschenbecher von\u00a0<strong>RAW\u00ae<\/strong>, Edition THE DARK SIDE, ist aus massiven und bleifreien Kristallglas. Und somit ein echt krasses Teil, welches an die 1950er Jahre erinnert und ein Hauch von Luxus verspr\u00fcht. Durch die Folierung am Boden leuchtet das Kristallglas in der DARK SIDE-Edition in besonders edlen Graut\u00f6nen.<\/p>\n<p>\u2714\ufe0f schwer, robust &amp; edel<\/p>\n<p>\u2714\ufe0f ein Hingucker mit WOW-Effekt<\/p>\n<p>\u2714\ufe0f verpackt in einem tollen Geschenkkarton<\/p>\n<p>Die vier Ablagemulden sind sichere Parkpl\u00e4tze f\u00fcr Deine T\u00fcten bei Rauchpausen. Die Unterseite ist mit einem samtigen Stoff bespannt, so dass man den Aschenbecher auch auf empfindlichere Fl\u00e4chen stellen kann. THE DARK SIDE Aschenbecher von\u00a0<strong>RAW\u00ae<\/strong>\u00a0&#8211; eine tolle Geschenkidee f\u00fcr alle Stoner mit Stil!<\/p>\n<\/div>\n<h3>\u00dcber RAW:<\/h3>\n<p>RAW \u2013 Die nat\u00fcrliche Art zu rollen.<\/p>\n<p>Seit dem 1. Tag hat RAW den Auftrag, die F\u00fchrungsrolle in der Papierrollenindustrie zu \u00fcbernehmen. RAW hat die Welt des Rauchens revolutioniert, indem sie Produkte geschaffen hat, die von Natur aus genial gestaltet sind, um das Raucherlebnis zu verbessern.<\/p>\n<p>RAW stellt nur qualitativ hochwertige und umweltfreundliche Produkte her, die Ihr Raucherlebnis verbessern, und wir werden das wof\u00fcr wir stehen niemals \u00e4ndern. Wir genie\u00dfen es, unser unraffiniertes Papier jeden Tag zu rauchen, und wir werden es immer komplett rein also \u201cRAW\u201d belassen \u2013 f\u00fcr dich und uns!<\/p>\n","protected":false},"excerpt":{"rendered":"<p>RAW Glas Aschenbecher &#8211; The Dark Side Dieser Aschenbecher von\u00a0RAW\u00ae, Edition THE DARK SIDE, ist aus massiven und bleifreien Kristallglas.<\/p>\n","protected":false},"featured_media":38445,"comment_status":"open","ping_status":"open","template":"","meta":{"_acf_changed":false},"product_cat":[2744,2489,2451,2490],"product_tag":[2493],"acf":[],"_links":{"self":[{"href":"https:\/\/donaulife-new.ogrisdigital.at\/da\/wp-json\/wp\/v2\/product\/54371"}],"collection":[{"href":"https:\/\/donaulife-new.ogrisdigital.at\/da\/wp-json\/wp\/v2\/product"}],"about":[{"href":"https:\/\/donaulife-new.ogrisdigital.at\/da\/wp-json\/wp\/v2\/types\/product"}],"replies":[{"embeddable":true,"href":"https:\/\/donaulife-new.ogrisdigital.at\/da\/wp-json\/wp\/v2\/comments?post=54371"}],"wp:featuredmedia":[{"embeddable":true,"href":"https:\/\/donaulife-new.ogrisdigital.at\/da\/wp-json\/wp\/v2\/media\/38445"}],"wp:attachment":[{"href":"https:\/\/donaulife-new.ogrisdigital.at\/da\/wp-json\/wp\/v2\/media?parent=54371"}],"wp:term":[{"taxonomy":"product_cat","embeddable":true,"href":"https:\/\/donaulife-new.ogrisdigital.at\/da\/wp-json\/wp\/v2\/product_cat?post=54371"},{"taxonomy":"product_tag","embeddable":true,"href":"https:\/\/donaulife-new.ogrisdigital.at\/da\/wp-json\/wp\/v2\/product_tag?post=54371"}],"curies":[{"name":"wp","href":"https:\/\/api.w.org\/{rel}","templated":true}]}}