{"id":54364,"date":"2023-02-14T10:13:21","date_gmt":"2023-02-14T10:13:21","guid":{"rendered":"https:\/\/donaulife-new.ogrisdigital.at\/produkt\/jilter-zigarettenfilter-250-stueck\/"},"modified":"2024-07-01T01:04:40","modified_gmt":"2024-07-01T01:04:40","slug":"jilter-zigarettenfilter-250-stueck","status":"publish","type":"product","link":"https:\/\/donaulife-new.ogrisdigital.at\/da\/jilter-zigarettenfilter-250-stueck\/","title":{"rendered":"JILTER Zigarettenfilter | 250 St\u00fcck"},"content":{"rendered":"<h2>Jilter 250 St\u00fcck Packung<\/h2>\n<p>Die\u00a0<strong>Jilter\u00aePipe<\/strong>\u00a0&#8216;Fat&#8217; sind vorgefertigte Filter zum Eindrehen in selbstgerollte Zigaretten sowie zur Verwendung in den speziellen Pfeifen von\u00a0<strong>Jilter\u00aePipe<\/strong> oder in Eindrehfilter aus Glas. Der Hersteller garantiert, dass die Tips die Aufnahme von Schadstoffen wie Teer und Nikotin erheblich mindern, ohne jedoch die gew\u00fcnschte Wirkung von Sportzigaretten zu beeinflussen. Diese schmecken durch die Filterung besonders intensiv und aromatisch.zellzell<\/p>\n<p><strong>Beutel mit 250 Jilter Filter<br \/>\nNeu im Bio-Beutel<\/strong><\/p>\n<p>Die Jilter &#8220;Familien&#8221; Packung<\/p>\n<p>Der Beutel ist nach entfernen des Verschlussb\u00fcgels zu\u00a0<strong>100% Kompostierbar<\/strong>.<br \/>\nAuch das Sichtfenster ist Kompostierbar, dies wird durch die Verwendung einen speziellen Kunststoffs erreicht.<\/p>\n<p>Enjoy Jilter.<\/p>\n<h3>\u00dcber Jilter:<\/h3>\n<div>\n<p>Die<em>\u00a0jurop ag<\/em>\u00a0wurde im Jahr 2002 gegr\u00fcndet, um den\u00a0<strong>Jilter\u00ae<\/strong>\u00a0herzustellen und zu vertreiben. Inzwischen heisst die Firma der Einfachheit halber JILTER AG<\/p>\n<p>Seitdem sind wir weltweit im Kampf gegen das &#8220;ungefilterte Rauchen&#8221; unterwegs.<br \/>\nLeider gibt es trotz unserer Bem\u00fchungen immer noch viele Leute, welche s\u00e4mtliche Schadstoffe ungefiltert ihrer Lunge zuf\u00fchren.<\/p>\n<p>Was wir aber mit Stolz sagen k\u00f6nnen ist, dass mittlerweile doch auch immer mehr Menschen\u00a0<strong>&#8220;Selbstgedrehte&#8221; mit einem Jilter\u00ae rauchen und dass das Produkt rund um den Globus erh\u00e4ltlich ist<\/strong>.<\/p>\n<\/div>\n<div>Dies und auch die unz\u00e4hligen positiven Reaktionen, welche wir st\u00e4ndig von unseren Kunden erhalten, zeigt uns dass wir nicht auf verlorenem Posten k\u00e4mpfen.<\/div>\n","protected":false},"excerpt":{"rendered":"<p>Jilter 250 St\u00fcck Packung Die\u00a0Jilter\u00aePipe\u00a0&#8216;Fat&#8217; sind vorgefertigte Filter zum Eindrehen in selbstgerollte Zigaretten sowie zur Verwendung in den speziellen Pfeifen<\/p>\n","protected":false},"featured_media":18481,"comment_status":"open","ping_status":"open","template":"","meta":{"_acf_changed":false},"product_cat":[2499,2500,2451],"product_tag":[2837],"acf":[],"_links":{"self":[{"href":"https:\/\/donaulife-new.ogrisdigital.at\/da\/wp-json\/wp\/v2\/product\/54364"}],"collection":[{"href":"https:\/\/donaulife-new.ogrisdigital.at\/da\/wp-json\/wp\/v2\/product"}],"about":[{"href":"https:\/\/donaulife-new.ogrisdigital.at\/da\/wp-json\/wp\/v2\/types\/product"}],"replies":[{"embeddable":true,"href":"https:\/\/donaulife-new.ogrisdigital.at\/da\/wp-json\/wp\/v2\/comments?post=54364"}],"wp:featuredmedia":[{"embeddable":true,"href":"https:\/\/donaulife-new.ogrisdigital.at\/da\/wp-json\/wp\/v2\/media\/18481"}],"wp:attachment":[{"href":"https:\/\/donaulife-new.ogrisdigital.at\/da\/wp-json\/wp\/v2\/media?parent=54364"}],"wp:term":[{"taxonomy":"product_cat","embeddable":true,"href":"https:\/\/donaulife-new.ogrisdigital.at\/da\/wp-json\/wp\/v2\/product_cat?post=54364"},{"taxonomy":"product_tag","embeddable":true,"href":"https:\/\/donaulife-new.ogrisdigital.at\/da\/wp-json\/wp\/v2\/product_tag?post=54364"}],"curies":[{"name":"wp","href":"https:\/\/api.w.org\/{rel}","templated":true}]}}