{"id":54357,"date":"2023-02-14T08:47:17","date_gmt":"2023-02-14T08:47:17","guid":{"rendered":"https:\/\/donaulife-new.ogrisdigital.at\/produkt\/higher-standards-heavy-duty-beaker-145-mm\/"},"modified":"2025-01-15T07:08:21","modified_gmt":"2025-01-15T07:08:21","slug":"higher-standards-heavy-duty-beaker-145-mm","status":"publish","type":"product","link":"https:\/\/donaulife-new.ogrisdigital.at\/da\/higher-standards-heavy-duty-beaker-145-mm\/","title":{"rendered":"HIGHER STANDARDS Heavy Duty Beaker | 14,5 mm"},"content":{"rendered":"<h2>Higher Standards Heavy Duty Beaker<\/h2>\n<p>Der handgefertigte Higher Standards Heavy Duty Beaker aus haltbarem Borosilikatglas in medizinischer Qualit\u00e4t ist eine Wasserpfeife, die mit maximaler Filtration arbeitet. Der Heavy Duty Becher verf\u00fcgt \u00fcber einen breiten Boden f\u00fcr h\u00f6chste Stabilit\u00e4t und einen Glasschliff f\u00fcr eine luftdichte Abdichtung. Er hat eine hohe thermische Best\u00e4ndigkeit, die allen Temperaturschwankungen standh\u00e4lt.<\/p>\n<p>Die Schlitze an seinem diffusen Stiel erzeugen w\u00e4hrend des Gebrauchs feine Blasen, die f\u00fcr eine reibungslose Abgabe von reinen, wassergek\u00fchlten Hits sorgen. Ein 14-mm-Downstem bietet Platz f\u00fcr eine sch\u00f6ne Higher Standards-Schale f\u00fcr k\u00f6stlichen Geschmack bei niedrigen Temperaturen.<\/p>\n<p>Jeder Heavy Duty Beaker wird in einem wiederverwendbaren und wendbaren Sammleretui f\u00fcr sichere Aufbewahrung und Transport verkauft und enth\u00e4lt eine spezielle Eisform f\u00fcr besonders glatte Rips.<\/p>\n<h2>Features<\/h2>\n<ul>\n<li>Made in USA<\/li>\n<li>36 cm hoch<\/li>\n<li>Eiszacken<\/li>\n<li>7 mm dickes borosilikat Glas<\/li>\n<li>Diffusor Chillum<\/li>\n<li>Perfekter Geschmack durch medizinisches Glas<\/li>\n<li>14,5 mm Sockel<\/li>\n<\/ul>\n<h3>\u00dcber Higher Standards:<\/h3>\n<div>Higher Standards wurde gegr\u00fcndet, um echten Kennern die Werkzeuge zu liefern, die sie f\u00fcr das beste Raucherlebnis ben\u00f6tigen, von Premium-Pflegeprodukten, die den besten Geschmack aus Ihrem Material herausholen, bis hin zu Hochleistungsgl\u00e4sern und begehrten limitierten Editionen.<\/div>\n<div><\/div>\n<div>Unsere Kollektion von handgefertigtem High End Glas, erstklassigen Pflege- und Wartungsprodukten und limitierten Kooperationen wurden alle mit dem Gedanken an den wahren Genie\u00dfer geschaffen, der den Geschmack an erste Stelle setzt.<\/div>\n","protected":false},"excerpt":{"rendered":"<p>Higher Standards Heavy Duty Beaker Der handgefertigte Higher Standards Heavy Duty Beaker aus haltbarem Borosilikatglas in medizinischer Qualit\u00e4t ist eine<\/p>\n","protected":false},"featured_media":38364,"comment_status":"open","ping_status":"open","template":"","meta":{"_acf_changed":false},"product_cat":[2514,2489,2459,2566,3468,2523,2635,2506,2463,2520],"product_tag":[],"acf":[],"_links":{"self":[{"href":"https:\/\/donaulife-new.ogrisdigital.at\/da\/wp-json\/wp\/v2\/product\/54357"}],"collection":[{"href":"https:\/\/donaulife-new.ogrisdigital.at\/da\/wp-json\/wp\/v2\/product"}],"about":[{"href":"https:\/\/donaulife-new.ogrisdigital.at\/da\/wp-json\/wp\/v2\/types\/product"}],"replies":[{"embeddable":true,"href":"https:\/\/donaulife-new.ogrisdigital.at\/da\/wp-json\/wp\/v2\/comments?post=54357"}],"wp:featuredmedia":[{"embeddable":true,"href":"https:\/\/donaulife-new.ogrisdigital.at\/da\/wp-json\/wp\/v2\/media\/38364"}],"wp:attachment":[{"href":"https:\/\/donaulife-new.ogrisdigital.at\/da\/wp-json\/wp\/v2\/media?parent=54357"}],"wp:term":[{"taxonomy":"product_cat","embeddable":true,"href":"https:\/\/donaulife-new.ogrisdigital.at\/da\/wp-json\/wp\/v2\/product_cat?post=54357"},{"taxonomy":"product_tag","embeddable":true,"href":"https:\/\/donaulife-new.ogrisdigital.at\/da\/wp-json\/wp\/v2\/product_tag?post=54357"}],"curies":[{"name":"wp","href":"https:\/\/api.w.org\/{rel}","templated":true}]}}