{"id":54344,"date":"2023-02-03T15:05:31","date_gmt":"2023-02-03T15:05:31","guid":{"rendered":"https:\/\/donaulife-new.ogrisdigital.at\/produkt\/heisenberg-glasbong-orgel-46-cm\/"},"modified":"2025-01-15T07:08:24","modified_gmt":"2025-01-15T07:08:24","slug":"heisenberg-glasbong-orgel-46-cm","status":"publish","type":"product","link":"https:\/\/donaulife-new.ogrisdigital.at\/da\/heisenberg-glasbong-orgel-46-cm\/","title":{"rendered":"HEISENBERG Glasbong &#8216;Orgel&#8217; | 46 cm"},"content":{"rendered":"<h2>Heisenberg mit Orgel Percolator<\/h2>\n<div id=\"description\" class=\"data item content\" role=\"tabpanel\" data-role=\"content\" aria-labelledby=\"tab-label-description\" aria-hidden=\"false\">\n<div class=\"product attribute description\">\n<div class=\"value\">\n<p>Ein Genuss f\u00fcr Liebhaber von Percolator Bongs &#8211; Die Heisenberg Orgel ist eine 46cm hohe Zylinderbong mit Eisfach und doppelter Perkolator-Kammer. Durch das Fehlen eines Kicklochs wird die Bong ausschlie\u00dflich via Lift-Off geraucht. Der weibliche 18.8 Schliff l\u00e4sst die Kombination mit verschiedenen K\u00f6pfen und Zubeh\u00f6rteilen zu*.<\/p>\n<h3>Was eine Heisenberg Orgel Glasbong ausmacht<\/h3>\n<p><strong>Doppelte Verwirbelung<\/strong>\u00a0&#8211; Die Rauchverwirbelung findet dank 2 verschiedener Perkolatoren statt. Der Erstdurchlauf erfolgt mittels eines Sprinkler Percs &#8211; unserem Orgel Perkolator &#8211; welcher der Gestaltung von Orgel-Pfeifen nachempfunden ist. Der Rauch wird \u00fcber den Orgel Perc geradezu hochgeschleudert und gelangt direkt zum Dome Perc, der das \u00fcbersch\u00fcssige Wasser von Rauch trennt und sanft verwirbelt weiter gen Mundst\u00fcck leitet.<\/p>\n<p><strong>Eisfach<\/strong>\u00a0&#8211; Oberhalb des Dome Percs befinden sich 3 Eiseinstiche. Diese erm\u00f6glichen es, den Hals oberhalb der Kerben mit Eisw\u00fcrfeln zu f\u00fcllen, um den Rauch zus\u00e4tzlich zu k\u00fchlen. Gleichzeitig arbeiten sie wie ein weiterer Spritzschutz und verringern die Gefahr von aufsteigendem Spritzwasser.<\/p>\n<p><strong>Stabile Verarbeitung<\/strong>\u00a0&#8211; 5mm dickes Glas formt diese Bong und verleiht ihr eine sicheren Stand, Schwere und eine ausgepr\u00e4gte Stabilit\u00e4t.<\/p>\n<p><strong>Stemless Design<\/strong>\u00a0&#8211; Die Heisenberg Orgel geh\u00f6rt zu den Stemless Bongs. Das bedeutet, dass sie kein weiteres Chillum ben\u00f6tigt. Dieses liegt bereits fest mit der Bong verbunden an deren Au\u00dfenseite. Um dem senkrecht zum Bongk\u00f6rper liegendem Glas mehr Stabilit\u00e4t zu verleihen, wird es durch einen zus\u00e4tzlichen Dewar&#8217;s Joint, einem Verbindungsst\u00fcck aus Glas, gest\u00fctzt.<\/p>\n<p>*Der Einsatz von K\u00f6pfen\/Adaptern mit einem Durchmesser &gt; \u00d830mm ist durch den schmalen Abstand zum Bonghals nur mittels Drop Down Adapter m\u00f6glich.<\/p>\n<h3>Die Highlights der Heisenberg Twentyfour Seven Glasbong<\/h3>\n<h4>Double Disc Perkolator (Stemline)<\/h4>\n<p>Das Chillum m\u00fcndet in der Wasserkammer unmittelbar in einen Double Disc Perkolator, welcher den Rauch einer ersten Verwirbelung unterzieht. Der Perkolator besitzt nur an seiner Unterseite die typischen schlitzf\u00f6rmigen \u00d6ffnungen, um den Rauch m\u00f6glichst effektiv durch das Wasser zu ziehen. Er braucht nur knapp unter Wasser zu stehen, damit man mit m\u00f6glichst geringem Widerstand rauchen kann.<\/p>\n<h4>Double Disc (vertikal)<\/h4>\n<p>Die Bong besitzt oberhalb des Double Disc Perkolators 1 &#8220;normalen&#8221; Double Disc Perc, der den Rauch einer weiteren gr\u00fcndlichen Verwirbelung unterzieht. Beim Rauchen sollten beide Double Disc Perkolatoren nur knapp unter Wasser stehen, damit das Wasser beim Inhalieren nicht zu weit mit hochgezogen wird<\/p>\n<h4>Eiskerben f\u00fcr das kleine bisschen Extrafrische<\/h4>\n<p>Oberhalb des Perkolators befinden sich im Hals der Bong jeweils 3 Eiskerben. Diese machen aus deiner Bong eine Eisbong. Du kannst mit ihrer Hilfe den Bereich oberhalb der Kerben als Eisfach nutzen, indem Du die Bong mit Eisw\u00fcrfeln oder grobem Crushed Eis f\u00fcllst. Das verleiht dem Rauch einen zus\u00e4tzlichen Frischekick. Gleichzeitig agieren die Kerben als Spritzschutz gegen aufsteigendes Wasser.<\/p>\n<h4>18.8 Anschluss mit festem Chillum<\/h4>\n<p>Die Twentyfour Seven geh\u00f6rt zur Gruppe der\u00a0<i>Stemless<\/i>\u00a0Bongs, die ohne zus\u00e4tzliches Chillum geraucht werden. Der 18.8mm Schliff geht unmittelbar in ein bereits fest au\u00dfen an der Bong installiertes Chillum \u00fcber und m\u00fcndet direkt in dem Perkolator im Inneren der Wasserkammer. Um die Stabilit\u00e4t und Bruchsicherheit des Chillums zu erh\u00f6hen, wird es \u00fcber eine zus\u00e4tzliche Glasverbindung (Dewar&#8217;s Joint) gest\u00fctzt.<\/p>\n<\/div>\n<\/div>\n<\/div>\n<div>\n<h3>\u00dcber Heisenberg:<\/h3>\n<div>\n<p>Heisenberg \u2013 nicht nur durch Breaking Bad ein Ph\u00e4nomen. Die Marke Heisenberg ist unter anderem durch ihre Glasbongs bekannt geworden. Keine Bong der Heisenberg Serie ist wie die andere. Hier werden verschiedene Gestaltungselemente geboten, wie beispielsweise poppige Farben oder mit Glow in the dark Funktion, Pl\u00e4tzen zum Einsetzen von LED Beleuchtung und anderen Extras.<\/p>\n<p>Bei dem interessanten Sortiment an Glasbongs, ist mit Sicherheit auch was f\u00fcr dich dabei!<\/p>\n<\/div>\n<\/div>\n","protected":false},"excerpt":{"rendered":"<p>Heisenberg mit Orgel Percolator Ein Genuss f\u00fcr Liebhaber von Percolator Bongs &#8211; Die Heisenberg Orgel ist eine 46cm hohe Zylinderbong<\/p>\n","protected":false},"featured_media":38285,"comment_status":"open","ping_status":"open","template":"","meta":{"_acf_changed":false},"product_cat":[2514,2459,2510,2507,3404,2523,2577,2506,2463,2520],"product_tag":[3405,2466],"acf":[],"_links":{"self":[{"href":"https:\/\/donaulife-new.ogrisdigital.at\/da\/wp-json\/wp\/v2\/product\/54344"}],"collection":[{"href":"https:\/\/donaulife-new.ogrisdigital.at\/da\/wp-json\/wp\/v2\/product"}],"about":[{"href":"https:\/\/donaulife-new.ogrisdigital.at\/da\/wp-json\/wp\/v2\/types\/product"}],"replies":[{"embeddable":true,"href":"https:\/\/donaulife-new.ogrisdigital.at\/da\/wp-json\/wp\/v2\/comments?post=54344"}],"wp:featuredmedia":[{"embeddable":true,"href":"https:\/\/donaulife-new.ogrisdigital.at\/da\/wp-json\/wp\/v2\/media\/38285"}],"wp:attachment":[{"href":"https:\/\/donaulife-new.ogrisdigital.at\/da\/wp-json\/wp\/v2\/media?parent=54344"}],"wp:term":[{"taxonomy":"product_cat","embeddable":true,"href":"https:\/\/donaulife-new.ogrisdigital.at\/da\/wp-json\/wp\/v2\/product_cat?post=54344"},{"taxonomy":"product_tag","embeddable":true,"href":"https:\/\/donaulife-new.ogrisdigital.at\/da\/wp-json\/wp\/v2\/product_tag?post=54344"}],"curies":[{"name":"wp","href":"https:\/\/api.w.org\/{rel}","templated":true}]}}