{"id":54340,"date":"2023-02-03T13:43:13","date_gmt":"2023-02-03T13:43:13","guid":{"rendered":"https:\/\/donaulife-new.ogrisdigital.at\/produkt\/heisenberg-dab-rig-buddy-18-cm\/"},"modified":"2024-07-01T01:04:22","modified_gmt":"2024-07-01T01:04:22","slug":"heisenberg-dab-rig-buddy-18-cm","status":"publish","type":"product","link":"https:\/\/donaulife-new.ogrisdigital.at\/da\/heisenberg-dab-rig-buddy-18-cm\/","title":{"rendered":"HEISENBERG Dab Rig &#8216;Buddy&#8217; | 18 cm"},"content":{"rendered":"<h2>Heisenberg Dab Bong Buddy<\/h2>\n<div id=\"description\" class=\"data item content\" role=\"tabpanel\" data-role=\"content\" aria-labelledby=\"tab-label-description\" aria-hidden=\"false\">\n<div class=\"product attribute description\">\n<div class=\"value\">\n<p>Der vielleicht kompakteste Beaker in der Heisenberg Range. Mit lediglich 18cm H\u00f6he eine kleine, aber effektive Bong f\u00fcr den kleinen Hunger zwischendurch. Im Umkehrschluss zu anderen Rauchger\u00e4ten dieser Reihe sind Mundst\u00fcck und Base hier klar und farblos, der Beaker-Body allerdings smasht mit seinem Heisenberg-typischen Blau.<\/p>\n<p>Auch einen gebogenen Bonghals bei einer Beakerbong trifft man selten an, aber er verst\u00e4rkt den Eindruck, dass dieses Rauchger\u00e4t etwas ganz Besonders ist, sowohl f\u00fcr erfahrene Nutzer, als auch f\u00fcr Neulinge.<br \/>\nEin festes Chillum mit Loch-Diffusor am Ende weist einen 14.5er Schliff auf, in dem ein Banger-Kopf zum \u00d6l-Rauchen steckt. Den kannst du nat\u00fcrlich austauchen mit einem Slide deiner Wahl, nur der Schliff muss halt passen.<\/p>\n<p>Na, dann freunde dich mal mit deinem neuen Buddy an!<\/p>\n<\/div>\n<\/div>\n<\/div>\n<div>\n<h3>\u00dcber Heisenberg:<\/h3>\n<div>\n<p>Heisenberg \u2013 nicht nur durch Breaking Bad ein Ph\u00e4nomen. Die Marke Heisenberg ist unter anderem durch ihre Glasbongs bekannt geworden. Keine Bong der Heisenberg Serie ist wie die andere. Hier werden verschiedene Gestaltungselemente geboten, wie beispielsweise poppige Farben oder mit Glow in the dark Funktion, Pl\u00e4tzen zum Einsetzen von LED Beleuchtung und anderen Extras.<\/p>\n<p>Bei dem interessanten Sortiment an Glasbongs, ist mit Sicherheit auch was f\u00fcr dich dabei!<\/p>\n<\/div>\n<\/div>\n","protected":false},"excerpt":{"rendered":"<p>Heisenberg Dab Bong Buddy Der vielleicht kompakteste Beaker in der Heisenberg Range. Mit lediglich 18cm H\u00f6he eine kleine, aber effektive<\/p>\n","protected":false},"featured_media":38237,"comment_status":"open","ping_status":"open","template":"","meta":{"_acf_changed":false},"product_cat":[2514,2459,2566,3404,2506,2463,2520,2551],"product_tag":[3405,2466],"acf":[],"_links":{"self":[{"href":"https:\/\/donaulife-new.ogrisdigital.at\/da\/wp-json\/wp\/v2\/product\/54340"}],"collection":[{"href":"https:\/\/donaulife-new.ogrisdigital.at\/da\/wp-json\/wp\/v2\/product"}],"about":[{"href":"https:\/\/donaulife-new.ogrisdigital.at\/da\/wp-json\/wp\/v2\/types\/product"}],"replies":[{"embeddable":true,"href":"https:\/\/donaulife-new.ogrisdigital.at\/da\/wp-json\/wp\/v2\/comments?post=54340"}],"wp:featuredmedia":[{"embeddable":true,"href":"https:\/\/donaulife-new.ogrisdigital.at\/da\/wp-json\/wp\/v2\/media\/38237"}],"wp:attachment":[{"href":"https:\/\/donaulife-new.ogrisdigital.at\/da\/wp-json\/wp\/v2\/media?parent=54340"}],"wp:term":[{"taxonomy":"product_cat","embeddable":true,"href":"https:\/\/donaulife-new.ogrisdigital.at\/da\/wp-json\/wp\/v2\/product_cat?post=54340"},{"taxonomy":"product_tag","embeddable":true,"href":"https:\/\/donaulife-new.ogrisdigital.at\/da\/wp-json\/wp\/v2\/product_tag?post=54340"}],"curies":[{"name":"wp","href":"https:\/\/api.w.org\/{rel}","templated":true}]}}