{"id":54320,"date":"2023-01-31T15:41:54","date_gmt":"2023-01-31T15:41:54","guid":{"rendered":"https:\/\/donaulife-new.ogrisdigital.at\/produkt\/power-papers-scheine-kingsize-papers-12-stueck-tips\/"},"modified":"2024-07-01T01:04:12","modified_gmt":"2024-07-01T01:04:12","slug":"power-papers-scheine-kingsize-papers-12-stueck-tips","status":"publish","type":"product","link":"https:\/\/donaulife-new.ogrisdigital.at\/da\/power-papers-scheine-kingsize-papers-12-stueck-tips\/","title":{"rendered":"POWER PAPERS &#8216;Scheine&#8217; Kingsize Papers | 12 St\u00fcck + Tips"},"content":{"rendered":"<h2>Power Papers im Euro, USD oder Pounds Schein Design<\/h2>\n<p>Power Papers 100 Euro USD oder Pounds Papers haben nen ganz eigenen Coolness Factor. Statt echten Scheinen k\u00f6nnt ihr hier etwas g\u00fcnstiger 100er Scheine verheizen.<\/p>\n<p>Im P\u00e4ckchen sind 12 St\u00fcck Papers und Tips dabei.<\/p>\n<h3>\u00dcber Power Papers:<\/h3>\n<p>Unsere Produkte sind einzigartig. Und wenn wir sagen einzigartig, dann meinen wir das auch so. Wir sind der einzige Hersteller, der sein eigenes ungebleichtes 100%iges Hanfpapier vom T\u00dcV S\u00dcD in Deutschland zertifizieren lie\u00df. Unser 100 % nat\u00fcrliches Gummi Arabicum ist ebenfalls zertifiziert. Es wird von konfliktfreien Erzeugern in Afrika bezogen. Auch hier sind wir die Einzigen, die so etwas verwenden. Das ist Ihnen immer noch nicht genug? Nun, wir sind auch der einzige Hersteller von unraffiniertem, ungebleichtem Papier &#8211; das einzige Papier, das in der Zellstoffphase keinen Raffinationsprozess durchl\u00e4uft.<\/p>\n<p>&nbsp;<\/p>\n","protected":false},"excerpt":{"rendered":"<p>Power Papers im Euro, USD oder Pounds Schein Design Power Papers 100 Euro USD oder Pounds Papers haben nen ganz<\/p>\n","protected":false},"featured_media":38103,"comment_status":"open","ping_status":"open","template":"","meta":{"_acf_changed":false},"product_cat":[2456,2566,2451,2453,2452],"product_tag":[],"acf":[],"_links":{"self":[{"href":"https:\/\/donaulife-new.ogrisdigital.at\/da\/wp-json\/wp\/v2\/product\/54320"}],"collection":[{"href":"https:\/\/donaulife-new.ogrisdigital.at\/da\/wp-json\/wp\/v2\/product"}],"about":[{"href":"https:\/\/donaulife-new.ogrisdigital.at\/da\/wp-json\/wp\/v2\/types\/product"}],"replies":[{"embeddable":true,"href":"https:\/\/donaulife-new.ogrisdigital.at\/da\/wp-json\/wp\/v2\/comments?post=54320"}],"wp:featuredmedia":[{"embeddable":true,"href":"https:\/\/donaulife-new.ogrisdigital.at\/da\/wp-json\/wp\/v2\/media\/38103"}],"wp:attachment":[{"href":"https:\/\/donaulife-new.ogrisdigital.at\/da\/wp-json\/wp\/v2\/media?parent=54320"}],"wp:term":[{"taxonomy":"product_cat","embeddable":true,"href":"https:\/\/donaulife-new.ogrisdigital.at\/da\/wp-json\/wp\/v2\/product_cat?post=54320"},{"taxonomy":"product_tag","embeddable":true,"href":"https:\/\/donaulife-new.ogrisdigital.at\/da\/wp-json\/wp\/v2\/product_tag?post=54320"}],"curies":[{"name":"wp","href":"https:\/\/api.w.org\/{rel}","templated":true}]}}