{"id":54268,"date":"2023-01-18T13:33:31","date_gmt":"2023-01-18T13:33:31","guid":{"rendered":"https:\/\/donaulife-new.ogrisdigital.at\/produkt\/hoj-kol-2-0-ersatzfilter\/"},"modified":"2024-02-04T18:54:47","modified_gmt":"2024-02-04T18:54:47","slug":"hoj-kol-2-0-ersatzfilter","status":"publish","type":"product","link":"https:\/\/donaulife-new.ogrisdigital.at\/da\/hoj-kol-2-0-ersatzfilter\/","title":{"rendered":"H\u00d8J K\u00d8L 2.0 | Ersatzfilter"},"content":{"rendered":"<h1 class=\"title\">H\u00d8J K\u00d8L Ersatzfilter<\/h1>\n<div>\n<h3>Turn up the heat<\/h3>\n<p>Der K\u00d8L-Filter besteht aus titanbeschichtetem Edelstahl, der bis zu 600 \u00b0C hei\u00df werden kann<\/p>\n<p><img fetchpriority=\"high\" decoding=\"async\" class=\"alignnone wp-image-43390\" src=\"https:\/\/www.donaulife.com\/wp-content\/uploads\/2022\/12\/HOJ-KOL-300x211.webp\" alt=\"\" width=\"539\" height=\"379\" \/><\/p>\n<h3>Abmessungen<\/h3>\n<p>Durchmesser: \u00d89 mm (passend f\u00fcr K\u00d8L und K\u00d8L mini)<\/p>\n<\/div>\n<div style=\"width: 1024px;\" class=\"wp-video\"><!--[if lt IE 9]><script>document.createElement('video');<\/script><![endif]-->\n<video class=\"wp-video-shortcode\" id=\"video-54268-1\" width=\"1024\" height=\"720\" loop=\"1\" autoplay=\"1\" preload=\"metadata\" controls=\"controls\"><source type=\"video\/mp4\" src=\"https:\/\/www.donaulife.com\/wp-content\/uploads\/2022\/12\/KOL540.mp4?_=1\" \/><a href=\"https:\/\/www.donaulife.com\/wp-content\/uploads\/2022\/12\/KOL540.mp4\" target=\"_blank\" rel=\"noopener\">https:\/\/www.donaulife.com\/wp-content\/uploads\/2022\/12\/KOL540.mp4<\/a><\/video><\/div>\n<h3>Lieferumfang<\/h3>\n<p>Insgesamt 12 Filter<br \/>\n4 feine, 4 mittlere und 4 grobe Filter<\/p>\n<p><strong style=\"color: #555555; font-size: 14.4px;\">Werkstoff<\/strong><\/p>\n<ul>\n<li>Titanbeschichteter rostfreier Stahl<\/li>\n<\/ul>\n<div>\n<div style=\"width: 556px;\" class=\"wp-video\"><video class=\"wp-video-shortcode\" id=\"video-54268-2\" width=\"556\" height=\"556\" loop=\"1\" autoplay=\"1\" preload=\"metadata\" controls=\"controls\"><source type=\"video\/mp4\" src=\"https:\/\/www.donaulife.com\/wp-content\/uploads\/2022\/12\/KOL-exploded.mp4?_=2\" \/><a href=\"https:\/\/www.donaulife.com\/wp-content\/uploads\/2022\/12\/KOL-exploded.mp4\" target=\"_blank\" rel=\"noopener\">https:\/\/www.donaulife.com\/wp-content\/uploads\/2022\/12\/KOL-exploded.mp4<\/a><\/video><\/div>\n<\/div>\n<h3>How to:<\/h3>\n<p><strong>Zusammenbauen:<\/strong><\/p>\n<div style=\"width: 1280px;\" class=\"wp-video\"><video class=\"wp-video-shortcode\" id=\"video-54268-3\" width=\"1280\" height=\"720\" preload=\"metadata\" controls=\"controls\"><source type=\"video\/mp4\" src=\"https:\/\/www.donaulife.com\/wp-content\/uploads\/2022\/12\/assamble_kol.mp4?_=3\" \/><a href=\"https:\/\/www.donaulife.com\/wp-content\/uploads\/2022\/12\/assamble_kol.mp4\" target=\"_blank\" rel=\"noopener\">https:\/\/www.donaulife.com\/wp-content\/uploads\/2022\/12\/assamble_kol.mp4<\/a><\/video><\/div>\n<p><strong>Reinigen:<\/strong><\/p>\n<div style=\"width: 1280px;\" class=\"wp-video\"><video class=\"wp-video-shortcode\" id=\"video-54268-4\" width=\"1280\" height=\"720\" preload=\"metadata\" controls=\"controls\"><source type=\"video\/mp4\" src=\"https:\/\/www.donaulife.com\/wp-content\/uploads\/2022\/12\/clean-kol.mp4?_=4\" \/><a href=\"https:\/\/www.donaulife.com\/wp-content\/uploads\/2022\/12\/clean-kol.mp4\" target=\"_blank\" rel=\"noopener\">https:\/\/www.donaulife.com\/wp-content\/uploads\/2022\/12\/clean-kol.mp4<\/a><\/video><\/div>\n<h3>\u00dcber H\u00d8J:<\/h3>\n<div>\n<p>H\u00d8J hat sich zum Ziel gesetzt, die Art und Weise zu ver\u00e4ndern, wie wir Cannabis erleben, indem Sie magische Produkte schaffen, die die Erfahrung des Nutzers in jeder Phase perfektionieren. Im Laufe unserer Geschichte werden sich zweifelsohne viele Dinge \u00e4ndern. Was sich jedoch niemals \u00e4ndern wird, sind unsere Werte.<\/p>\n<p>Diese wirst du sp\u00fcren, wenn du unsere Produkte verwendest.<\/p>\n<\/div>\n<p><iframe id=\"251b1365-fd3a-41fd-8118-05f7e7b201fd\" src=\"https:\/\/www.vectary.com\/viewer\/v1\/?model=251b1365-fd3a-41fd-8118-05f7e7b201fd&amp;env=teufelsbergground2&amp;autoplay=0&amp;turntable=3\" width=\"100%\" height=\"480\" frameborder=\"0\"><\/iframe><\/p>\n","protected":false},"excerpt":{"rendered":"<p>H\u00d8J K\u00d8L Ersatzfilter Turn up the heat Der K\u00d8L-Filter besteht aus titanbeschichtetem Edelstahl, der bis zu 600 \u00b0C hei\u00df werden<\/p>\n","protected":false},"featured_media":37922,"comment_status":"open","ping_status":"open","template":"","meta":{"_acf_changed":false},"product_cat":[2451,2900,2501],"product_tag":[3635],"acf":[],"_links":{"self":[{"href":"https:\/\/donaulife-new.ogrisdigital.at\/da\/wp-json\/wp\/v2\/product\/54268"}],"collection":[{"href":"https:\/\/donaulife-new.ogrisdigital.at\/da\/wp-json\/wp\/v2\/product"}],"about":[{"href":"https:\/\/donaulife-new.ogrisdigital.at\/da\/wp-json\/wp\/v2\/types\/product"}],"replies":[{"embeddable":true,"href":"https:\/\/donaulife-new.ogrisdigital.at\/da\/wp-json\/wp\/v2\/comments?post=54268"}],"wp:featuredmedia":[{"embeddable":true,"href":"https:\/\/donaulife-new.ogrisdigital.at\/da\/wp-json\/wp\/v2\/media\/37922"}],"wp:attachment":[{"href":"https:\/\/donaulife-new.ogrisdigital.at\/da\/wp-json\/wp\/v2\/media?parent=54268"}],"wp:term":[{"taxonomy":"product_cat","embeddable":true,"href":"https:\/\/donaulife-new.ogrisdigital.at\/da\/wp-json\/wp\/v2\/product_cat?post=54268"},{"taxonomy":"product_tag","embeddable":true,"href":"https:\/\/donaulife-new.ogrisdigital.at\/da\/wp-json\/wp\/v2\/product_tag?post=54268"}],"curies":[{"name":"wp","href":"https:\/\/api.w.org\/{rel}","templated":true}]}}