{"id":54265,"date":"2023-01-18T13:20:06","date_gmt":"2023-01-18T13:20:06","guid":{"rendered":"https:\/\/donaulife-new.ogrisdigital.at\/produkt\/dexso-powered-by-black-leaf-e-o-e-extraktor-oel-220-mm-470-mm\/"},"modified":"2024-07-01T01:03:44","modified_gmt":"2024-07-01T01:03:44","slug":"dexso-powered-by-black-leaf-e-o-e-extraktor-oel-220-mm-470-mm","status":"publish","type":"product","link":"https:\/\/donaulife-new.ogrisdigital.at\/da\/dexso-powered-by-black-leaf-e-o-e-extraktor-oel-220-mm-470-mm\/","title":{"rendered":"DEXSO powered by Black Leaf E.O.E. Extraktor \u00d6l | 22\/47 cm"},"content":{"rendered":"<h2>Dexso \u00d6l Extraktor<\/h2>\n<p>Der Dexso powered by\u00a0<strong>Black Leaf\u00ae<\/strong>\u00a0\u00d6l-Extraktor \u2013 ist ein Pr\u00e4zisionsprodukt zur schnellen, einfachen und sicheren \u00d6l-Extraktion<\/p>\n<p>\u2714\ufe0f feinstes \u00d6l in nur 5 Minuten<\/p>\n<p>\u2714\ufe0f sicher und benutzerfreundlich<\/p>\n<p>\u2714\ufe0f sehr effizient<\/p>\n<p>Mit diesem perfekt verarbeiteten \u00d6l-Extraktor verwandelst du getrocknete Pflanzen, Bl\u00fcten, Kr\u00e4uter und Erntereste in weniger als f\u00fcnf Minuten in potentes, feines \u00d6l. Hochwertiges, anodisiertes Aluminium sorgt f\u00fcr h\u00f6chste Best\u00e4ndigkeit gegen\u00fcber Temperatur, Chemikalien und Abnutzung. Mit einem \u00dcberzug aus eloxiertem A1203 Kristall verbindet dieser Extraktor die Vorteile eines metallischen Extraktors mit der Reinheit eines Extraktors aus Glas sowie der Leichtigkeit von Aluminiumit<\/p>\n<p>Eine integrierte Entleerungseinheit erm\u00f6glicht es, den Extraktor nach dem Extraktionsvorgang schnell und einfach zu entleeren, um die n\u00e4chste Extraktion zu starten. Somit besticht der Extraktor durch h\u00f6chste Effizienz. Die Benutzerfreundlichkeit zeigt sich auch durch die drei magnetisch befestigten F\u00fc\u00dfe, welche einen sicheren Stand garantieren w\u00e4hrend beide H\u00e4nde frei bleiben<\/p>\n<p>Dieser \u00d6l-Extraktor eignet sich \u2013 neben der herk\u00f6mmlichen Verwendung mit Butangas hervorragend f\u00fcr die Verwendung mit dem Dexso Organic Solvent (Artikel-Nr. 502408), das aus Dimethylether besteht, nicht toxisch und weniger explosiv ist.<\/p>\n<p>&nbsp;<\/p>\n<p><iframe title=\"Estrazione Resine e Oli BHO - Estrattore Dexso\" width=\"500\" height=\"281\" src=\"https:\/\/www.youtube.com\/embed\/baJsdSBb3YQ?feature=oembed\" frameborder=\"0\" allow=\"accelerometer; autoplay; clipboard-write; encrypted-media; gyroscope; picture-in-picture; web-share\" referrerpolicy=\"strict-origin-when-cross-origin\" allowfullscreen><\/iframe><\/p>\n<h3>\u00dcber Dexso:<\/h3>\n<p>Die Vision von Dexso ist es, &#8220;Swissness&#8221; auf den weltweiten Markt der Pflanzenextrakte zu bringen. Auf diese Weise fungiert Dexso als Br\u00fccke zwischen dem Kleinen und dem Grossen, zwischen dem privaten Anwender und der Industrie. Deshalb produziert Dexso mehrere Produktlinien, angepasst an die Bed\u00fcrfnisse der verschiedenen Kundengruppen, immer mit dem allgemeinen Ziel, Qualit\u00e4tsf\u00fchrer zu sein.<\/p>\n","protected":false},"excerpt":{"rendered":"<p>Dexso \u00d6l Extraktor Der Dexso powered by\u00a0Black Leaf\u00ae\u00a0\u00d6l-Extraktor \u2013 ist ein Pr\u00e4zisionsprodukt zur schnellen, einfachen und sicheren \u00d6l-Extraktion \u2714\ufe0f feinstes<\/p>\n","protected":false},"featured_media":37913,"comment_status":"open","ping_status":"closed","template":"","meta":{"_acf_changed":false},"product_cat":[2549,2620],"product_tag":[],"acf":[],"_links":{"self":[{"href":"https:\/\/donaulife-new.ogrisdigital.at\/da\/wp-json\/wp\/v2\/product\/54265"}],"collection":[{"href":"https:\/\/donaulife-new.ogrisdigital.at\/da\/wp-json\/wp\/v2\/product"}],"about":[{"href":"https:\/\/donaulife-new.ogrisdigital.at\/da\/wp-json\/wp\/v2\/types\/product"}],"replies":[{"embeddable":true,"href":"https:\/\/donaulife-new.ogrisdigital.at\/da\/wp-json\/wp\/v2\/comments?post=54265"}],"wp:featuredmedia":[{"embeddable":true,"href":"https:\/\/donaulife-new.ogrisdigital.at\/da\/wp-json\/wp\/v2\/media\/37913"}],"wp:attachment":[{"href":"https:\/\/donaulife-new.ogrisdigital.at\/da\/wp-json\/wp\/v2\/media?parent=54265"}],"wp:term":[{"taxonomy":"product_cat","embeddable":true,"href":"https:\/\/donaulife-new.ogrisdigital.at\/da\/wp-json\/wp\/v2\/product_cat?post=54265"},{"taxonomy":"product_tag","embeddable":true,"href":"https:\/\/donaulife-new.ogrisdigital.at\/da\/wp-json\/wp\/v2\/product_tag?post=54265"}],"curies":[{"name":"wp","href":"https:\/\/api.w.org\/{rel}","templated":true}]}}