{"id":54264,"date":"2023-01-18T13:14:27","date_gmt":"2023-01-18T13:14:27","guid":{"rendered":"https:\/\/donaulife-new.ogrisdigital.at\/produkt\/higher-standards-heavy-duty-rig-145-mm\/"},"modified":"2025-01-15T07:08:37","modified_gmt":"2025-01-15T07:08:37","slug":"higher-standards-heavy-duty-rig-145-mm","status":"publish","type":"product","link":"https:\/\/donaulife-new.ogrisdigital.at\/da\/higher-standards-heavy-duty-rig-145-mm\/","title":{"rendered":"HIGHER STANDARDS Heavy Duty Rig | 14,5 mm"},"content":{"rendered":"<h2>Higher Standards Heavy Duty Rig<\/h2>\n<p>Handgefertigt in den USA aus Glas in medizinischer Qualit\u00e4t, ist der Higher Standards Heavy Duty Rig ein robustes und leicht zu reinigendes Ger\u00e4t. Es liefert das beste Geschmackserlebnis mit Konzentraten und Extrakten.<\/p>\n<p>Das kompakte Design, der zerstreute Schliff, der 100%ige Quarz-Banger und das komplette Tools-Set machen es zu einem idealen Starter-Set f\u00fcr alle, die das Dabbing und das Vaping von Konzentraten ausprobieren m\u00f6chte.<\/p>\n<p>Der Heavy Duty Rig ist in einem luxuri\u00f6sen, wendbaren Sammleretui verpackt, das eine optimale Aufbewahrung und einen diskreten, sicheren Transport erm\u00f6glicht.<\/p>\n<p>&nbsp;<\/p>\n<h3>Higher Standards Heavy Duty Rig Eigenschaften<\/h3>\n<ul>\n<li>Aus 7 mm dickem Borosilikatglas in medizinischer Qualit\u00e4t<\/li>\n<li>Inline-Perkolator<\/li>\n<li>Aufgeweitetes Mundst\u00fcck f\u00fcr sanfte Z\u00fcge<\/li>\n<li>Beste Geschmacks\u00fcbertragung mittels Quarz Banger<\/li>\n<li>Hervorragender Luftstrom<\/li>\n<li>Hergestellt in den USA<\/li>\n<\/ul>\n<p>&nbsp;<\/p>\n<h3>LIEFERUMFANG<\/h3>\n<ul>\n<li>1x Higher Standards Heavy Duty Rig<\/li>\n<li>1x Quarz Banger, 14-mm-Male-Schliff<\/li>\n<li>1x Gro\u00dfes Konzentrat-Tool<\/li>\n<li>1x Kleines Konzentrat-Tool<\/li>\n<li>1x Konzentrat-Beh\u00e4lter<\/li>\n<li>1x Higher Standards Glass UFO Carb Cap<\/li>\n<li>1 x Sammleretui<\/li>\n<\/ul>\n<h3>\u00dcber Higher Standards:<\/h3>\n<div>Higher Standards wurde gegr\u00fcndet, um echten Kennern die Werkzeuge zu liefern, die sie f\u00fcr das beste Raucherlebnis ben\u00f6tigen, von Premium-Pflegeprodukten, die den besten Geschmack aus Ihrem Material herausholen, bis hin zu Hochleistungsgl\u00e4sern und begehrten limitierten Editionen.<\/div>\n<div><\/div>\n<div>Unsere Kollektion von handgefertigtem High End Glas, erstklassigen Pflege- und Wartungsprodukten und limitierten Kooperationen wurden alle mit dem Gedanken an den wahren Genie\u00dfer geschaffen, der den Geschmack an erste Stelle setzt.<\/div>\n","protected":false},"excerpt":{"rendered":"<p>Higher Standards Heavy Duty Rig Handgefertigt in den USA aus Glas in medizinischer Qualit\u00e4t, ist der Higher Standards Heavy Duty<\/p>\n","protected":false},"featured_media":37908,"comment_status":"open","ping_status":"open","template":"","meta":{"_acf_changed":false},"product_cat":[2514,2489,2459,2549,2550,2566,3468,2546,2506,2463,2520,2551],"product_tag":[],"acf":[],"_links":{"self":[{"href":"https:\/\/donaulife-new.ogrisdigital.at\/da\/wp-json\/wp\/v2\/product\/54264"}],"collection":[{"href":"https:\/\/donaulife-new.ogrisdigital.at\/da\/wp-json\/wp\/v2\/product"}],"about":[{"href":"https:\/\/donaulife-new.ogrisdigital.at\/da\/wp-json\/wp\/v2\/types\/product"}],"replies":[{"embeddable":true,"href":"https:\/\/donaulife-new.ogrisdigital.at\/da\/wp-json\/wp\/v2\/comments?post=54264"}],"wp:featuredmedia":[{"embeddable":true,"href":"https:\/\/donaulife-new.ogrisdigital.at\/da\/wp-json\/wp\/v2\/media\/37908"}],"wp:attachment":[{"href":"https:\/\/donaulife-new.ogrisdigital.at\/da\/wp-json\/wp\/v2\/media?parent=54264"}],"wp:term":[{"taxonomy":"product_cat","embeddable":true,"href":"https:\/\/donaulife-new.ogrisdigital.at\/da\/wp-json\/wp\/v2\/product_cat?post=54264"},{"taxonomy":"product_tag","embeddable":true,"href":"https:\/\/donaulife-new.ogrisdigital.at\/da\/wp-json\/wp\/v2\/product_tag?post=54264"}],"curies":[{"name":"wp","href":"https:\/\/api.w.org\/{rel}","templated":true}]}}