{"id":54256,"date":"2023-01-11T13:04:35","date_gmt":"2023-01-11T13:04:35","guid":{"rendered":"https:\/\/donaulife-new.ogrisdigital.at\/produkt\/powerhitter-limited-edition\/"},"modified":"2024-07-01T01:03:42","modified_gmt":"2024-07-01T01:03:42","slug":"powerhitter-limited-edition","status":"publish","type":"product","link":"https:\/\/donaulife-new.ogrisdigital.at\/da\/powerhitter-limited-edition\/","title":{"rendered":"POWERHITTER | Limited Edition"},"content":{"rendered":"<h2>The Powerhitter multi person smoking Tool<\/h2>\n<p><strong>Pure Smoking. Pure Fun.<\/strong><\/p>\n<p>Seit den 70er Jahren der schnelle und einfache Weg wie man Joints noch rauchen kann. Nie hat es eine lustigere Art gegeben deinen Jay wegzurauchen!<\/p>\n<div style=\"width: 1080px;\" class=\"wp-video\"><!--[if lt IE 9]><script>document.createElement('video');<\/script><![endif]-->\n<video class=\"wp-video-shortcode\" id=\"video-54256-1\" width=\"1080\" height=\"1080\" loop=\"1\" autoplay=\"1\" preload=\"metadata\" controls=\"controls\"><source type=\"video\/mp4\" src=\"https:\/\/www.donaulife.com\/wp-content\/uploads\/2023\/01\/video5904735873357844193.mp4?_=1\" \/><a href=\"https:\/\/www.donaulife.com\/wp-content\/uploads\/2023\/01\/video5904735873357844193.mp4\" target=\"_blank\" rel=\"noopener\">https:\/\/www.donaulife.com\/wp-content\/uploads\/2023\/01\/video5904735873357844193.mp4<\/a><\/video><\/div>\n<p><strong>Was hat sich seit den 70ern ver\u00e4ndert?<\/strong><\/p>\n<p>Unsere neue, verbesserte Version des PowerHitters\u2122 hat sich im Vergleich zu seiner urspr\u00fcnglichen Version aus den 70er Jahren weit entwickelt. Durch ausgiebige Versuche und Tests haben wir ein Produkt geschaffen, das haltbarer und benutzerfreundlicher ist, einschlie\u00dflich eines Upgrades der Joint Haltergr\u00f6\u00dfe, um den heutigen Standards gerecht zu werden. Dar\u00fcber hinaus haben wir die Kappe und die Flasche verbessert, um die Haltbarkeit zu erh\u00f6hen, was zu einem besseren Druckgef\u00fchl und mehr Vergn\u00fcgen f\u00fchrt.<\/p>\n<p><img fetchpriority=\"high\" decoding=\"async\" class=\"alignnone wp-image-44121 size-full\" src=\"https:\/\/www.donaulife.com\/wp-content\/uploads\/2023\/01\/Rotating-Hitter-Animated-Gif.gif\" alt=\"\" width=\"640\" height=\"640\" \/><\/p>\n<h3>Wie funktioniert\u00b4s?<\/h3>\n<p><img decoding=\"async\" class=\"alignnone wp-image-44125\" src=\"https:\/\/www.donaulife.com\/wp-content\/uploads\/2023\/01\/blue-instructions-300x300.jpeg\" alt=\"\" width=\"609\" height=\"609\" \/><\/p>\n<h3>\u00dcber The PowerHitter:<\/h3>\n<p>Eines unserer Lieblingsdinge am Powerhitter\u2122 ist, dass Sie Geld f\u00fcr Ihre Lieblingsrauchprodukte sparen! Der Rauch geht direkt in Ihre Lungen, und der Rest ist im PowerHitter\u2122 enthalten, einfach, ohne Verschwendung.<\/p>\n<p><img decoding=\"async\" class=\"alignnone size-medium wp-image-44117\" style=\"font-size: 14.4px;\" src=\"https:\/\/www.donaulife.com\/wp-content\/uploads\/2023\/01\/awards-300x46.webp\" alt=\"\" width=\"300\" height=\"46\" \/><\/p>\n","protected":false},"excerpt":{"rendered":"<p>The Powerhitter multi person smoking Tool Pure Smoking. Pure Fun. Seit den 70er Jahren der schnelle und einfache Weg wie<\/p>\n","protected":false},"featured_media":37881,"comment_status":"open","ping_status":"open","template":"","meta":{"_acf_changed":false},"product_cat":[2566,2451],"product_tag":[3644],"acf":[],"_links":{"self":[{"href":"https:\/\/donaulife-new.ogrisdigital.at\/da\/wp-json\/wp\/v2\/product\/54256"}],"collection":[{"href":"https:\/\/donaulife-new.ogrisdigital.at\/da\/wp-json\/wp\/v2\/product"}],"about":[{"href":"https:\/\/donaulife-new.ogrisdigital.at\/da\/wp-json\/wp\/v2\/types\/product"}],"replies":[{"embeddable":true,"href":"https:\/\/donaulife-new.ogrisdigital.at\/da\/wp-json\/wp\/v2\/comments?post=54256"}],"wp:featuredmedia":[{"embeddable":true,"href":"https:\/\/donaulife-new.ogrisdigital.at\/da\/wp-json\/wp\/v2\/media\/37881"}],"wp:attachment":[{"href":"https:\/\/donaulife-new.ogrisdigital.at\/da\/wp-json\/wp\/v2\/media?parent=54256"}],"wp:term":[{"taxonomy":"product_cat","embeddable":true,"href":"https:\/\/donaulife-new.ogrisdigital.at\/da\/wp-json\/wp\/v2\/product_cat?post=54256"},{"taxonomy":"product_tag","embeddable":true,"href":"https:\/\/donaulife-new.ogrisdigital.at\/da\/wp-json\/wp\/v2\/product_tag?post=54256"}],"curies":[{"name":"wp","href":"https:\/\/api.w.org\/{rel}","templated":true}]}}