{"id":54242,"date":"2023-01-11T12:00:55","date_gmt":"2023-01-11T12:00:55","guid":{"rendered":"https:\/\/donaulife-new.ogrisdigital.at\/produkt\/clean-u-screeny-weeny-6-0-fake-penis\/"},"modified":"2024-07-01T01:03:36","modified_gmt":"2024-07-01T01:03:36","slug":"clean-u-screeny-weeny-6-0-fake-penis","status":"publish","type":"product","link":"https:\/\/donaulife-new.ogrisdigital.at\/da\/clean-u-screeny-weeny-6-0-fake-penis\/","title":{"rendered":"CLEAN U Screeny Weeny 6.0 | Fake Penis"},"content":{"rendered":"<h2 align=\"left\">ScreenyWeeny 6.0 \u2013 der voll funktionsf\u00e4hige &amp; t\u00e4uschend echte Silikon-Fake-Penis<\/h2>\n<p align=\"left\"><strong>Authentischer Fake Penis inklusive 2 x 80 ml Clean Urin &#8211; Umschnallen und lospinkeln.<\/strong><\/p>\n<p>Falls das nicht Dein Hautton ist &#8211; Schau welche Varianten es noch gibt!<\/p>\n<p>Verf\u00fcgbare Penismodelle:<\/p>\n<p>Beauty, Beast und Beschnitten (circumcised)<\/p>\n<p>Beim ScreenyWeeny handelt es sich um den \u201cweltbesten\u201d Fake Pe(e)nis. Durch die einzigartige Push&amp;Pee Funktion ist er ideal f\u00fcr den gezielten Einsatz bei einem wichtigen \u201cDate\u201d und durch die One-Hand-Bedienung immer sofort betriebsbereit. Der Screeny Weeny ist in vielen verschiedenen Varianten erh\u00e4ltlich. Dabei bleibt jedem die Wahl, ob heller oder dunkler, ob beschnitten oder unbeschnitten.<\/p>\n<p>Sein Erfinder hatte das Ziel, den weltbesten und zuverl\u00e4ssigsten Fake-Penis auf den Markt zu bringen. Als Ma\u00dfstab setzte er h\u00f6chste Zuverl\u00e4ssigkeit unter widrigsten Bedingungen. Daf\u00fcr gab er sein bestes St\u00fcck als Vorlage, um damit m\u00f6glichst viele Menschen zu begl\u00fccken.<\/p>\n<p>Dieser Silikon Penis ist so naturnah gestaltet, dass er sich hervorragend f\u00fcr Trans-Personen als Penis Epithese eignet.<\/p>\n<p><strong>Gut zu wissen:<\/strong><\/p>\n<ul>\n<li>2 x 80 ml synthetischer Urin sind enthalten<\/li>\n<li>Die verschiedenen ScreenyWeeny-Varianten wurden allesamt von echten Pimmeln abgeformt, somit wird ein absolut authentisches Aussehen sichergestellt<\/li>\n<li>Umschnallen &amp; lospinkeln &#8211; keine zus\u00e4tzlichen Handgriffe n\u00f6tig, komfortable Einhand-Bedienung (Ultimate One-Hand Fake Penis)<\/li>\n<li>Durch den Thermobeutel ist eine optimale langanhaltende \u201cBetriebstemperatur\u201d garantiert<\/li>\n<li>100% sicher und zuverl\u00e4ssig, kein Tropfen oder Auslaufen<\/li>\n<li>Durch minimalen Druck an der Unterseite des ScreenyWeeny wird der Urinfluss ausgel\u00f6st und beim Loslassen sofort wieder gestoppt<\/li>\n<li>Die Urinbeutel sind wiederverschlie\u00dfbar<\/li>\n<li>Der Thermobeutel kann durch das individuell auf alle Gr\u00f6\u00dfen von S &#8211; XXXL eingestellt werden<\/li>\n<li>Unser Vollguss-ScreenyWeeny wird aus hochwertigem Maskenbildnersilikon hergestellt<\/li>\n<\/ul>\n<p align=\"left\">Zum T\u00c4GLICHEN Gebrauch empfehlen wir unseren <a href=\"https:\/\/www.donaulife.com\/beliebte-marken\/cleanu\/clean-u-screen-urin-im-beutel-25ml\/\" target=\"_blank\" rel=\"noopener\">Anti-Paranoia-Pack!<\/a><\/p>\n<p align=\"left\">Lieferumfang: 1x ScreenyWeeny 6.0, 2x 80 ml synthetischer Urin mit unterschiedlichen Werten, 1x leerer Beutel (zum \u00dcben oder f\u00fcr Fremdurin), 1x Thermobeutel (zum Warmhalten und Befestigen), 2x Heizkissen, 1x selbstklebender Temperaturstrip (wiederverwendbar), 1 x Spritze (20 ml) zum Bef\u00fcllen des Leerbeutels, internationale Gebrauchsanleitung auf der Verpackung.<\/p>\n<p align=\"left\">Beim Erstgebrauch oder Austausch des Urinbeutels muss der Schlauch und die Steckverbindung komplett trocken sein und mit etwas Druck zusammengesteckt werden.<\/p>\n<p align=\"left\">* CleanUrin darf nicht benutzt werden, um Drogentests \/ Kontrollen \/ Untersuchungen \/ etc. zu manipulieren. Wir bitten unsere Kunden sich an alle geltenden Gesetze zu halten.<\/p>\n<p>&nbsp;<\/p>\n<p><iframe title=\"Mai von Rotzepiml erkl\u00e4rt den SCREENYWEENY von CleanU\" width=\"500\" height=\"281\" src=\"https:\/\/www.youtube.com\/embed\/vwgOSDxy-fQ?feature=oembed\" frameborder=\"0\" allow=\"accelerometer; autoplay; clipboard-write; encrypted-media; gyroscope; picture-in-picture; web-share\" referrerpolicy=\"strict-origin-when-cross-origin\" allowfullscreen><\/iframe><\/p>\n<h3>\u00dcber Clean U:<\/h3>\n<h3>Besteht CleanUrin einen Urin-Verf\u00e4lschungstest?<\/h3>\n<p>Ja, er besteht alle g\u00e4ngigen Verf\u00e4lschungstests!<\/p>\n<h3>Kann man feststellen, dass es synthetischer Urin ist?<\/h3>\n<p>Seit 2008 ist uns noch kein Fall bekannt.<\/p>\n<h3>Kann der Befund das Geschlecht oder eine Schwangerschaft anzeigen?<\/h3>\n<p>Nein, CleanUrin ist vollsynthetisch und kommt aus dem Labor. Unterschiede bei den Geschlechtern bestehen nur in der Pubert\u00e4t oder bei Schwangerschaft. Danach gibt es einen Schnittwert, den Frauen &amp; M\u00e4nner haben k\u00f6nnen.<\/p>\n<h3>Mit welcher Temperatur kommt echter Urin aus dem K\u00f6rper?<\/h3>\n<p>Die Temperatur von echtem Urin liegt beim verlassen des K\u00f6rpers zwischen 33 und 34\u00b0.<\/p>\n<h3>Was bedeutet pH-Wert?<\/h3>\n<p>Der pH-Wert ist ein Ma\u00df f\u00fcr den sauren oder basischen Charakter einer Fl\u00fcssigkeit. Je nach Ern\u00e4hrung \u00e4ndert sich dieser Wert im menschlichen Urin.<\/p>\n<h3>Was ist der Kreatinin-Wert?<\/h3>\n<p>Kreatinin ist ein Stoffwechselprodukt, welches durch den Harn ausgeschieden werden muss. Dieser Wert schwankt durch Faktoren wie Ern\u00e4hrung und Nierenleistung.<\/p>\n<h3>Wie ist die Haltbarkeit und Aufbewahrung, wenn der Beutel angebrochen und bereits erw\u00e4rmt wurde?<\/h3>\n<p>&#8211;\u00a0<strong>Clean Urin (25ml)<\/strong>\u00a0ist originalverschlossen und ungek\u00fchlt mindestens 3 Jahre haltbar. Der Beutel kann problemlos mehrfach erw\u00e4rmt und abgek\u00fchlt werden. Nach dem \u00d6ffnen sollte der Urin z\u00fcgig verwendet werden.<\/p>\n<p>&#8211;\u00a0<strong>Screen Urin (80 ml)<\/strong>\u00a0sollte nach dem \u00d6ffnen mit m\u00f6glichst wenig Luftkontakt im K\u00fchlschrank lagern. Bei Wiederbenutzung: Sichtpr\u00fcfung, wenn der Urin tr\u00fcb ist oder Flocken sichtbar sind, ist er verdorben. Erf\u00fcllt der Screen Urin all diese Kriterien, ist er ohne Bedenken wiederbenutzbar.<\/p>\n<h3>Lassen sich CleanUrin Beutel leicht \u00f6ffnen?<\/h3>\n<p>Ja, sie haben zwei \u00d6ffnungen an den Seiten, die sich auch mit schwitzigen H\u00e4nden leicht \u00f6ffnen lassen.<\/p>\n<h3>Ist CleanUrin und dessen Besitz illegal?<\/h3>\n<p>Nein, das Mitf\u00fchren von CleanUrin ist nicht strafbar.<\/p>\n<h3>Wann Anti-Paranoia-Pack und wann ScreenyWeeny?<\/h3>\n<p>Der Anti-Paranoia-Pack wurde f\u00fcr den t\u00e4glichen mobilen Gebrauch und zur Vorsorge entwickelt. Der ScreenyWeeny ist praktisch zur Nachsorge.<\/p>\n<h3>Warum ist der ScreenyWeeny in der Farbe white\/mulatte dunkler als die normale Hautfarbe?<\/h3>\n<p>Weil Penisse im nicht erigierten Zustand dunkler sind.<\/p>\n","protected":false},"excerpt":{"rendered":"<p>ScreenyWeeny 6.0 \u2013 der voll funktionsf\u00e4hige &amp; t\u00e4uschend echte Silikon-Fake-Penis Authentischer Fake Penis inklusive 2 x 80 ml Clean Urin<\/p>\n","protected":false},"featured_media":37800,"comment_status":"open","ping_status":"open","template":"","meta":{"_acf_changed":false},"product_cat":[2489,2872,2451],"product_tag":[2873,2874],"acf":[],"_links":{"self":[{"href":"https:\/\/donaulife-new.ogrisdigital.at\/da\/wp-json\/wp\/v2\/product\/54242"}],"collection":[{"href":"https:\/\/donaulife-new.ogrisdigital.at\/da\/wp-json\/wp\/v2\/product"}],"about":[{"href":"https:\/\/donaulife-new.ogrisdigital.at\/da\/wp-json\/wp\/v2\/types\/product"}],"replies":[{"embeddable":true,"href":"https:\/\/donaulife-new.ogrisdigital.at\/da\/wp-json\/wp\/v2\/comments?post=54242"}],"wp:featuredmedia":[{"embeddable":true,"href":"https:\/\/donaulife-new.ogrisdigital.at\/da\/wp-json\/wp\/v2\/media\/37800"}],"wp:attachment":[{"href":"https:\/\/donaulife-new.ogrisdigital.at\/da\/wp-json\/wp\/v2\/media?parent=54242"}],"wp:term":[{"taxonomy":"product_cat","embeddable":true,"href":"https:\/\/donaulife-new.ogrisdigital.at\/da\/wp-json\/wp\/v2\/product_cat?post=54242"},{"taxonomy":"product_tag","embeddable":true,"href":"https:\/\/donaulife-new.ogrisdigital.at\/da\/wp-json\/wp\/v2\/product_tag?post=54242"}],"curies":[{"name":"wp","href":"https:\/\/api.w.org\/{rel}","templated":true}]}}